{"id":96,"date":"2020-03-08T15:55:42","date_gmt":"2020-03-08T14:55:42","guid":{"rendered":"http:\/\/krippenspiele.d-hauser.com\/?page_id=96"},"modified":"2020-03-08T18:46:03","modified_gmt":"2020-03-08T17:46:03","slug":"rudelzhausener-kr-1","status":"publish","type":"page","link":"https:\/\/krippenspiele.d-hauser.com\/?page_id=96","title":{"rendered":"Rudelzhausener Kr. 1"},"content":{"rendered":"\n<h2 class=\"wp-block-heading\">Rudelzhausener Weihnachtsspiel 2003<\/h2>\n\n\n\n<p><strong>Lied<\/strong> Oh, du Fr\u00f6hliche<\/p>\n\n\n\n<p>Hirten sprechen zu den Kirchenbesuchern<\/p>\n\n\n\n<p><em>Hirte:<\/em><\/p>\n\n\n\n<p>Habt ihrs geh\u00f6rt \u2013 Wir singen weil wir fr\u00f6hlich sind und warum? \u2013 na klar, Jesus ist geboren und heute feiern wir wieder dieses gro\u00dfe Geburtstagsfest.<\/p>\n\n\n\n<p><em>Hirte:<\/em><\/p>\n\n\n\n<p>Nun erf\u00fcllt sich was verk\u00fcndet der Erzengel Gabriel. Mit Gabriel dem Engel, der zu Maria kam, hat die Geschichte angefangen. Er sagte ihr, sie wird ein Kind auf die Welt bringen.<\/p>\n\n\n\n<p><em>Hirte:<\/em><\/p>\n\n\n\n<p>Dieses Kind, und das ist Jesus, hatte gleich nach seiner Geburt Besuch bekommen \u2013 und zwar von Leuten, die geh\u00f6rt haben, dass dieser Jesus ein ganz besonderer Mensch ist. Er ist der Mesias, der Heiland.<\/p>\n\n\n\n<p><em>Hirte:<\/em><\/p>\n\n\n\n<p>Heiland \u2013 da steckt noch ein anderes Wort drin \u2013 und zwar Heil. Heilen ist etwas Wunderbares. Wenn man geheilt wird, dann geht es einem wieder gut. Man kann aber nicht nur von einer Krankheit geheilt werden, sondern auch von der Traurigkeit. Jesus hat die Menschen wieder gesund gemacht, aber auch fr\u00f6hlich.<\/p>\n\n\n\n<p><em>Hirte:<\/em><\/p>\n\n\n\n<p>Doch jetzt seht selbst, was wir erlebt haben \u2013 damals in Bethlehem.<\/p>\n\n\n\n<p><strong>Lied<\/strong> Als ich bei meinen Schafen wachte<\/p>\n\n\n\n<p>Hirten gehen zum Schlafplatz<\/p>\n\n\n\n<p><em>Hirte:<\/em><\/p>\n\n\n\n<p>He, ich kann nicht mehr schlafen.<\/p>\n\n\n\n<p><em>Hirte:<\/em><\/p>\n\n\n\n<p>Ich schlaf schon lange nicht mehr.<\/p>\n\n\n\n<p><em>Hirte:<\/em><\/p>\n\n\n\n<p>Mensch, war das ein Traum. Das erste mal, dass ich nicht gefroren habe. Alles war so warm und so hell. Und ein Mann ist mir im Traum begegnet \u2013 hat seine Arme um mich gelegt und hat mich gefragt, wie s mir geht.<\/p>\n\n\n\n<p><em>Hirte: <\/em><\/p>\n\n\n\n<p>Wann hat sich schon jemand um dich gek\u00fcmmert.<\/p>\n\n\n\n<p><em>Hirte: <\/em><\/p>\n\n\n\n<p>Ihr werdet es nicht glauben \u2013 aber bei mir war es auch ganz hell. Und das Sch\u00f6nste war, das ich das erste mal wieder normal gehen hab k\u00f6nnen in meinem Traum \u2013 als wie mein rechter Fu\u00df w\u00e4r wieder geheilt.<\/p>\n\n\n\n<p><em>Hirte:<\/em><\/p>\n\n\n\n<p>Wegen dem Licht bin ich schon vor euch aufgewacht. Dieses Licht das dr\u00fcben war vorher noch viel heller \u2013 aber jetzt ist es immer noch da. S e h t da \u2026.<\/p>\n\n\n\n<p><em>Engel:<\/em><\/p>\n\n\n\n<p>F\u00fcrchtet Euch nicht! Ich verk\u00fcnde euch eine gro\u00dfe Freude: , die dem ganzen Volk zuteil werden soll: Heute ist euch in der Stadt Davids der Retter geboren \u2013 er ist der Messias, der Herr. Und as soll euch das Zeichen dienen:<\/p>\n\n\n\n<p>Ihr werdet ein Kind finden, das, in Windeln gewickelt, in einer Krippe liegt.<\/p>\n\n\n\n<p>Chor von Engel: singen Verherrlicht ist Gott in der H\u00f6he, und auf Erden ist Friede bei den Menschen seiner Gnade.<\/p>\n\n\n\n<p>Macht euch auf den Weg und seid Boten!<\/p>\n\n\n\n<p>Hirten gehen weg \u2013 Sakristei-<\/p>\n\n\n\n<p>Zwei R\u00f6mer mit Trommeln kommen<\/p>\n\n\n\n<p><em>R\u00f6mer:<\/em><\/p>\n\n\n\n<p>H\u00f6rt, ihr Leute von Nazareth \u2013 Auf Befehl unseres und eures Kaisers muss sich jeder im ganzen Land aufschreiben und z\u00e4hlen lassen \u2013 ein jeder in seinem Heimatort.<\/p>\n\n\n\n<p>Trommeln sind noch zu h\u00f6ren &#8211; R\u00f6mer gehen &#8211; in Sakristei \u2013<\/p>\n\n\n\n<p><em>Sprecher:<\/em><\/p>\n\n\n\n<p>Maria und Josef machten sich also auf den Weg noch Bethlehem. Denn von dort stammt Josef her und eben an diesem Ort mussten sie sch auch melden und aufschreiben lassen. Der Weg war lange und beschwerlich. Vor allem weil Maria schwanger war und so auch noch ein ungeborgenes Kind tragen musste. Dieses Kind wird Jesus hei\u00dfen und der Messias, der Helfer aller Menschen sein.<\/p>\n\n\n\n<p>Maria und Josef ziehen von hinten in die Kirche ein.<\/p>\n\n\n\n<p>W e g e m u s i k<\/p>\n\n\n\n<p>Endlich angekommen \u2013 diese Stadt ist also Bethlehem. Doch wo \u00fcbernachten sie heute? Dort eine Herberge! Sie klopfen an.<\/p>\n\n\n\n<p>Dies war nicht die einzige Herberge, wo sie fragten, ob es f\u00fcr sie einen Platz gibt. Keiner wollte sie haben. So blieb ihnen nichts anderes \u00fcbrig als weiter zu suchen. Hauptsache ein Dach \u00fcber dem Kopf. Ein alter Stall war die letzte M\u00f6glichkeit. Sie fanden dort einen Ochs und eigne Esel. Die hatten nichts dagegen, dass sich zu ihnen auch noch zwei Menschen gesellten. Nein drei, denn Jesus kam nun auf die Welt.<\/p>\n\n\n\n<p><strong>Lied<\/strong>: Zu Bethlehem geboren<\/p>\n\n\n\n<p>Hirten ziehen von hinten in die Kirche ein.<\/p>\n\n\n\n<p>Hirten sprechen wieder zu den Kirchenbesuchern<\/p>\n\n\n\n<p><em>Hirte:<\/em><\/p>\n\n\n\n<p>Es war so still \u2013 und manchmal denke ich mir, wie laut es bei uns ist \u2013 in der Schule, zu Hause, in den Gesch\u00e4ften und Weihnachtsfeiern im Advent. F\u00fcr viele ist Weihnachten eine hektische Zeit. Bis man da alle Geschenke gekauft hat. In Bethlehem aber war es ganz still.<\/p>\n\n\n\n<p><em>Hirte:<\/em><\/p>\n\n\n\n<p>Jesus war nie laut in seinem Leben,. Er hat selber viel geh\u00f6rt \u2013 auf die anderen Menschen- und vor allem was sie bbrachten. Er war ein Mensch f\u00fcr andere Menschen und hat ihnen geholfen. Er hat ihnen L i e b e geschenkt.<\/p>\n\n\n\n<p><em>Hirte:<\/em><\/p>\n\n\n\n<p>Ach deshalb schenken sich die Leute was zu Weihnachten.<\/p>\n\n\n\n<p><em>Hirte: <\/em><\/p>\n\n\n\n<p>Manchmal schenken sie nur Geschenke weil es halt so Brauch ist.<\/p>\n\n\n\n<p><em>Hirte: <\/em><\/p>\n\n\n\n<p>Ich glaube, Jesus will, dass wir auch verstehen, warum wir Weihnachten.<\/p>\n\n\n\n<p><em>Josef spricht zu den Kirchenbesuchern<\/em><\/p>\n\n\n\n<p>Liebe Kinder, liebe M\u00fctter und V\u00e4ter, liebe Omas und Opas. Wir haben gespielt, wie Jesus geboren wurde. Und nun feiern wir seine Geburt in der heiligen Messe.<\/p>\n\n\n\n<p><em>Maria:<\/em><\/p>\n\n\n\n<p>Macht die Herzen auf, damit Christus auch in uns geboren wird. Schenkt allen diese Weihnachtsfreude! Lasst uns zu Boten der Liebe werden.<\/p>\n\n\n\n<p>\u00d6ffne unsere Augen, dass wir sehen, wo ein anderer Hilfe braucht.<\/p>\n\n\n\n<p>\u00d6ffne unsere Ohren, dass wir h\u00f6ren, worum ein anderer bittet.<\/p>\n\n\n\n<p>\u00d6ffne unser Herz, dass wir anderen Zeit und Liebe schenken.<\/p>\n\n\n\n<p><strong>Lied:<\/strong> Es ist ein Ros entsprungen.<\/p>\n","protected":false},"excerpt":{"rendered":"<div class=\"mh-excerpt\"><p>Rudelzhausener Weihnachtsspiel 2003 Lied Oh, du Fr\u00f6hliche Hirten sprechen zu den Kirchenbesuchern Hirte: Habt ihrs geh\u00f6rt \u2013 Wir singen weil wir fr\u00f6hlich sind und warum? \u2013 na klar, Jesus ist geboren und heute feiern wir <a class=\"mh-excerpt-more\" href=\"https:\/\/krippenspiele.d-hauser.com\/?page_id=96\" title=\"Rudelzhausener Kr. 1\">[&#8230;]<\/a><\/p>\n<\/div>","protected":false},"author":1,"featured_media":0,"parent":2,"menu_order":0,"comment_status":"closed","ping_status":"closed","template":"","meta":{"footnotes":""},"class_list":["post-96","page","type-page","status-publish"],"_links":{"self":[{"href":"https:\/\/krippenspiele.d-hauser.com\/index.php?rest_route=\/wp\/v2\/pages\/96","targetHints":{"allow":["GET"]}}],"collection":[{"href":"https:\/\/krippenspiele.d-hauser.com\/index.php?rest_route=\/wp\/v2\/pages"}],"about":[{"href":"https:\/\/krippenspiele.d-hauser.com\/index.php?rest_route=\/wp\/v2\/types\/page"}],"author":[{"embeddable":true,"href":"https:\/\/krippenspiele.d-hauser.com\/index.php?rest_route=\/wp\/v2\/users\/1"}],"replies":[{"embeddable":true,"href":"https:\/\/krippenspiele.d-hauser.com\/index.php?rest_route=%2Fwp%2Fv2%2Fcomments&post=96"}],"version-history":[{"count":1,"href":"https:\/\/krippenspiele.d-hauser.com\/index.php?rest_route=\/wp\/v2\/pages\/96\/revisions"}],"predecessor-version":[{"id":97,"href":"https:\/\/krippenspiele.d-hauser.com\/index.php?rest_route=\/wp\/v2\/pages\/96\/revisions\/97"}],"up":[{"embeddable":true,"href":"https:\/\/krippenspiele.d-hauser.com\/index.php?rest_route=\/wp\/v2\/pages\/2"}],"wp:attachment":[{"href":"https:\/\/krippenspiele.d-hauser.com\/index.php?rest_route=%2Fwp%2Fv2%2Fmedia&parent=96"}],"curies":[{"name":"wp","href":"https:\/\/api.w.org\/{rel}","templated":true}]}}