{"id":88,"date":"2020-03-08T15:51:58","date_gmt":"2020-03-08T14:51:58","guid":{"rendered":"http:\/\/krippenspiele.d-hauser.com\/?page_id=88"},"modified":"2020-03-08T18:45:37","modified_gmt":"2020-03-08T17:45:37","slug":"patricia-winter-1","status":"publish","type":"page","link":"https:\/\/krippenspiele.d-hauser.com\/?page_id=88","title":{"rendered":"Patricia Winter 1"},"content":{"rendered":"\n<h2 class=\"wp-block-heading\"><strong>Ich trag in die Welt ein Licht<\/strong><\/h2>\n\n\n\n<p>Maria und Josef<\/p>\n\n\n\n<p>Engel<\/p>\n\n\n\n<p>Hirtenbub und Hirtenm\u00e4del<\/p>\n\n\n\n<p><em>Josef steht bei Maria im Stall und erz\u00e4hlt dem Publikum.<\/em><\/p>\n\n\n\n<p>Josef:&nbsp;&nbsp;&nbsp;&nbsp;&nbsp;&nbsp;&nbsp;&nbsp;&nbsp;&nbsp; Vom Kaiser kam aus Rom Befehl<\/p>\n\n\n\n<p>&nbsp;&nbsp;&nbsp;&nbsp;&nbsp;&nbsp;&nbsp;&nbsp;&nbsp;&nbsp;&nbsp;&nbsp;&nbsp;&nbsp;&nbsp;&nbsp;&nbsp;&nbsp;&nbsp; Volksz\u00e4hlung sei&nbsp; in Israel.<\/p>\n\n\n\n<p>&nbsp;&nbsp;&nbsp;&nbsp;&nbsp;&nbsp;&nbsp;&nbsp;&nbsp;&nbsp;&nbsp;&nbsp;&nbsp;&nbsp;&nbsp;&nbsp;&nbsp;&nbsp;&nbsp; Ein jeder gehe in die Stadt,<\/p>\n\n\n\n<p>&nbsp;&nbsp;&nbsp;&nbsp;&nbsp;&nbsp;&nbsp;&nbsp;&nbsp;&nbsp;&nbsp;&nbsp;&nbsp;&nbsp;&nbsp;&nbsp;&nbsp;&nbsp;&nbsp; in der er seine Heimat hat.<\/p>\n\n\n\n<p>&nbsp;&nbsp;&nbsp;&nbsp;&nbsp;&nbsp;&nbsp;&nbsp;&nbsp;&nbsp;&nbsp;&nbsp;&nbsp;&nbsp;&nbsp;&nbsp;&nbsp;&nbsp;&nbsp; In Bethlehem war f\u00fcr uns zwei<\/p>\n\n\n\n<p>Auch nicht die kleinste Kammer frei.<\/p>\n\n\n\n<p>Geht weiter \u2013 hie\u00df es \u00fcberall.<\/p>\n\n\n\n<p>Wir fanden nur noch Platz im Stall.<\/p>\n\n\n\n<p>Dort hat Maria in der Nacht<\/p>\n\n\n\n<p>Das Jesuskind zur Welt gebracht.<\/p>\n\n\n\n<h3 class=\"wp-block-heading\">Maria:&nbsp;&nbsp;&nbsp;&nbsp;&nbsp;&nbsp;&nbsp;&nbsp;&nbsp; So sitz` ich nun mit meinem Kind<\/h3>\n\n\n\n<p>&nbsp;&nbsp;&nbsp;&nbsp;&nbsp;&nbsp;&nbsp;&nbsp;&nbsp;&nbsp;&nbsp;&nbsp;&nbsp;&nbsp;&nbsp;&nbsp;&nbsp;&nbsp;&nbsp; Im Stall bei Esel, Schaf und Rind.<\/p>\n\n\n\n<p>&nbsp;&nbsp;&nbsp;&nbsp;&nbsp;&nbsp;&nbsp;&nbsp;&nbsp;&nbsp;&nbsp;&nbsp;&nbsp;&nbsp;&nbsp;&nbsp;&nbsp;&nbsp;&nbsp; Wir brauchen keinen Lampenschein,<\/p>\n\n\n\n<p>&nbsp;&nbsp;&nbsp;&nbsp;&nbsp;&nbsp;&nbsp;&nbsp;&nbsp;&nbsp;&nbsp;&nbsp;&nbsp;&nbsp;&nbsp;&nbsp;&nbsp;&nbsp;&nbsp; die Sterne leuchten hell herein.<\/p>\n\n\n\n<p><em>Die Hirten sitzen am Feld staunen.<\/em><\/p>\n\n\n\n<p>Hirtenbub:&nbsp;&nbsp; Kommt und seht!<\/p>\n\n\n\n<p>&nbsp;&nbsp;&nbsp;&nbsp;&nbsp;&nbsp;&nbsp;&nbsp;&nbsp;&nbsp;&nbsp;&nbsp;&nbsp;&nbsp;&nbsp;&nbsp;&nbsp;&nbsp;&nbsp; Den Stern, der da am Himmel steht.<\/p>\n\n\n\n<p>&nbsp;&nbsp;&nbsp;&nbsp;&nbsp;&nbsp;&nbsp;&nbsp;&nbsp;&nbsp;&nbsp;&nbsp;&nbsp;&nbsp;&nbsp;&nbsp;&nbsp;&nbsp;&nbsp; Und h\u00f6rt das wunderbare Klingen,<\/p>\n\n\n\n<p>&nbsp;&nbsp;&nbsp;&nbsp;&nbsp;&nbsp;&nbsp;&nbsp;&nbsp;&nbsp;&nbsp;&nbsp;&nbsp;&nbsp;&nbsp;&nbsp;&nbsp;&nbsp;&nbsp; es ist als ob die Engel singen!<\/p>\n\n\n\n<p>Engel:&nbsp;&nbsp;&nbsp;&nbsp;&nbsp;&nbsp;&nbsp;&nbsp;&nbsp; F\u00fcrchtet euch nicht!<\/p>\n\n\n\n<p>&nbsp;&nbsp;&nbsp;&nbsp;&nbsp;&nbsp;&nbsp;&nbsp;&nbsp;&nbsp;&nbsp;&nbsp;&nbsp;&nbsp;&nbsp;&nbsp;&nbsp;&nbsp;&nbsp; Gro\u00dfe Freude soll ich verk\u00fcnden.<\/p>\n\n\n\n<p>&nbsp;&nbsp;&nbsp;&nbsp;&nbsp;&nbsp;&nbsp;&nbsp;&nbsp;&nbsp;&nbsp;&nbsp;&nbsp;&nbsp;&nbsp;&nbsp;&nbsp;&nbsp;&nbsp; Ihr werdet ein Kind bald finden.<\/p>\n\n\n\n<p>Der Sohn Gottes wurde geboren im Stall<\/p>\n\n\n\n<p>&nbsp;&nbsp;&nbsp;&nbsp;&nbsp;&nbsp;&nbsp;&nbsp;&nbsp;&nbsp;&nbsp;&nbsp;&nbsp;&nbsp;&nbsp;&nbsp;&nbsp;&nbsp;&nbsp; Und ruft zu sich die Menschen all.<\/p>\n\n\n\n<p>Hirtenbub:&nbsp;&nbsp; Ein g\u00f6ttliches Kind? In einem Stall?<\/p>\n\n\n\n<p>&nbsp;&nbsp;&nbsp;&nbsp;&nbsp;&nbsp;&nbsp;&nbsp;&nbsp;&nbsp;&nbsp;&nbsp;&nbsp;&nbsp;&nbsp;&nbsp;&nbsp;&nbsp;&nbsp; Das glaub ich nicht, auf keinen Fall!<\/p>\n\n\n\n<p>Hirtenm\u00e4del: Du wirst schon sehn, es stimmt, was er spricht.<\/p>\n\n\n\n<p>&nbsp;&nbsp;&nbsp;&nbsp;&nbsp;&nbsp;&nbsp;&nbsp;&nbsp;&nbsp;&nbsp;&nbsp;&nbsp;&nbsp;&nbsp;&nbsp;&nbsp;&nbsp;&nbsp; Denn Engel, mein Lieber,&nbsp; l\u00fcgen nicht.<\/p>\n\n\n\n<p><em>Die Hirten machen sich auf den Weg. Einer der beiden musiziert leise.<\/em><\/p>\n\n\n\n<p>Josef:&nbsp;&nbsp;&nbsp;&nbsp;&nbsp;&nbsp;&nbsp;&nbsp;&nbsp;&nbsp; Es kommen Leut auf die H\u00fctte zu.<\/p>\n\n\n\n<p>&nbsp;&nbsp;&nbsp;&nbsp;&nbsp;&nbsp;&nbsp;&nbsp;&nbsp;&nbsp;&nbsp;&nbsp;&nbsp;&nbsp;&nbsp;&nbsp;&nbsp;&nbsp;&nbsp; Mitten in der Nacht, was wollen die nur?<\/p>\n\n\n\n<p>Maria:&nbsp;&nbsp;&nbsp;&nbsp;&nbsp;&nbsp;&nbsp;&nbsp;&nbsp; Die haben keine Angst vor dem kalten Wind.<\/p>\n\n\n\n<p>&nbsp;&nbsp;&nbsp;&nbsp;&nbsp;&nbsp;&nbsp;&nbsp;&nbsp;&nbsp;&nbsp;&nbsp;&nbsp;&nbsp;&nbsp;&nbsp;&nbsp;&nbsp;&nbsp; Ich glaube, die kommen zu unserem Kind.<\/p>\n\n\n\n<p>Josef:&nbsp;&nbsp;&nbsp;&nbsp;&nbsp;&nbsp;&nbsp;&nbsp;&nbsp; Maria, schau, wie\u00b4s Kind die H\u00e4nde streckt, die s\u00fc\u00dfen,<\/p>\n\n\n\n<p>&nbsp;&nbsp;&nbsp;&nbsp;&nbsp;&nbsp;&nbsp;&nbsp;&nbsp;&nbsp;&nbsp;&nbsp;&nbsp;&nbsp;&nbsp;&nbsp;&nbsp;&nbsp;&nbsp; grad so, als wollt es liebe G\u00e4ste begr\u00fc\u00dfen.<\/p>\n\n\n\n<p><em>Die Hirten knien sich zur Krippe<\/em>.<\/p>\n\n\n\n<p>Hirtenm\u00e4del: Da hast meine M\u00fctze, die ist noch recht gut,<\/p>\n\n\n\n<p>damit dir am Kopferl nicht frieren tut.<\/p>\n\n\n\n<p>Hirtenbub:&nbsp;&nbsp; Kommt\u00b4s her ihr Leut, schaut\u00b4s&nbsp; Kind euch an<\/p>\n\n\n\n<p>Und stimmt ein Liedel mit uns an!<\/p>\n\n\n\n<p><em>Die Hirten spielen ein kurzes Lied auf der Fl\u00f6te.<\/em><\/p>\n\n\n\n<p>Maria:&nbsp;&nbsp;&nbsp;&nbsp;&nbsp;&nbsp;&nbsp;&nbsp;&nbsp; Habt Dank, ihr guten Hirten mein,<\/p>\n\n\n\n<p>&nbsp;&nbsp;&nbsp;&nbsp;&nbsp;&nbsp;&nbsp;&nbsp;&nbsp;&nbsp;&nbsp;&nbsp;&nbsp;&nbsp;&nbsp;&nbsp;&nbsp;&nbsp;&nbsp; f\u00fcr Geschenk und Lied so fein.<\/p>\n\n\n\n<p>Josef:&nbsp;&nbsp;&nbsp;&nbsp;&nbsp;&nbsp;&nbsp;&nbsp;&nbsp;&nbsp; Gott, der Vater auf h\u00f6chstem Thron,<\/p>\n\n\n\n<p>&nbsp;&nbsp;&nbsp;&nbsp;&nbsp;&nbsp;&nbsp;&nbsp;&nbsp;&nbsp;&nbsp;&nbsp;&nbsp;&nbsp;&nbsp;&nbsp;&nbsp;&nbsp;&nbsp; wird euch den Himmel schenken als Lohn.<\/p>\n\n\n\n<p><em>Maria und Josef z\u00fcnden je eine kleine Kerze an und singen.<\/em><\/p>\n\n\n\n<p>Ich trage zur &#8230;&#8230;&#8230;&#8230;ein Licht.<\/p>\n\n\n\n<p>&nbsp;&nbsp;&nbsp;&nbsp;&nbsp;&nbsp;&nbsp;&nbsp;&nbsp; Es leuchtet f\u00fcr dich und f\u00fcr mich.<\/p>\n\n\n\n<p>&nbsp;&nbsp;&nbsp;&nbsp;&nbsp;&nbsp;&nbsp;&nbsp;&nbsp; Sein warmer, heller Schein<\/p>\n\n\n\n<p>&nbsp;&nbsp;&nbsp;&nbsp;&nbsp;&nbsp;&nbsp;&nbsp;&nbsp; Sagt dir: Du sollst fr\u00f6hlich sein.<\/p>\n\n\n\n<p>&nbsp;&nbsp;&nbsp;&nbsp;&nbsp;&nbsp;&nbsp;&nbsp;&nbsp; u.s.w. &#8230;<\/p>\n","protected":false},"excerpt":{"rendered":"<div class=\"mh-excerpt\"><p>Ich trag in die Welt ein Licht Maria und Josef Engel Hirtenbub und Hirtenm\u00e4del Josef steht bei Maria im Stall und erz\u00e4hlt dem Publikum. Josef:&nbsp;&nbsp;&nbsp;&nbsp;&nbsp;&nbsp;&nbsp;&nbsp;&nbsp;&nbsp; Vom Kaiser kam aus Rom Befehl &nbsp;&nbsp;&nbsp;&nbsp;&nbsp;&nbsp;&nbsp;&nbsp;&nbsp;&nbsp;&nbsp;&nbsp;&nbsp;&nbsp;&nbsp;&nbsp;&nbsp;&nbsp;&nbsp; Volksz\u00e4hlung sei&nbsp; in <a class=\"mh-excerpt-more\" href=\"https:\/\/krippenspiele.d-hauser.com\/?page_id=88\" title=\"Patricia Winter 1\">[&#8230;]<\/a><\/p>\n<\/div>","protected":false},"author":1,"featured_media":0,"parent":2,"menu_order":0,"comment_status":"closed","ping_status":"closed","template":"","meta":{"footnotes":""},"class_list":["post-88","page","type-page","status-publish"],"_links":{"self":[{"href":"https:\/\/krippenspiele.d-hauser.com\/index.php?rest_route=\/wp\/v2\/pages\/88","targetHints":{"allow":["GET"]}}],"collection":[{"href":"https:\/\/krippenspiele.d-hauser.com\/index.php?rest_route=\/wp\/v2\/pages"}],"about":[{"href":"https:\/\/krippenspiele.d-hauser.com\/index.php?rest_route=\/wp\/v2\/types\/page"}],"author":[{"embeddable":true,"href":"https:\/\/krippenspiele.d-hauser.com\/index.php?rest_route=\/wp\/v2\/users\/1"}],"replies":[{"embeddable":true,"href":"https:\/\/krippenspiele.d-hauser.com\/index.php?rest_route=%2Fwp%2Fv2%2Fcomments&post=88"}],"version-history":[{"count":1,"href":"https:\/\/krippenspiele.d-hauser.com\/index.php?rest_route=\/wp\/v2\/pages\/88\/revisions"}],"predecessor-version":[{"id":89,"href":"https:\/\/krippenspiele.d-hauser.com\/index.php?rest_route=\/wp\/v2\/pages\/88\/revisions\/89"}],"up":[{"embeddable":true,"href":"https:\/\/krippenspiele.d-hauser.com\/index.php?rest_route=\/wp\/v2\/pages\/2"}],"wp:attachment":[{"href":"https:\/\/krippenspiele.d-hauser.com\/index.php?rest_route=%2Fwp%2Fv2%2Fmedia&parent=88"}],"curies":[{"name":"wp","href":"https:\/\/api.w.org\/{rel}","templated":true}]}}