{"id":79,"date":"2020-03-08T15:47:46","date_gmt":"2020-03-08T14:47:46","guid":{"rendered":"http:\/\/krippenspiele.d-hauser.com\/?page_id=79"},"modified":"2020-03-08T18:45:06","modified_gmt":"2020-03-08T17:45:06","slug":"michael-buchmueller-1","status":"publish","type":"page","link":"https:\/\/krippenspiele.d-hauser.com\/?page_id=79","title":{"rendered":"Michael Buchm\u00fcller 1"},"content":{"rendered":"\n<h2 class=\"wp-block-heading\"><strong>Licht der Welt<\/strong><\/h2>\n\n\n\n<p><strong>Sprecher<\/strong>: Im Anfang schuf Gott Himmel und Erde. Und die Erde war w\u00fcst und leer, und es war finster auf der Tiefe; und der Geist Gottes schwebte auf dem Wasser.<br>Und Gott sprach: Es werde Licht! und es ward Licht. Und Gott sah, dass das Licht gut war. Da schied Gott das Licht von der Finsternis und nannte das Licht Tag und die Finsternis Nacht. Da ward aus Abend und Morgen der erste Tag.<\/p>\n\n\n\n<p><strong>Kleiner Stern<\/strong> (kommt herein gerannt): Mami. Mami, ist es endlich so weit?<\/p>\n\n\n\n<p><strong>Mama Stern:<\/strong> Nein, mein Kind, noch nicht. Noch ist nicht Zeit. Du musst noch warten!<\/p>\n\n\n\n<p><strong>Kleiner Stern<\/strong>: Warten! Warten! Da sagst du jetzt schon sternentagelang. Und jeden Menschentag schau ich auf die Erde, und seit Wochen z\u00fcnden sie Kerzen an, alle sieben Tage. Sie haben angefangen mit einer, die steht auf so einem komischen gr\u00fcnen Kreis\u2026<\/p>\n\n\n\n<p><strong>Mama Stern<\/strong>: Das nennt man Adventskranz\u2026<\/p>\n\n\n\n<p><strong>Kleiner Stern<\/strong>: Ist mir egal, wie man das nennt. Und du hast gesagt: Wenn vier brennen, dann ist es so weit. Und seit zwei Menschentage brennen vier..<\/p>\n\n\n\n<p><strong>Mama Stern<\/strong>: Ja, das stimmt, seit vorgestern ist der vierte Advent, aber Weihnachten braucht noch etwas Zeit\u2026<\/p>\n\n\n\n<p><strong>Kleiner Stern<\/strong>: Dann hast du mich angelogen!<\/p>\n\n\n\n<p><strong>Mama Stern<\/strong>: Nein, habe ich nicht. Schau, die vierte Kerze z\u00fcnden die Menschen an einem&nbsp; Tag an, den sie Sonntag nennen, Weihnachten ist aber dieses Jahr an einem Dienstag, das ist zwei Menschentage sp\u00e4ter. Also heute!<\/p>\n\n\n\n<p><strong>Kleiner Stern<\/strong>: Heute? Dann ist es heute so weit?<\/p>\n\n\n\n<p><strong>Mama Stern<\/strong>: Ja, <strong>Kleiner Stern<\/strong>. Heute ist es so weit! Du musst nur noch warten, bis es ganz dunkel ist. Dann will der gro\u00dfe Stern uns verraten, was er vorhat!<\/p>\n\n\n\n<p><strong>Kleiner Stern<\/strong>: Schon wieder warten! Ich habe es satt zu warten! Es soll endlich losgehen!<\/p>\n\n\n\n<p><strong>Sprecher<\/strong>: Und Gott sprach: Es werden Lichter am Himmelszelt, die da scheiden Tag und Nacht und geben Zeichen, Zeiten, Tage und Jahre und seien Lichter am Himmelszelt, dass sie scheinen auf Erden. Und es geschah also. Und Gott machte zwei gro\u00dfe Lichter: ein gro\u00dfes Licht, das den Tag regiere, und ein kleines Licht, das die Nacht regiere, dazu auch Sterne. Und Gott setzte sie an das Himmelszelt, dass sie schienen auf die Erde und den Tag und die Nacht regierten und schieden Licht und Finsternis. Und Gott sah, dass es gut war. Da ward aus Abend und Morgen, der vierte Tag.<\/p>\n\n\n\n<p><strong>Gro\u00dfer Stern<\/strong>:&nbsp; (vor einer gro\u00dfen Anzahl von Sternen): Liebe versammelte Sternengemeinde! Ich habe ich heute hier zusammengerufen, um euch feierlich zu verk\u00fcnden, dass wir Sternenlichter dieses Jahr etwas Besonderes geplant haben f\u00fcr das gro\u00dfe Lichterfest der Menschen auf der Erde, das sie Weihnachten nennen.<\/p>\n\n\n\n<p><strong>Stern 1<\/strong>: Sie h\u00e4ngen ganz viele Lichter an Tannenb\u00e4ume.<\/p>\n\n\n\n<p><strong>Stern 2<\/strong>: Sogar ihre Stra\u00dfen sind seit Wochen hell erleuchtet.<\/p>\n\n\n\n<p><strong>Stern 3<\/strong>: Vor einigen Wochen sind die Kinder singend mit Laternen durch ihre Orte gezogen und haben Lieder gesungen.<\/p>\n\n\n\n<p><strong>Gro\u00dfer Stern<\/strong>: Ja, so wie jedes Jahr haben sie sich vorbereitet. Doch dieses Mal wollen wir ihnen zeigen, dass auch wir nicht unt\u00e4tig bleiben und deshalb\u2026.<\/p>\n\n\n\n<p><strong>Stern 4<\/strong>:\u2026brennen wir ein gro\u00dfes Feuerwerk ab.<\/p>\n\n\n\n<p><strong>Gro\u00dfer Stern<\/strong>: Nein, Feuerwerke&nbsp; m\u00f6gen die Menschen nicht mehr so, sie achten jetzt mehr auf die Umwelt!<\/p>\n\n\n\n<p><strong>Stern 5:<\/strong> Gut so! Dann werden wir diese Nacht einfach alle heller strahlen als sonst!<\/p>\n\n\n\n<p><strong>Gro\u00dfer Stern<\/strong>: Das ist eine bedenkenswerte Idee, aber ich habe anders entschieden: Wir schicken ihnen einen Stern. Diese Nacht. Weit leuchtend soll er \u00fcber den Himmel wandern\u2026<\/p>\n\n\n\n<p><strong>Stern ?<\/strong>: So wie damals, vor 2000 Menschenjahren, als du ihnen einen Komet geschickt hast?<\/p>\n\n\n\n<p><strong>Gro\u00dfer Stern<\/strong>: ja, genau, so \u00e4hnlich. Ich denke, die Menschen brauchen mal wieder ein Zeichen von uns hier oben.<\/p>\n\n\n\n<p><strong>Stern ?<\/strong>: Genau, die schauen&nbsp; n\u00e4mlich gar nicht mehr nach oben, sondern nur nach unten, auf ihre Handys.<\/p>\n\n\n\n<p><strong>Gro\u00dfer Stern<\/strong>: So ist es, und deshalb habe ich auch beim interstellaren Nebel nachgefragt. Der will uns helfen und f\u00fcr diese Nacht, alle Sendewellen so st\u00f6ren, dass kein Handy mehr funktioniert.<\/p>\n\n\n\n<p><strong>Stern ?<\/strong>: Dann werden Sie nach oben schauen.<\/p>\n\n\n\n<p><strong>Gro\u00dfer Stern<\/strong>: Hoffentlich, wir wollen sie beeindrucken, aber auch nicht erschrecken, deshalb habe ich Folgendes entschieden. <strong>Kleiner Stern<\/strong>, kannst du bitte vortreten?<\/p>\n\n\n\n<p><strong>Kleiner Stern<\/strong>: Ich? Du meinst wirklich mich?<\/p>\n\n\n\n<p><strong>Mama Stern<\/strong>: Siehst du, jetzt hat sich das Warten gelohnt\u2026Na, geh schon!<\/p>\n\n\n\n<p><strong>Gro\u00dfer Stern<\/strong>.&nbsp; Ja, <strong>Kleiner Stern<\/strong>, dich schicke ich auf die Erde, dass du leuchten m\u00f6gest am Himmelszelt, so dass die Menschen sehen, dass in dieser Nacht etwas Universelles geschehen ist. Beeindrucke sie! Lass sie staunen und den Blick heben! Lass sie gewahr werden, dass Gro\u00dfes vor sich geht!<\/p>\n\n\n\n<p><strong>Kleiner Stern<\/strong>: Du meinst, ich d\u00fcse mal so, zack, zack \u00fcber ihre K\u00f6pfe, ziehe einen ordentlichen Feuerschweif hinter mir her, und hui, sause so knapp \u00fcber ihre K\u00f6pfe, dass sie sich ducken m\u00fcssen\u2026?<\/p>\n\n\n\n<p><strong>Gro\u00dfer Stern<\/strong>: Nein, nein, <strong>Kleiner Stern<\/strong>, das machst du nicht. Im Gegenteil, du schwebst ganz vorsichtig, erhaben, weit oben, du glitzerst und gl\u00e4nzt sanft vor dich hin, du zeigst ihnen deine ganze Sch\u00f6nheit, du blendest sie nicht, aber das Licht soll sie ergreifen\u2026.<\/p>\n\n\n\n<p><strong>Kleiner Stern<\/strong>: Erhaben glitzern, sanft leuchten\u2026.geht klar, Chef. Das kann ich, das mach ich! Und los! (springt los!)<\/p>\n\n\n\n<p><strong>Gro\u00dfer Stern<\/strong>: Nein, warte. Ich muss dir noch sagen, dass du aufpassen musst\u2026<\/p>\n\n\n\n<p><strong>Mama Stern<\/strong>: Zu sp\u00e4t, <strong>Gro\u00dfer Stern<\/strong>. Er hat schon zu lange warten m\u00fcssen. Jetzt ist er einfach nicht mehr zu bremsen!<\/p>\n\n\n\n<p><strong>Stern ?<\/strong>: Seht nur, da: er trudelt!<\/p>\n\n\n\n<p><strong>Stern ?<\/strong>: O je, er stolpert\u2026<\/p>\n\n\n\n<p><strong>Stern ?<\/strong>: Und st\u00fcrzt in das Zeitloch\u2026<\/p>\n\n\n\n<p><strong>Stern ?<\/strong>: Und f\u00e4llt und f\u00e4llt\u2026<\/p>\n\n\n\n<p><strong>Gro\u00dfer Stern<\/strong> (\u00e4rgerlich): Das ist es, was ich ihm sagen wollte. Wenn er zu schnell losst\u00fcrmt, dann f\u00e4llt er aus der Zeit\u2026<\/p>\n\n\n\n<p><strong>Mama Stern<\/strong>: Zu sp\u00e4t! (off)<\/p>\n\n\n\n<p>Lied<\/p>\n\n\n\n<p>Neue Szene:<\/p>\n\n\n\n<p><strong>Kleiner Stern<\/strong> (taumelt, auf seinem Kopf leuchtet etwas) Wo bin ich? Was war denn das? (schaut sich um) ich bin auf dem\u2026. Boden? Und was\u2026ist\u2026mit meinem Kopf\u2026? Ich bin nur noch ein\u2026Licht?<\/p>\n\n\n\n<p>(Hirten kommen des Weges)<\/p>\n\n\n\n<p><strong>Hirte1<\/strong>: Ich habe dir gesagt, du sollst die Fackel mitnehmen!<\/p>\n\n\n\n<p><strong>Hirte2<\/strong>: Hab ich doch! Aber dann ist sie ausgegangen!<\/p>\n\n\n\n<p><strong>Hirte 3<\/strong>: Du bist ein Trottel!<\/p>\n\n\n\n<p><strong>Hirte2<\/strong>: Du h\u00e4ttest sie ja auch tragen k\u00f6nnen! Aber du warst ja mal wieder zu faul!<\/p>\n\n\n\n<p><strong>Hirte 3<\/strong>: halt dein Maul oder ich\u2026<\/p>\n\n\n\n<p><strong>Hirte1<\/strong>: Ruhe ihr beiden. Wenn ihr euch nicht vertragt, stopf ich euch in einen Sack und hau drauf. Da trifft es immer den richtigen\u2026Aber he, schaut mal\u2026was ist denn das? (kommen neugierig n\u00e4her!)<\/p>\n\n\n\n<p><strong>Hirte2<\/strong>: Was bist du denn?<\/p>\n\n\n\n<p><strong>Hirte 3<\/strong>: Und warum leuchtest du so komisch?<\/p>\n\n\n\n<p><strong>Kleiner Stern<\/strong>: Ich bin ein\u2026.Stern\u2026ich war\u2026ein Stern\u2026Jetzt bin ich nur noch\u2026ein Licht!<\/p>\n\n\n\n<p><strong>Hirte1<\/strong> (lacht): Na, ein Stern bist du sicher nicht, die gehen nicht zu Fu\u00df, auch wenn in dieser Nacht schon so manch Sonderliches passiert ist\u2026<\/p>\n\n\n\n<p><strong>Hirte2<\/strong>: Stell dir vor: Vor einigen Stunden ist es schon mal hell geworden\u2026<\/p>\n\n\n\n<p><strong>Hirte 3<\/strong>: Und Engel standen pl\u00f6tzlich auf unserer Weide\u2026<\/p>\n\n\n\n<p><strong>Hirte1<\/strong>: Leuchtend hell, deutlicher heller als du\u2026<\/p>\n\n\n\n<p><strong>Kleiner Stern<\/strong>: Ich wei\u00df\u2026eigentlich leuchte ich viel heller\u2026viel, viel heller\u2026<\/p>\n\n\n\n<p><strong>Hirte2<\/strong>: Jedenfalls haben sie gesagt, dass heute noch ein ganz anderes Licht auf die Welt kommt: (Lichtwechsel, zwei Engel tauchen in einem Lichtkegel ganz woanders auf)<\/p>\n\n\n\n<p><strong>Engel 1<\/strong>: Ein Kind in einem Stall sollt ihr suchen!<\/p>\n\n\n\n<p><strong>Engel 2<\/strong> : Ihr werdet es finden in Windeln gewickelt!<\/p>\n\n\n\n<p><strong>Engel 1<\/strong>: Es wird das Licht der Welt werden!<\/p>\n\n\n\n<p>Engel1: Ehre sei Gott in der H\u00f6he und Frieden auf Erden den Menschen seiner Gnade! (Licht aus!)<\/p>\n\n\n\n<p><strong>Hirte2<\/strong>: Und wie sollen wir jetzt ohne Licht dieses gro\u00dfe Licht finden?<\/p>\n\n\n\n<p>Hirte: na, eigentlich m\u00fcsste ja jetzt dort, wo das Kind geboren wird, der Himmel leuchten\u2026 (alle schauen sich um!) tut er aber nicht!<\/p>\n\n\n\n<p><strong>Kleiner Stern<\/strong>: Ich k\u00f6nnte euch leuchten. Ich meine, das wollte ich sowieso\u2026wo doch heute Weihnachten ist\u2026<\/p>\n\n\n\n<p><strong>Hirte 2:<\/strong> Weihnachten? Was soll denn das sein?<\/p>\n\n\n\n<p><strong>Kleiner Stern<\/strong>: Ach nichts\u2026 Und ihr seid sicher, dass ihr Engel geh\u00f6rt habt, die euch die Geburt eines Kindes angek\u00fcndigt haben?<\/p>\n\n\n\n<p><strong>Hirte 3<\/strong>: Ja, ganz sicher!<\/p>\n\n\n\n<p><strong>Kleiner Stern<\/strong>: Dann ist es also wahr\u2026<\/p>\n\n\n\n<p><strong>Hirte1<\/strong>: Was ist wahr?<\/p>\n\n\n\n<p><strong>Kleiner Stern<\/strong>: Nicht so wichtig, aber jetzt bin ich ja hier und helfe euch gerne. Ich leuchte euch, solange ich kann\u2026<\/p>\n\n\n\n<p><strong>Hirte2<\/strong>: Danke f\u00fcr deine Hilfe, die k\u00f6nnen wir gut gebrauchen, so dunkel wie es hier ist!<\/p>\n\n\n\n<p><strong>Hirte1<\/strong>: Kommt, wir folgen diesem kleinen Licht! Da ist ein Weg! Auf, ihr beiden. Wir wollen das Kind suchen! (alle ab)<\/p>\n\n\n\n<p><strong>Sprecher<\/strong>: Im Anfang war das Wort, und das Wort war bei Gott, und das Wort war Gott. &nbsp;Dieses war im Anfang bei Gott. &nbsp;Alles ist durch dasselbe entstanden; und ohne dasselbe ist auch nicht eines entstanden, was entstanden ist.&nbsp;In ihm war das Leben<a href=\"https:\/\/www.schlachterbibel.de\/de\/bibel\/johannes\/1\/1\/\">]<\/a>,und das Leben war das Licht der Menschen. Und das Licht leuchtet in der Finsternis, und die Finsternis hat es nicht begriffen. Das wahre Licht, welches jeden Menschen erleuchtet, sollte in die Welt kommen. &nbsp;Er war in der Welt, und die Welt ist durch ihn geworden.<\/p>\n\n\n\n<p>Lied<\/p>\n\n\n\n<p><strong>Mama Stern<\/strong>: Und mein Kind ist jetzt\u2026<\/p>\n\n\n\n<p><strong>Gro\u00dfer Stern<\/strong>: Ja, es ist direkt ins Jahr der Geburt Christi gestolpert. Das ist\u2026.<\/p>\n\n\n\n<p><strong>Mama Stern<\/strong>: Das ist ja wunderbar!<\/p>\n\n\n\n<p><strong>Gro\u00dfer Stern<\/strong>: Nein\u2026das ist furchtbar!<\/p>\n\n\n\n<p><strong>Mama Stern<\/strong>: Aber <strong>Gro\u00dfer Stern<\/strong>, er ist jetzt direkt dabei, wenn das Kind zur Welt kommt!<\/p>\n\n\n\n<p><strong>Gro\u00dfer Stern<\/strong>: Aber er kann nicht mehr am Himmel leuchten und aller Welt zeigen, welches Wunder damals geschah, so wie ich es vorhatte.<\/p>\n\n\n\n<p><strong>Mama Stern<\/strong>: Das vielleicht nicht, vielleicht kann er aber ganz anderes leisten\u2026<\/p>\n\n\n\n<p><strong>Gro\u00dfer Stern<\/strong>: Was denn? Was soll dieses kleine Licht leisten, he? Was glaubst du denn, was wir damals alles aufgeboten haben, he? Himmlische Heerscharen im Lichterkranz, wir haben keine M\u00fchen gescheut und extra einen Kometen kommen lassen\u2026 Ich meine, mehr geht nicht, da braucht`s wirklich kein Lichtlein mehr!!<\/p>\n\n\n\n<p><strong>Mama Stern<\/strong>: Wer wei\u00df\u2026 Ja, sicher, f\u00fcr das gro\u00dfe Feuerwerk hast du gesorgt, aber manchmal ist es doch viel besser, wenn man viele kleine Lichter hat. Weniger eindrucksvoll, aber vielleicht bringt das viel mehr\u2026<\/p>\n\n\n\n<p><strong>Gro\u00dfer Stern<\/strong>: Wie auch immer\u2026jetzt ist es nicht mehr zu \u00e4ndern!<\/p>\n\n\n\n<p><strong>Mama Stern<\/strong>: Nein, zu \u00e4ndern ist da nichts mehr! (Nach vorne): Hoffentlich hat er das Kind gefunden! Ich w\u00fcnsch es ihm so sehr!<\/p>\n\n\n\n<p>(OFF)<\/p>\n\n\n\n<p><strong>Kleiner Stern<\/strong>: Schaut nur, da vorne ist ein Stall. K\u00f6nnte er das sein. Seid ihr euch ganz sicher? (zum Publikum): Das ist v\u00f6llig verr\u00fcckt. Ich bin tats\u00e4chlich dabei! Es ist zwar alles anders gekommen! Aber so, so ist es doch viel besser, nicht wahr? Meine G\u00fcte, bin ich aufgeregt. (zu den Hirten): Nun, kommt schon, beeilt euch, wir d\u00fcrfen es nicht verpassen!<\/p>\n\n\n\n<p><strong>Hirte1<\/strong>: Ja doch, jetzt renn doch nicht so! Das Kind wird uns schon nicht weglaufen. Es ist ja noch so klein!<\/p>\n\n\n\n<p><strong>Hirte2<\/strong>:\u2026und in eine Windel gewickelt, haben sie gesagt. Dann kann`s eh nicht weglaufen!<\/p>\n\n\n\n<p><strong>Hirte 3<\/strong>: und Ochs und Esel stehn dabei und passen auf\u2026<\/p>\n\n\n\n<p><strong>Kleiner Stern<\/strong>: Da ist es! Die Stallt\u00fcr steht offen, und drinnen sind <strong>Maria<\/strong> und Josef\u2026<\/p>\n\n\n\n<p>Alle Hirten: \u2026Und das Kind! (knien nieder, Jesus und <strong>Maria<\/strong>s treten heraus)<\/p>\n\n\n\n<p><strong>Maria<\/strong>: Wer seid denn ihr?<\/p>\n\n\n\n<p><strong>Hirte2<\/strong>: Wir sind Hirten, denen verk\u00fcndet wurde, dass dieses Kind etwas Besonderes ist, deshalb sind wir hergekommen.<\/p>\n\n\n\n<p><strong>Hirte 3<\/strong>: und dieses Licht hat uns hergef\u00fchrt.<\/p>\n\n\n\n<p><strong>Kleiner Stern<\/strong>: Ach, das habe ich doch gerne gemacht!<\/p>\n\n\n\n<p>Josef: Wir freuen uns, dass ihr mit uns zusammen dies Kind hier auf Erden begr\u00fc\u00dft.<\/p>\n\n\n\n<p><strong>Maria<\/strong>: Kommt nur n\u00e4her und betrachtet das Kind! (alle bilden einen Kreis um das Kind). Seht ihr, es sp\u00fcrt eure N\u00e4he. (aus dem Kreis leuchtet es heraus9<\/p>\n\n\n\n<p><strong>Sprecher<\/strong>: Ihr seid das Licht der Welt. Es kann eine Stadt, die auf einem Berg liegt, nicht verborgen bleiben. Niemand, der ein Licht anz\u00fcndet, bedeckt es mit einem Gef\u00e4\u00df oder stellt es unter ein Bett, sondern er setzt es auf einen Leuchter, damit die, welche hereinkommen, das Licht sehen.<\/p>\n\n\n\n<p><strong>Kleiner Stern<\/strong> ( sein Licht erlischt): &nbsp;He, was geschieht mit mir? Ich bin\u2026erloschen. Mein Licht ist..aus. Wie kann das sein? (beginnt zu weinen)<\/p>\n\n\n\n<p><strong>Hirte 3<\/strong>(zu <strong>Hirte2<\/strong>): Bist du wieder daran schuld? He, was hast du gemacht, dass er ausgegangen ist?<\/p>\n\n\n\n<p><strong>Hirte2<\/strong>: Ich hab nichts gemacht. Wieso verd\u00e4chtigst du immer mich?<\/p>\n\n\n\n<p><strong>Maria<\/strong> (tritt hervor mit dem Kind, h\u00e4lt es dem Stern hin): Niemand ist Schuld! Hier, Kleiner, nicht traurig sein. Nimm das Kind auf den Arm, sei vorsichtig und halt es gut fest. Hier, nimm es! Sp\u00fcrst du die Kraft, die von ihm ausgeht?<\/p>\n\n\n\n<p><strong>Kleiner Stern<\/strong> (Nimmt das Kind): Ja\u2026Ja, es wird ganz hell in mir\u2026 (sie legt ihm das Kind in den Arm, er beginnt wieder zu leuchten, heller als zuvor).<\/p>\n\n\n\n<p><strong>Hirte 3<\/strong>: Seht nur, er leuchtet wieder!<\/p>\n\n\n\n<p><strong>Kleiner Stern<\/strong> (\u00fcberw\u00e4ltigt): Da f\u00fchlt sich an\u2026wie\u2026ich\u2026ich kann gar nicht sagen, wie\u2026wie\u2026<\/p>\n\n\n\n<p><strong>Joseph<\/strong>: Du brauchst nichts zu sagen, Kleiner. Halt es nur ganz fest!<\/p>\n\n\n\n<p><strong>Sprecher<\/strong>: Und Jesus spricht: <strong>Ich bin das Licht der Welt. Wer mir nachfolgt, der wird nicht wandeln in der Finsternis, sondern wird das Licht des Lebens haben! (Die Kinder verteilen entweder Lichter, die weitergegeben&nbsp; werden oder einzelne im Raum verteilte Menschen machen Lichter an!)<\/strong><\/p>\n\n\n\n<p>Lied<\/p>\n\n\n\n<p><strong>Kleiner Stern<\/strong>:\u2026Und dann habe ich es gehalten \u2026und ehrlich, Mama, ich habe heller geleuchtet als je zuvor, verstehst du, das Leuchten kam mehr so von innen, ich hab mich ganz voll davon gef\u00fchlt\u2026und pl\u00f6tzlich hat mich ein Strudel erfasst und zur\u00fcckgezogen. Und dann war ich wieder hier\u2026seltsam\u2026. Mann, war das krass.<\/p>\n\n\n\n<p><strong>Mama Stern<\/strong> (lacht): ja, das kann man wohl sagen. Echt krass! Jetzt hast du etwas erlebt, was nur ganz wenigen m\u00f6glich war. Und du warst vorher so ungeduldig..<\/p>\n\n\n\n<p><strong>Kleiner Stern<\/strong>: Wenn ich gewusst h\u00e4tt, was mich da erwartet, h\u00e4tt ich viel l\u00e4nger gewartet, viele Sternentage h\u00e4tte ich drauf gewartet, ehrlich Mama\u2026<\/p>\n\n\n\n<p><strong>Mama Stern<\/strong>: Ist schon gut, <strong>Kleiner Stern<\/strong>. Aber du wei\u00dft auch: wer dabei war, der hat ab da einen Auftrag\u2026<\/p>\n\n\n\n<p><strong>Kleiner Stern<\/strong>: ja, ich wei\u00df. Bevor ich zur\u00fcckgezogen wurde, hat <strong>Maria<\/strong> mir noch gesagt, dass ich alles, was ich erlebt habe, in meinem Herzen bewahren soll. Und dass ich allen davon erz\u00e4hlen soll.<\/p>\n\n\n\n<p><strong>Mama Stern<\/strong>: Nun denn: Dann mal los! Hier sind zwar nicht alle, aber doch ganz sch\u00f6n viele. Die Gelegenheit ist g\u00fcnstig!<\/p>\n\n\n\n<p><strong>Kleiner Stern<\/strong>: Du meinst, ich soll hier..und jetzt..?<\/p>\n\n\n\n<p><strong>Mama Stern<\/strong>: Nur zu!<\/p>\n\n\n\n<p><strong>Kleiner Stern<\/strong> (zum Publikum): Nun, es gibt nicht viel zu sagen: Dunkelheit gibt es genug auf der Welt. In den N\u00e4chten und manchmal auch in den Herzen der Menschen. Dieses Kind da im Stall, das hatte ganz viel Licht. Es hat mich wieder leuchten lassen. Und obwohl ich ganz viel Leuchtkraft verloren hatte, konnte ich trotzdem den Hirten leuchten. Was ich damit sagen will: Jeder kann Licht sein. Es braucht nur ein Streichholz, das man entz\u00fcndet, und schon kann man sich in einem gro\u00dfen Raum, der vorher finster war, zurechtfinden.<\/p>\n\n\n\n<p>Weihnachten, das hei\u00dft Licht sein!&#8230;Mehr habe ich nicht zu sagen\u2026war das gut so, Mama?<\/p>\n\n\n\n<p><strong>Mama Stern<\/strong>: Ich bin stolz auf dich! Besser kann man es nicht sagen. Und jetzt lass uns ans Himmelszelt zur\u00fcckkehren. Es wird dunkel drau\u00dfen. Unser Licht wird gebraucht!<\/p>\n\n\n\n<p><strong>Kleiner Stern<\/strong> (nimmt ihre Hand): Auf Wiedersehen, ihr Menschen, und frohe Weihnachten!<\/p>\n","protected":false},"excerpt":{"rendered":"<div class=\"mh-excerpt\"><p>Licht der Welt Sprecher: Im Anfang schuf Gott Himmel und Erde. Und die Erde war w\u00fcst und leer, und es war finster auf der Tiefe; und der Geist Gottes schwebte auf dem Wasser.Und Gott sprach: <a class=\"mh-excerpt-more\" href=\"https:\/\/krippenspiele.d-hauser.com\/?page_id=79\" title=\"Michael Buchm\u00fcller 1\">[&#8230;]<\/a><\/p>\n<\/div>","protected":false},"author":1,"featured_media":0,"parent":2,"menu_order":0,"comment_status":"closed","ping_status":"closed","template":"","meta":{"footnotes":""},"class_list":["post-79","page","type-page","status-publish"],"_links":{"self":[{"href":"https:\/\/krippenspiele.d-hauser.com\/index.php?rest_route=\/wp\/v2\/pages\/79","targetHints":{"allow":["GET"]}}],"collection":[{"href":"https:\/\/krippenspiele.d-hauser.com\/index.php?rest_route=\/wp\/v2\/pages"}],"about":[{"href":"https:\/\/krippenspiele.d-hauser.com\/index.php?rest_route=\/wp\/v2\/types\/page"}],"author":[{"embeddable":true,"href":"https:\/\/krippenspiele.d-hauser.com\/index.php?rest_route=\/wp\/v2\/users\/1"}],"replies":[{"embeddable":true,"href":"https:\/\/krippenspiele.d-hauser.com\/index.php?rest_route=%2Fwp%2Fv2%2Fcomments&post=79"}],"version-history":[{"count":1,"href":"https:\/\/krippenspiele.d-hauser.com\/index.php?rest_route=\/wp\/v2\/pages\/79\/revisions"}],"predecessor-version":[{"id":80,"href":"https:\/\/krippenspiele.d-hauser.com\/index.php?rest_route=\/wp\/v2\/pages\/79\/revisions\/80"}],"up":[{"embeddable":true,"href":"https:\/\/krippenspiele.d-hauser.com\/index.php?rest_route=\/wp\/v2\/pages\/2"}],"wp:attachment":[{"href":"https:\/\/krippenspiele.d-hauser.com\/index.php?rest_route=%2Fwp%2Fv2%2Fmedia&parent=79"}],"curies":[{"name":"wp","href":"https:\/\/api.w.org\/{rel}","templated":true}]}}