{"id":69,"date":"2020-03-08T15:43:19","date_gmt":"2020-03-08T14:43:19","guid":{"rendered":"http:\/\/krippenspiele.d-hauser.com\/?page_id=69"},"modified":"2020-03-08T18:53:32","modified_gmt":"2020-03-08T17:53:32","slug":"jutta-behmenburg","status":"publish","type":"page","link":"https:\/\/krippenspiele.d-hauser.com\/?page_id=69","title":{"rendered":"Jutta Behmenburg"},"content":{"rendered":"\n<p><strong>Familiengottesdienst Weihnachten 2001<\/strong><\/p>\n\n\n\n<p>Evangelisch-reformierter Kindergottesdienst<\/p>\n\n\n\n<p>Hansastr. 22, 48465 Sch\u00fcttorf<\/p>\n\n\n\n<h2 class=\"wp-block-heading\"><strong>\u201eEin Licht geht uns auf\u201c<\/strong><\/h2>\n\n\n\n<p>B\u00fchne unterhalb der Kanzel ist aufgebaut mit 2 Standmikrophonen. An der einen Seite ist die Band. An der anderen ist eine Krippe\/Stall aufgebaut.<\/p>\n\n\n\n<p>&#8211; Orgelvorspiel<\/p>\n\n\n\n<p>&#8211; Votum., Begr\u00fc\u00dfung<\/p>\n\n\n\n<p>&#8211; <strong>Lied: Kleine Flamme brenne hell, Str. 1-5<\/strong> (dabei wird am Ende das Licht ged\u00e4mmt)<\/p>\n\n\n\n<p>&#8211; \u00dcberleitung zum Spiel<\/p>\n\n\n\n<p><strong>1. Szene<\/strong>: <em>Licht in der Kirche ist relativ dunkel. Auf der Kanzel ein schwaches Licht.&nbsp; <\/em><\/p>\n\n\n\n<p>K (Kigodikind) und E (Erwachsene Person) sind zun\u00e4chst beide nicht sichtbar. Zuerst ist nur der Schein einer Taschenlampe zu sehen. Dann tauchen sie&nbsp; nacheinander vorsichtig auf der Kanzel auf. Beide nutzen ein Handmikrophon)<\/p>\n\n\n\n<p><strong>E:<\/strong>&nbsp; Psst. Ist schon jemand da? Hat`s schon angefangen?<\/p>\n\n\n\n<p><strong>K:<\/strong> Wei\u00df ich nicht. Aber ich guck mal <em>(taucht vorsichtig auf)<\/em> O Mann, Wahnsinn.<\/p>\n\n\n\n<p><strong>E:<\/strong> Was ist denn?<\/p>\n\n\n\n<p><strong>K:<\/strong> Die ganze Kirche ist voll. Da sind die Kinder, die Eltern, Opas und Omas und noch viele andere.<\/p>\n\n\n\n<p><strong>E:<\/strong> So viele Menschen? Dann bleibe ich lieber in meinem Versteck. Ich h\u00e4tte gar nicht auf dich h\u00f6ren sollen. Ich w\u00e4re am besten zu hause geblieben.<\/p>\n\n\n\n<p><strong>K:<\/strong> Aber dann k\u00f6nntest du das Krippenspiel nicht sehen. Und das wolltest du doch so gerne.<\/p>\n\n\n\n<p><strong>E:<\/strong> Ja, aber ich will nicht, da\u00df die Menschen mich sehen. Ich kann das nicht haben. Und jetzt hast du mich in die Kirche mitgenommen. Ausgerechnet hier oben auf der Kanzel soll das beste Versteck sein.<\/p>\n\n\n\n<p><strong>K:<\/strong> Klar die auff\u00e4lligsten Stellen sind immer das beste Versteck. Das wei\u00df doch jedes Kind. Hier sucht einen bestimmt keiner.<\/p>\n\n\n\n<p><strong>E:<\/strong> Aber die k\u00f6nnen uns doch alle sehen.<\/p>\n\n\n\n<p><strong>K:<\/strong> Glaub ich nicht. H\u00f6chstens die Kinder. Aber die verraten uns bestimmt nicht.<\/p>\n\n\n\n<p><strong>E:<\/strong> Meinst du? <\/p>\n\n\n\n<p><strong>K:<\/strong> Klar. Psst. He Kinder. K\u00f6nnt ihr uns sehen?&nbsp; Aber ihr verratet uns doch nicht, oder? <br>Ihr m\u00fc\u00dft wissen. Ich hab unsre Nachbarin mitgebracht zum Familiengottesdienst. Die wollte eigentlich gar nicht. Sie ist krank gewesen. Ganz lange war sie im Krankenhaus, weil sie immer nur noch traurig war. Die \u00c4rzte sagen: Sie hat eine Depression. Was das ist, wei\u00df ich nicht so genau. Meine Mama sagt: Wenn man sich so f\u00fchlt, als w\u00fcrde man immer im Dunkeln sitzen und sich \u00fcber nichts mehr freuen kann, dann hat man eine Depression. <br>Aber ich will ihr helfen. Darum habe ich sie mitgebracht. Und wir haben uns hier oben versteckt. Sie will n\u00e4mlich nicht, da\u00df die Leute sie sehen. Das kann sie nicht haben, sagt sie. Ich m\u00f6chte aber, da\u00df sie sich auch wieder&nbsp; freuen kann. Heute ist schlie\u00dflich Weihnachten, da sollen doch alle fr\u00f6hlich sein. Wir m\u00fcssen aber sehr vorsichtig&#8230;<\/p>\n\n\n\n<p><strong>E:<\/strong> <em>(taucht vorsichtig auf) <\/em>Was erz\u00e4hlst du denn den Kindern da alles? Huch, so viele Leute. Ich f\u00fchle mich hier gar nicht wohl.&nbsp; Ich m\u00f6chte nach hause.<\/p>\n\n\n\n<p><strong>K: <\/strong>Nun warte doch mal ab. Wir k\u00f6nnen jetzt sowieso nicht mehr weg, ohne da\u00df es auff\u00e4llt. Und guck mal da: Ich glaube das&nbsp;&nbsp; Krippenspiel f\u00e4ngt an.<\/p>\n\n\n\n<h4 class=\"wp-block-heading\">Krippenspiel 1<\/h4>\n\n\n\n<p><strong>Ausrufer<\/strong>: Befehl des Kaisers Augustus! Befehl des Kaisers Augustus!<\/p>\n\n\n\n<p><strong>1. Ausrufer:<\/strong>&nbsp;&nbsp;&nbsp; Befehl des Kaisers im r\u00f6mische&nbsp; Reich, sofort zu befolgen von allen sogleich! <br>Jeder mache sich bereit, reise los in n\u00e4chster Zeit, <br>reise los und reise fort zum Geburts- und Heimatort. <br>Befehl des Kaisers im r\u00f6mische&nbsp; Reich, sofort zu befolgen von allen sogleich!<\/p>\n\n\n\n<p><strong>Alle Kinder singen<\/strong>: Weil der Kaiser es befohlen, machen wir uns auf die Sohlen, bleiben wir nicht l\u00e4nger hocken, machen wir uns auf die Socken. Sonst macht uns der Kaiser Beine, ziehen los zu zweit, alleine, ziehn von Nord nach S\u00fcd und von S\u00fcd nach Nord, immer fort, immer fort zum Geburts- und Heimatsort.<\/p>\n\n\n\n<p><strong> 2. Ausrufer:<\/strong>&nbsp;&nbsp;&nbsp; Befehl des Kaisers im r\u00f6mischen Reich, sofort zu befolgen von allen sogleich. Wenn die Leute alle gehn, wird kein Mensch mehr \u00fcbersehn, und dann k\u00f6nnt ihr sicher sein: Eure Steuern hol ich ein! Befehl des Kaisers im r\u00f6mischen Reich, sofort zu befolgen von allen sogleich!<\/p>\n\n\n\n<p><strong>Ausrufer:<\/strong> Befehl des Kaisers Augustus, Befehl des Kaisers Augustus<\/p>\n\n\n\n<p><strong>Alle Kinder singen:<\/strong> Weil der Kaiser es befohlen &#8230;<\/p>\n\n\n\n<p><strong>2. Szene<\/strong><\/p>\n\n\n\n<p><strong>E:<\/strong>&nbsp; Ich finde es traurig, da\u00df so ein Kaiser Augustus alle Leute herum kommandieren kann.<\/p>\n\n\n\n<p><strong>K:<\/strong> Ja, die Leute damals haben auch Angst gehabt vor den Befehlen des r\u00f6mischen Kaisers und vor den Soldaten. Aber was sollten sie tun? Sie mu\u00dften gehorchen.<\/p>\n\n\n\n<p><strong>E:<\/strong> Wenn ich mir vorstelle, ich m\u00fc\u00dfte auf einmal von zu hause wegreisen, irgendwohin, wo ich keinen kenne. Ich k\u00f6nnte das nicht. Ich brauche meinen sicheren Platz, meine Wohnung , in der ich alleine bin&nbsp; und mich keiner st\u00f6rt.<\/p>\n\n\n\n<p><strong>K:<\/strong> Maria und Joseph w\u00e4ren damals bestimmt auch am liebsten zu hause geblieben. Immerhin war Maria auch noch schwanger.&nbsp;<\/p>\n\n\n\n<p>&#8211; <strong>Lied EG 45, 1u2 : Herbei, o ihr Gl\u00e4ubgen<\/strong><\/p>\n\n\n\n<h4 class=\"wp-block-heading\">Krippenspiel 2<\/h4>\n\n\n\n<p><em>Maria und Joseph sind auf dem Weg durch den Mittelgang zur Kanzel <\/em><\/p>\n\n\n\n<h6 class=\"wp-block-heading\"><strong>Lied der Kinder:&nbsp;&nbsp; Der Weg so weit, die Last so schwer<\/strong><\/h6>\n\n\n\n<p><em>Joseph (<strong>J ) <\/strong>klopft an und wartet.<\/em><\/p>\n\n\n\n<p><strong>J:&nbsp; <\/strong>Hallo, ist jemand zu Hause?<\/p>\n\n\n\n<p><strong>W1: <\/strong>Guten Abend,&nbsp; <em>(mustert die beiden kritisch und sagt dann herablassend)<\/em> Was kann ich f\u00fcr Sie tun, meine Herrschaften<\/p>\n\n\n\n<p><strong>J:&nbsp; <\/strong>Guten Abend! Wir suchen eine Unterkunft f\u00fcr&#8230;<\/p>\n\n\n\n<p><strong>W1:<\/strong>&nbsp; Tut mir leid junger Mann. Wir sind komplett ausgebucht. Au\u00dferdem scheint mir unser Etablissement nicht die rechte&nbsp; Unterkunft f\u00fcr Ihresgleichen zu sein. Einen sch\u00f6nen Abend noch.<\/p>\n\n\n\n<p><strong>J:<\/strong>&nbsp; Ja, aber&#8230;<\/p>\n\n\n\n<p><strong>M:<\/strong> Hoffentlich gibt es hier nicht nur so feine Hotels. Ich sch\u00e4me mich. Wie wir aussehen m\u00fcssen nach der langen Reise. Ich mag mich gar nicht sehen lassen. Aber ich bin so m\u00fcde, und ich sp\u00fcre, das Kind kommt bald.<\/p>\n\n\n\n<p><strong>J:<\/strong>&nbsp; Keine Sorge Maria. Wir finden schon was. Und wir brauchen uns nicht zu sch\u00e4men. Wir sind rechtschaffene Leute. Sollen die Leute doch denken, was sie wollen.<\/p>\n\n\n\n<p><strong>Lied der Kinder: Der Weg so weit&#8230;<\/strong><\/p>\n\n\n\n<p><strong>J: <\/strong>Schau, da ist wieder eine Herberge. Siehst du die bunten Lichter und h\u00f6rst du auch die Musik und die Stimmen. Da scheint ein Fest zu sein.<\/p>\n\n\n\n<p>(klopft an)<\/p>\n\n\n\n<p><strong>W2: <\/strong><em>(mit bunter M\u00fctze und Verkleidung \u00f6ffnet)<\/em> Ja, was seid ihr denn f\u00fcr Trauergestalten. Sagt blo\u00df ihr wollt bei&nbsp; uns mitfeiern.<\/p>\n\n\n\n<p><strong>J: <\/strong>Entschuldigen Sie die St\u00f6rung. Wir suchen dringend eine Unterkunft. Sehen Sie, wir sind weit gereist und Meine Frau erwartet&#8230;.<\/p>\n\n\n\n<p><strong>W2: <\/strong>Nichts da, keine Chance. Geschlossene Gesellschaft heute. Viel Erfolg weiterhin. Tschau!<\/p>\n\n\n\n<p><strong>M:<\/strong> La\u00df uns weitergehen Joseph. So ein lautes Fest k\u00f6nnte ich heute sowieso nicht haben.<\/p>\n\n\n\n<p><strong>Lied der Kinder: Der Weg so weit&#8230;<\/strong><\/p>\n\n\n\n<p><strong>J: <\/strong> Nur Mut. Wir finden bestimmt noch was. Sieh dahinten: Das sind doch aus wie eine bescheidene Pension. Probieren wir es dort. Alle guten Dinge sind drei. <em>(klopft an)<\/em><\/p>\n\n\n\n<p><strong>W3: <\/strong> Guten Tag. Sie suchen sicher eine Unterkunft. Aber bei uns ist schon alles belegt. Sogar unseren Stall h\u00e4tten wir vermieten k\u00f6nnen. Sie wissen schon \u2013 wegen der Volksz\u00e4hlung des Kaisers Augustus.<\/p>\n\n\n\n<p><strong>J:&nbsp; <\/strong>Ich wei\u00df, deswegen sind wir ja auch hier.&nbsp; Aber wo immer ich frage, immer hei\u00dft es nur: \u201eKein Platz, macht das ihr weiterkommt. F\u00fcr dieses Haus reicht euer Geld sowieso nicht.<\/p>\n\n\n\n<p><em>(zuckt mit den Achseln)<\/em> Um mich geht es auch gar nicht. Ich w\u00fcrde irgendwo auf den Feldern schlafen. Aber meine Frau&#8230;<\/p>\n\n\n\n<p><strong>W3:<\/strong>&nbsp; Was ist mit eurer Frau?<\/p>\n\n\n\n<p><strong>J:<\/strong>&nbsp; Sehn Sie doch, Herr Wirt, Sie ist v\u00f6llig \u00fcberm\u00fcdet, der lange Weg hat ihr sehr zugesetzt. Und&#8230; sie erwartet ein Kind.<\/p>\n\n\n\n<p><strong>M:&nbsp; <\/strong>Joseph, mir wird kalt. K\u00f6nnen wir hier \u00fcbernachten?<\/p>\n\n\n\n<p><strong>W3:<\/strong>&nbsp; Tut mir leid, gute Frau, wir sind, wie gesagt, total ausgebucht!<\/p>\n\n\n\n<p><strong>J:<\/strong>&nbsp;&nbsp; Aber ihr sagtet doch, im Stall&#8230;<\/p>\n\n\n\n<p><strong>W3:<\/strong>&nbsp; Ich kann euch doch nicht in den Stall zu den Tieren schicken. Da ist kein Bett, nur Heu und Stroh. Und was ist nun, wenn das Kind kommt?<\/p>\n\n\n\n<p><strong>M:<\/strong>&nbsp; Ihr w\u00fcrdet uns aber wirklich helfen. Bitte&nbsp; &#8211; gebt uns den Stall!<\/p>\n\n\n\n<p><strong>W3:&nbsp; <\/strong>Also meinetwegen. Dann gebe ich euch aber wenigstens auch noch ein paar Decken. Da vorn ist der Stall.<\/p>\n\n\n\n<p>&#8211; <strong>Lied EG 46, 1 u 2 Stille Nacht<\/strong><\/p>\n\n\n\n<p><strong>3. Szene<\/strong><\/p>\n\n\n\n<p><strong>E:<\/strong> Ich finde es traurig, da\u00df die Menschen manchmal so hartherzig sind. Wenn ich das sehe, mu\u00df ich fast weinen. Alle k\u00f6nnen sehen, dass sie schwanger ist. Aber sie gucken nur, helfen tut keiner. Als ich aus dem Krankenhaus nach hause kam, haben mich auch alle so komisch angesehen. <br>Ich finde das traurig. Die arme Frau.<\/p>\n\n\n\n<p><strong>K:<\/strong> Aber der letzte Wirt hat Joseph und Maria immerhin doch noch geholfen. Er hat ihnen wenigstens den Stall gegeben.<\/p>\n\n\n\n<p><strong>E:<\/strong> Nat\u00fcrlich gibt es auch freundliche Menschen, die einem helfen wollen. Aber wenn sie es dann aus Mitleid tun, dann habe ich das auch nicht so gerne.<\/p>\n\n\n\n<p><strong>K:<\/strong> Ich merke schon: Es ist gar nicht leicht dir alles recht zu machen. Aber sieh nur da hinten, da sind die Hirten auf ihren Feldern. Die kommen hierher. Komm, wir verstecken uns wieder.<\/p>\n\n\n\n<h4 class=\"wp-block-heading\">Krippenspiel 3<\/h4>\n\n\n\n<p><em>Die Hirten kommen.&nbsp; Jeder sagt sein Spr\u00fcchlein auf.<\/em><\/p>\n\n\n\n<p><strong>Hirte 1 (H. 1<\/strong>): Wir sind alles arme Hirten. Keiner will uns nachts bewirten.&nbsp;<\/p>\n\n\n\n<p><strong>H. 2&nbsp;&nbsp;&nbsp; <\/strong>Ein warmes Bett, das w\u00e4r nicht schlecht. Ich glaub, das w\u00e4r uns allen recht!<\/p>\n\n\n\n<p><strong>H. 3<\/strong>:&nbsp;&nbsp;&nbsp; Die andern haben ein zuhaus, doch wir, wir halten drau\u00dfen aus.<\/p>\n\n\n\n<p><strong>H. 4<\/strong>:&nbsp;&nbsp; Ach, h\u00f6rt doch endlich auf zu murren?&nbsp; Beklag ich denn mein Magenknurren?<\/p>\n\n\n\n<p><strong>H. 5<\/strong>:&nbsp;&nbsp; Warum mu\u00df es so kalt sein?&nbsp; Ich habe schon ein steifes Bein!<\/p>\n\n\n\n<p><strong>H. 6<\/strong>:&nbsp;&nbsp;&nbsp; Warum kommt in keiner Nacht, einer der uns Freude macht?<\/p>\n\n\n\n<p><strong>H. 7<\/strong>:&nbsp;&nbsp;&nbsp; Ich tr\u00e4um manchmal von weichen Betten und von bunten Lichterkletten.<\/p>\n\n\n\n<p><strong>H. 8<\/strong>:&nbsp;&nbsp; Warum es das f\u00fcr uns nicht gibt, ich wei\u00df es, wir sind nicht beliebt!<\/p>\n\n\n\n<p><strong>H. 9<\/strong>:&nbsp;&nbsp; Auch wenn die Nacht f\u00fcr uns sehr hart ist, ich wei\u00df, da\u00df Gott uns nicht vergi\u00dft!<\/p>\n\n\n\n<p><strong>H10:&nbsp;&nbsp; <\/strong>Ich hab zwar&nbsp; eine Ahnung blo\u00df, jedoch heut Nacht ist noch was los!<\/p>\n\n\n\n<h4 class=\"wp-block-heading\"><em>(Hirten setzten sich Licht geht an. Engel erscheinen. Lied der Engel) <\/em><\/h4>\n\n\n\n<p><strong>Engelchor<\/strong>:&nbsp;&nbsp;&nbsp;&nbsp;&nbsp; Gloria! Gloria! Ehre sei Gott in der H\u00f6he! Und Frieden, Frieden auf Erden. <br>Denn Gott hat alle Menschen lieb.<\/p>\n\n\n\n<p><strong>1 Engel<\/strong>: F\u00fcrchtet euch nicht! Siehe, ich verk\u00fcndige euch gro\u00dfe Freude, die allem Volk widerfahren wird; denn euch ist heute der Heiland geboren, welcher ist Christus, der Herr in der Stadt Davids. <br>Und das habt zum Zeichen, ihr werdet finden das Kind in Windeln gewickelt und in einer Krippe liegen.<\/p>\n\n\n\n<p><strong>Engelchor<\/strong>:&nbsp;&nbsp;&nbsp;&nbsp;&nbsp; Gloria&#8230;<\/p>\n\n\n\n<p>(<em>Licht aus Engel gehen ab)<\/em><\/p>\n\n\n\n<p><strong>1. H<\/strong>:&nbsp;&nbsp;&nbsp; Ich glaub, ich glaub, ich werd nicht mehr! War das nicht grad der Engel Heer?&nbsp;&nbsp;<\/p>\n\n\n\n<p><strong>2. H<\/strong>:&nbsp;&nbsp;&nbsp; Ich hab auch die Engel gesehen und kann es noch gar nicht verstehn.<\/p>\n\n\n\n<p><strong>3. H:<\/strong>&nbsp;&nbsp;&nbsp; Ist es wohl wahr, was in der Krippe geschah?<\/p>\n\n\n\n<p><strong>4. H<\/strong>:&nbsp;&nbsp;&nbsp; Ob sie wohl stimmt, die Geschichte vom Kind?<\/p>\n\n\n\n<p><strong>5. H:&nbsp; <\/strong> Gewickelt in Windeln, ob die Engel nicht schwindeln?<\/p>\n\n\n\n<p><strong>6. H<\/strong>:&nbsp;&nbsp; La\u00dft uns geh`n und suchen das Kind; Wir werden`s schon finden. Wir sind ja nicht blind.<\/p>\n\n\n\n<p><strong>7. H<\/strong>:&nbsp; Euch ist heute der Heiland geboren! Wer ist dazu wohl auserkoren?<\/p>\n\n\n\n<p><strong>8. H<\/strong>:&nbsp; Der Heiland f\u00fcr uns, das ist wunderbar! Ach w\u00e4r die Geschichte der Engel nur wahr!&nbsp;<\/p>\n\n\n\n<p><strong>9. H:<\/strong>&nbsp; Bethlehem, das ist nicht weit! Wir geh`n sofort, das ist gescheit!<\/p>\n\n\n\n<p><strong>10.H: <\/strong>Krippe und Stall , das merk ich mir! Da ist doch ein Stall nicht weit von hier!<\/p>\n\n\n\n<h3 class=\"wp-block-heading\"><strong>Lied der Hirten: Seht wir Hirten kommen<\/strong><\/h3>\n\n\n\n<h5 class=\"wp-block-heading\"><em>(Hirten ab)<\/em><\/h5>\n\n\n\n<p><strong>4. Szene<\/strong><\/p>\n\n\n\n<p><strong>E:<\/strong> Ich finde es traurig, da\u00df die Hirten nachts auf dem Feld schlafen m\u00fcssen bei ihren Schafen. Keiner will sie haben.<\/p>\n\n\n\n<p><strong>K:<\/strong> Sag mal: Findest du eigentlich alles immer nur traurig? Nat\u00fcrlich: Die Hirten damals, die hatten es nicht leicht. Aber hast du gerade gar nicht mitgekriegt, was da passiert ist. Die Engel sind zu den Hirten gekommen.<\/p>\n\n\n\n<p><strong>E:<\/strong> Ja, die haben ihnen einen sch\u00f6nen Schreck eingejagt mit ihrem hellen Licht.<\/p>\n\n\n\n<p><strong>K:<\/strong> Aber der eine Engel hat ihnen auch eine wunderbare Botschaft gebracht, die beste Botschaft der Welt. Der Heiland, der Retter ist geboren. Jetzt ist es nicht mehr dunkel in der Welt, auch nicht f\u00fcr die Hirten.<\/p>\n\n\n\n<p><strong>E:<\/strong> Und warum sind sie dann alle weggelaufen?<\/p>\n\n\n\n<p><strong>K:<\/strong> Na, um das neugeborene Kind zu suchen nat\u00fcrlich. Mann du kriegst aber auch das Wichtigste nie mit! Aber sieh nur da, die Sterndeuter kommen.<\/p>\n\n\n\n<p><strong>Krippenspiel 4<\/strong><\/p>\n\n\n\n<p><em>(Sterndeuter kommen zum Mikrophon)<\/em><\/p>\n\n\n\n<p><strong>St 1<\/strong>:<em>(mit Stern)<\/em>: Halt hier mu\u00df es sein. Caspar, Melchior. Seht ihr. Der Stern bleibt bei diesem Stall stehen! Endlich sind wir am Ziel.<\/p>\n\n\n\n<p><strong>St2<\/strong>: Ist das m\u00f6glich Balthasar? Hier in diesem armen Stall soll der neugeborene K\u00f6nig sein.<\/p>\n\n\n\n<p><strong>St3<\/strong>: Auf das Licht von dem Stern ist verla\u00df. Wir m\u00fcssen dem Stern vertrauen. Wenn Gott seinen Retter schickt, dann kann man auch \u00dcberraschungen erleben!<\/p>\n\n\n\n<p><strong>St 1<\/strong>: Kommt, nur Mut,&nbsp; la\u00dft uns in den Stall gehen!<\/p>\n\n\n\n<p><strong>St2: <\/strong>Ich bin so gespannt.Wie er wohl aussehen mag, der neugeborene K\u00f6nig.<\/p>\n\n\n\n<p><strong>St3<\/strong>: Bestimmt wie ein ganz normaler Mensch. K\u00f6nige sind auch Menschen.<\/p>\n\n\n\n<p><em>Sterndeuter zum Stall <\/em><\/p>\n\n\n\n<p><strong> Lied:&nbsp; Da hat der Himmel die Erde ber\u00fchrt, Str. 1-4<\/strong><\/p>\n\n\n\n<p><strong>5. Szene<\/strong><\/p>\n\n\n\n<p><strong>E.<\/strong> Ich finde es&#8230;<\/p>\n\n\n\n<p><strong>K:<\/strong> Ja, ja, ich kann`s mir schon denken: Du findest es traurig, da\u00df das arme Kind da in einem schmutzigen Stall zur Welt kommen mu\u00df, und da\u00df die Eltern nicht einmal&#8230;<\/p>\n\n\n\n<p><strong>E:<\/strong> Nein, das wollte ich nicht sagen. Ich finde es erstaunlich, da\u00df diese Sterndeuter, die Weisen aus dem Morgenland, den Stall \u00fcberhaupt gefunden haben. Die Sache mit dem Stern, die finde ich sch\u00f6n.<\/p>\n\n\n\n<p><strong>K:<\/strong> O, endlich mal ein positiver Gedanke. Das ist gut, da\u00df du das sagst. Es ist wirklich sch\u00f6n, da\u00df Gott seinen Stern hell scheinen l\u00e4\u00dft in der Weihnachtsnacht. Gott bringt Licht in die Dunkelheit.&nbsp;<\/p>\n\n\n\n<p><strong>E:<\/strong> Das ist aber ein sch\u00f6ner Satz: Gott bringt Licht in die Dunkelheit. Das ist, als w\u00fcrde jemand in einem dunklen Raum eine Kerze anz\u00fcnden.<\/p>\n\n\n\n<p><strong>K:<\/strong>&nbsp; Ja manchmal mu\u00df man einfach etwas sch\u00f6nes sagen, und dann wird es heller. Alle S\u00e4tze die anfangen mit: Ich finde es traurig, sind dunkle S\u00e4tze, die machen einen selbst richtig traurig.<\/p>\n\n\n\n<p>Ein Licht geht uns auf in der Dunkelheit. Das ist ein sch\u00f6ner heller Satz \u2013 ein Satz der fr\u00f6hlich macht, so wie es bei den Hirten und den Sterndeutern passiert ist.<\/p>\n\n\n\n<p><strong>E:<\/strong> <em>(tr\u00e4umerisch) <\/em>Ein Licht geht uns auf in der Dunkelheit.<\/p>\n\n\n\n<p><strong>K:<\/strong> Sieh nur es funktioniert. Du mu\u00dft dir selber helle S\u00e4tze laut vorsagen. Pa\u00df mal auf: Die Kinder und ich wir sagen dir helle, frohe&nbsp; S\u00e4tze vor, und du sprichst sie nach. <em>(zu den Kindern)<\/em> Und ihr macht mit, ja. Ich sage euch vor, was ihr meiner traurigen Nachbarin vorsagen sollt. Auf geht`s: <br>Der Engel sagt: Siehe ich verk\u00fcndige euch gro\u00dfe Freude<\/p>\n\n\n\n<p><strong>Kinder<\/strong>: Der Engel sagt: Siehe ich verk\u00fcndige euch gro\u00dfe Freude<\/p>\n\n\n\n<p><strong>E:<\/strong> Der Engel sagt: Siehe ich verk\u00fcndige euch gro\u00dfe Freude<\/p>\n\n\n\n<p><strong>K:<\/strong> Euch ist heute der Heiland geboren<\/p>\n\n\n\n<p><strong>Kinder<\/strong>&nbsp;&nbsp;&nbsp;&nbsp;&nbsp;&nbsp;&nbsp;&nbsp;&nbsp;&nbsp;&nbsp; &#8230;.<\/p>\n\n\n\n<p><strong>E:<\/strong>&nbsp;&nbsp;&nbsp;&nbsp;&nbsp;&nbsp;&nbsp;&nbsp;&nbsp;&nbsp;&nbsp;&nbsp;&nbsp;&nbsp;&nbsp;&nbsp;&nbsp;&nbsp;&nbsp; &#8230;<\/p>\n\n\n\n<p><strong>Usw. <\/strong> Jesus ist kommen, auch f\u00fcr dich <br>Das Kind in der Krippe ist ein Zeichen f\u00fcr die Liebe Gottes. <br>Gott hat dich lieb. Er macht dein Leben hell&nbsp;&nbsp;&nbsp;&nbsp;&nbsp;<\/p>\n\n\n\n<h6 class=\"wp-block-heading\">Ein Licht geht uns auf in der Dunkelheit<\/h6>\n\n\n\n<p><strong>E:<\/strong> Das sind sch\u00f6ne S\u00e4tze. Ich merke, da\u00df es mir gut tut, wenn ich sie euch einfach nachspreche und mir vorsage. Auch das Krippenspiel war sch\u00f6n. Ich habe gern zugeschaut und zugeh\u00f6rt. Jetzt bin ich doch froh, da\u00df du mich mitgenommen hast in die Kirche.<\/p>\n\n\n\n<p><strong>K:<\/strong> Das freut mich. Aber ich mu\u00df dir jetzt etwas verraten.<\/p>\n\n\n\n<p><strong>E:<\/strong> Was denn?<\/p>\n\n\n\n<p><strong>K:<\/strong> Die Menschen in der Kirche k\u00f6nnen dich doch alle sehen und h\u00f6ren.<\/p>\n\n\n\n<p><strong>E:<\/strong> Wie, all die vielen Leute in der Kirche sehen mich? Oh, ich m\u00f6chte am liebsten wieder abtauchen.<\/p>\n\n\n\n<p><strong>K:<\/strong> Aber glaub mir. Alle in der Kirche freuen sich, dass es auch etwas heller geworden ist f\u00fcr dich. So soll es sein zu Weihnachten. Darum sind die anderen doch auch alle hier. Die Geschichte vom Kind im Stall von Bethlehem ist so sch\u00f6n.<\/p>\n\n\n\n<p><strong>E:<\/strong> Meinst du wirklich, die freuen sich mit mir?<\/p>\n\n\n\n<p><strong>K:<\/strong> Ganz sicher. Pa\u00df auf das merkst du gleich, wenn sie das Lied mit uns singen. Das tun sie extra laut und sch\u00f6n f\u00fcr dich: Ein Licht geht uns auf in der Dunkelheit.<\/p>\n\n\n\n<p>&#8211; <strong>Lied : Ein Licht geht uns auf, Str. 1-3 <\/strong><\/p>\n\n\n\n<p>&#8211; F\u00fcrbittengebet und Unser Vater<\/p>\n\n\n\n<p>&#8211; <strong>Lied EG 43, 1-3: Ihr Kinderlein kommet<\/strong> <em>(mit Orgel, alle ganz Kleinen d\u00fcrfen nach vorne kommen und die 1. Strophe alleine singen)<\/em><\/p>\n\n\n\n<p>&#8211; Segen<\/p>\n\n\n\n<p>&#8211; <strong>Lied 44, 1-3: O, du fr\u00f6hliche<\/strong><\/p>\n","protected":false},"excerpt":{"rendered":"<div class=\"mh-excerpt\"><p>Familiengottesdienst Weihnachten 2001 Evangelisch-reformierter Kindergottesdienst Hansastr. 22, 48465 Sch\u00fcttorf \u201eEin Licht geht uns auf\u201c B\u00fchne unterhalb der Kanzel ist aufgebaut mit 2 Standmikrophonen. An der einen Seite ist die Band. An der anderen ist eine <a class=\"mh-excerpt-more\" href=\"https:\/\/krippenspiele.d-hauser.com\/?page_id=69\" title=\"Jutta Behmenburg\">[&#8230;]<\/a><\/p>\n<\/div>","protected":false},"author":1,"featured_media":0,"parent":2,"menu_order":0,"comment_status":"closed","ping_status":"closed","template":"","meta":{"footnotes":""},"class_list":["post-69","page","type-page","status-publish"],"_links":{"self":[{"href":"https:\/\/krippenspiele.d-hauser.com\/index.php?rest_route=\/wp\/v2\/pages\/69","targetHints":{"allow":["GET"]}}],"collection":[{"href":"https:\/\/krippenspiele.d-hauser.com\/index.php?rest_route=\/wp\/v2\/pages"}],"about":[{"href":"https:\/\/krippenspiele.d-hauser.com\/index.php?rest_route=\/wp\/v2\/types\/page"}],"author":[{"embeddable":true,"href":"https:\/\/krippenspiele.d-hauser.com\/index.php?rest_route=\/wp\/v2\/users\/1"}],"replies":[{"embeddable":true,"href":"https:\/\/krippenspiele.d-hauser.com\/index.php?rest_route=%2Fwp%2Fv2%2Fcomments&post=69"}],"version-history":[{"count":1,"href":"https:\/\/krippenspiele.d-hauser.com\/index.php?rest_route=\/wp\/v2\/pages\/69\/revisions"}],"predecessor-version":[{"id":70,"href":"https:\/\/krippenspiele.d-hauser.com\/index.php?rest_route=\/wp\/v2\/pages\/69\/revisions\/70"}],"up":[{"embeddable":true,"href":"https:\/\/krippenspiele.d-hauser.com\/index.php?rest_route=\/wp\/v2\/pages\/2"}],"wp:attachment":[{"href":"https:\/\/krippenspiele.d-hauser.com\/index.php?rest_route=%2Fwp%2Fv2%2Fmedia&parent=69"}],"curies":[{"name":"wp","href":"https:\/\/api.w.org\/{rel}","templated":true}]}}