{"id":626,"date":"2026-01-11T16:55:52","date_gmt":"2026-01-11T15:55:52","guid":{"rendered":"https:\/\/krippenspiele.d-hauser.com\/?page_id=626"},"modified":"2026-01-11T17:13:51","modified_gmt":"2026-01-11T16:13:51","slug":"andreas-erben-2-2","status":"publish","type":"page","link":"https:\/\/krippenspiele.d-hauser.com\/?page_id=626","title":{"rendered":"Andreas Erben 3"},"content":{"rendered":"<h2><strong>Aufs Schaf gekommen<\/strong><\/h2>\n<p><em>Redaktionelle Angaben zum Krippenspiel:<\/em><\/p>\n<p><strong><em>Rollen\u00fcbersicht<\/em><\/strong><\/p>\n<ol>\n<li><strong><em>Hirte 1<\/em><\/strong><\/li>\n<li><strong><em>Hirte 2<\/em><\/strong><\/li>\n<li><strong><em>Hirte 3<\/em><\/strong><\/li>\n<li><strong><em>Maria<\/em><\/strong><\/li>\n<li><strong><em>Josef<\/em><\/strong><\/li>\n<li><strong><em>Levon<\/em><\/strong><em> (tritt in der Krippenszene auf)<\/em><\/li>\n<li><strong><em>Mentaltrainerin<\/em><\/strong><\/li>\n<li><strong><em>Anlageberaterin<\/em><\/strong><\/li>\n<li><strong><em>Terroristin<\/em><\/strong><\/li>\n<li><strong><em>Engel<\/em><\/strong><\/li>\n<\/ol>\n<p><em>Das St\u00fcck ist f\u00fcr neun Mitspieler konzipiert, wobei einige Rollen (wie Maria und Josef) erst in der letzten Szene auftreten. Die drei Hirten sind durchgehend pr\u00e4sent und stehen im Mittelpunkt der Handlung. Die Nebenfiguren (Mentaltrainerin, Anlageberaterin, Terroristin, Engel) treten jeweils in eigenen Szenen auf und interagieren mit den Hirten. Levon ist eine zus\u00e4tzliche Figur in der Krippenszene, die den \u00dcbergang zu Maria und Josef gestaltet.\u00a0<\/em><\/p>\n<h3>Ein minimalistisches Krippenspiel f\u00fcr neun Mitspieler von Andreas Erben, 2025<\/h3>\n<p>(Die Hirten sitzen allein nebeneinander auf der B\u00fchne. Hinter ihnen ist vielleicht ein Holzger\u00fcst, das eine H\u00fctte andeuten soll, oder nur leerer Raum. Maria und Josef sitzen vor einer Krippe mitten in der Gemeinde.)<\/p>\n<p>&nbsp;<\/p>\n<p>Szene 1: Die Hirten<\/p>\n<p>Hirte 1: Schafe.<\/p>\n<p>Hirte 2: Schafe.<\/p>\n<p>Hirte 3: Schafe.<\/p>\n<p>Hirte 1: Soweit man gucken kann. Bis an den Horizont. Steine, Gras und Schafe.<\/p>\n<p>Hirte 2: Weil du gerade Gras sagst\u2026<\/p>\n<p>Hirte 1: Ey, benimm dich, siehst du nicht, da sind Kinder hier.<\/p>\n<p>Hirte 2: Benimm dich, benimm dich, benimm dich. Das hamse fr\u00fcher immer zu mir gesagt.<\/p>\n<p>Hirte 1: Und, hat\u2018s geholfen?<\/p>\n<p>Hirte 2: Vielleicht ne halbe Stunde. Das war doch sinnlos. Die hamm sich doch selbst nich richtig benommen. Von wegen, ich soll mich benehmen. Rumgebr\u00fcllt hamse, mich geschubst, mich geschlagen. Egal ob ich mich benommen hab oder nich. Und dann hie\u00df es immer: ab in den Stall mit dir! Da, wo du hingeh\u00f6rst, zu den Viechern, du Drecksack.<\/p>\n<p>Hirte 1: Und jetzt biste hier.<\/p>\n<p>Hirte 2: Und jetzt bin ich hier. Bei den Viechern.<\/p>\n<p>Alle Hirten: Wir schuften f\u00fcr nen Hungerlohn, wir sind die Deppen der Nation.<\/p>\n<p>Hirte 1: Schafe.<\/p>\n<p>Hirte 2: Schafe.<\/p>\n<p>Hirte 3: Schafe. Soweit man gucken kann. Bis an den Horizont. Sturm, Sand und Schafe.<\/p>\n<p>Hirte 1: Machst du jetzt einen auf Dichter?<\/p>\n<p>Hirte 3: H\u00e4h\u00e4, machst du jetzt einen auf Dichter. Ich und Dichter? Du bist wo nicht ganz dicht. In der Thoraschule hab ich immer auf der letzten Bank gehockt. Weil ich immer das Schin mit dem Sin verwechselt hab.<\/p>\n<p>Hirte 1: Mensch, das ist doch pappeeinfach. Beim Sin ist de Punkt vorn und beim Schin ist der Punkt hinten. Hinter allem steckt der Schin Beth. So merkt man sich das. Das nennt man eine Eselsbr\u00fccke. Das wei\u00df doch jeder Schmock, du Esel.<\/p>\n<p>Hirte 3: Schmock, Schmock, Schmock, gleich kriegste was mitn Stock. Hamse gerufen. Jeden Tag. Und dann hie\u00df es immer: ab in den Stall mit dir! Da, wo du hingeh\u00f6rst, zu den Viechern, du Drecksack.<\/p>\n<p>Hirte 1: Und jetzt biste hier.<\/p>\n<p>Hirte 3: Und jetzt bin ich hier. Bei den Viechern.<\/p>\n<p>Alle Hirten: Wir schuften f\u00fcr nen Hungerlohn, wir sind die Deppen der Nation.<\/p>\n<p>Hirte 2: Schafe.<\/p>\n<p>Hirte 3: Schafe.<\/p>\n<p>Hirte 1: Schafe. Soweit man gucken kann. Bis an den Horizont. Schafskacke, Wetterjacke, Altersmacke.<\/p>\n<p>Hirte 2: Ey, endlich mal etwas Originelles von dir. Ich dachte, du bist schon v\u00f6llig dement.<\/p>\n<p>Hirte 1: Du hast ja keine Ahnung, wie das ist, alt zu sein. Ich war mal wer. Jetzt wollen sie nur noch Junge, in der Stadt. Also hab ich mich verdr\u00fcckt, bin aufs Land.<\/p>\n<p>Hirte 2: Und jetzt biste hier. Als Chef bei den Viechern.<\/p>\n<p>Hirte 1: Und jetzt bin ich hier. Bei den Viechern.<\/p>\n<p>Alle Hirten: Wir schuften f\u00fcr nen Hungerlohn, wir sind die Deppen der Nation.<\/p>\n<p>Hirte 3: Schafe.<\/p>\n<p>Hirte 2: Schafe.<\/p>\n<p>Hirte 1: Schafe. Soweit man gucken kann. Bis an den Horizont. (erstaunt) Wer isn das?<\/p>\n<p>Hirte 2: Wo?<\/p>\n<p>Hirte 1: Na, da dr\u00fcben.<\/p>\n<p>&nbsp;<\/p>\n<p>Szene 2: Die Mentaltrainerin<\/p>\n<p>M-Trainerin: Hallo Hirten, wie geht\u2019s euch?<\/p>\n<p>Hirte 2: Schafschlecht.<\/p>\n<p>M-Trainerin: Was?<\/p>\n<p>Hirte 1: Schlafschlecht, meinte er. Schlafschlecht, immer nur schlafschlecht.<\/p>\n<p>M-Trainerin: Dann habe ich genau das Richtige f\u00fcr Euch!<\/p>\n<p>Hirte 1: Was denn?<\/p>\n<p>M-Trainerin: Das wird hier Euch mobilisieren. (zeigt eine rosarote Brille) Ihr braucht einen neuen Blick auf das Leben. Kein Wunder, dass ihr durchh\u00e4ngt, wenn ihr alles nur grau in grau seht. Ihr m\u00fcsst anfangen, positiv zu denken. Wie ihr ins Leben hineinruft, so schallt es heraus. Jeder von uns ist ein Superheld, die meisten wissen es nur nicht. Es wird Zeit, dass ihr eure riesigen Potentiale entdeckt. Ihr seid zu Gro\u00dfem f\u00e4hig! Lasst den Siegertyp in Euch von der Leine. Schluss mit Schwarzsehen! Mit meinen Brillen geht das ganz einfach!<\/p>\n<p>Hirte 3: Du meinst das rosarote Ding da?<\/p>\n<p>M-Trainerin: Ja, probier mal.<\/p>\n<p>Hirte 3: Wo sind denn meine sch\u00f6nen wei\u00dfen Schafe hin? Weg! Ich sehe alles nur noch rosarot!<\/p>\n<p>Hirte 2: Zeig mal her, ich will das auch versuchen. (bekommt Brille) Hilfe, da krieg ich gleich Kopfschmerzen!<\/p>\n<p>Hirte 1: Ich will auch eine. (bekommt Brille \u00fcberreicht, nun haben alle drei Hirten eine rosarote Brille auf)<\/p>\n<p>M-Trainerin: Und wie ist es?<\/p>\n<p>Hirte 1: (Steht auf, schaut sich langsam im Raum um, setzt dann die Brille ab, dann mehrmals wieder auf und wieder ab, schaut sich immer wieder im Raum um) Und was soll der Spa\u00df kosten?<\/p>\n<p>M-Trainerin: F\u00fcr euch mache ich einen Sonderpreis. 999 Zisterzen das St\u00fcck.<\/p>\n<p>Hirte 1: Was? Soviel verdien ich in meinem ganzen Leben nicht. Und das alles f\u00fcr einen Sylvesterscherz?<\/p>\n<p>M-Trainerin: (gekr\u00e4nkt) In Rom haben sie mir die Brillen aus den H\u00e4nden gerissen, sogar der C\u00e4sar tr\u00e4gt eine. (Verlangt Brillen zur\u00fcck) Puh, dass hier ist eben die hinterste Provinz. (setzt eine ihrer Brillen auf und geht ab)<\/p>\n<p>Hirte 1: (ruft hinterher) Hinterste Provinz? Was du verkaufst, hilft dir ja selber nicht!<\/p>\n<p>(Musik als Zwischenspiel)<\/p>\n<p>&nbsp;<\/p>\n<p>Szene 3: Die Anlageberaterin<\/p>\n<p>A-Beraterin: Einen wundersch\u00f6nen guten Abend, verehrte Herren.<\/p>\n<p>Alle Hirten: (nacheinander) Namd. Namd. Namd.<\/p>\n<p>A-Beraterin: Wie seht ihr denn aus? (sieht sich um) Und ist das hier, wo ihr wohnt?<\/p>\n<p>Hirte 2: F\u00fcr uns gibt\u2019s nichts Besseres.<\/p>\n<p>A-Beraterin: Das kann ich aber schnell \u00e4ndern. Hier kommt ein neuer Appartmentkomplex hin, f\u00fcr jeden von euch eine Loftwohnung mit herrlichen Ausblick \u00fcber das Land. Den Rest k\u00f6nnt ihr vermieten.<\/p>\n<p>Hirte 1: Und wie soll das gehen, bittesch\u00f6n?<\/p>\n<p>A-Beraterin: (zeigt Mappe) So! Das ist mein Portfolio! Alles voll mit sicheren und renditestarken Anlagen basierend auf den innovativsten und erfolgreichsten Projekten des ganzen Imperiums! Investieren statt verlieren. Dank meines au\u00dfergew\u00f6hnlichen Scharfsinns ist alles einfach, kompromisslos und zuverl\u00e4ssig. Ich bin die beste Chance, aus eurem Dreck in die Chefetage aufzusteigen. Und so geht\u2019s: Ich vermittle euch ein erstklassiges Aktienpaket. Scharfsinn statt Schafsinn. Noch Fragen?<\/p>\n<p>Hirte 1: Und wie w\u00fcrde das funktionieren? (Steht auf, zeigt seine leeren Hosentaschen)<\/p>\n<p>A-Beraterin: Ganz einfach. Ihr verkauft eure Schafe und investiert den Erl\u00f6s in sichere und renditestarke Anlagen. Dann m\u00fcsst ihr nur noch zusehen, wie die Kurse steigen. Schaf war gestern, heute wird gelebt!<\/p>\n<p>Hirte 2: Und was wird dann aus unseren Schafen?<\/p>\n<p>A-Beraterin: Irgendwas. Brust, R\u00fccken oder Keule.<\/p>\n<p>Hirte 2: (W\u00fctend, steht auf) Aber da geht\u2019s lang. Und zwar ganz, ganz schnell. Ich will gleich nur noch einen Kondensstreifen sehen. Sonst\u2026 (sch\u00fcttelt seinen Stock)<\/p>\n<p>A-Beraterin: (im Abgang) Wer nichts riskiert, der verliert. (Jetzt stehen die zwei anderen Hirten auf und sch\u00fctteln ihre St\u00f6cke.<\/p>\n<p>Hirte 1+3: Und lass dich hier nie wieder sehen!<\/p>\n<p>(Musik als Zwischenspiel, Hirten stehen aufgeregt zusammen, schimpfen und sch\u00fctteln weiter ihre St\u00f6cke)<\/p>\n<p>&nbsp;<\/p>\n<p>Szene 4: Die Terroristin<\/p>\n<p>Terroristin: Habt ihr das der gerade aber gezeigt! Das war echt super! Ihr seid M\u00e4nner, die sich nicht alles gefallen lassen! Wenn es nach mir geht, ich sehe hier eine zuk\u00fcnftige Terrorzelle!<\/p>\n<p>Hirte 3: Was, eine Anlaufstelle? Wof\u00fcr?<\/p>\n<p>Terroristin: Terrorzelle, nicht Anlaufstelle. Oder doch \u2013 eine Anlaufstelle f\u00fcr den Widerstand.<\/p>\n<p>Hirte 1: Wer bist du denn?<\/p>\n<p>Terroristin: Sieht man das nicht? Ich komme von der Heimatfront. Wir sind die wahren Israeliten.<\/p>\n<p>Hirte 2: Und was willst du hier?<\/p>\n<p>Terroristin: Ich suche genau solche Typen wie euch. Leute, die mit dem System fertig sind. Die bereit sind, alles in die Luft zu sprengen. Aber nur mit St\u00f6ckern geht das nicht. Ihr braucht richtige Waffen. Und gutes Training. Wir machen aus jedem von euch einen K\u00e4mpfer mit Muckies und Mut. Wir werden solchen Leuten wie der da (zeigt auf Anlageberaterin) richtig Feuer unterm Hintern machen. Israel first! Wir werden die R\u00f6mer davonjagen! Aber das ist nur der Anfang! Dann kommt die neue Zeit f\u00fcr die ganze Welt!<\/p>\n<p>Hirte 1: Meinst du die gigangistische Weltrevolution?<\/p>\n<p>Terroristin: Genau!<\/p>\n<p>Hirte 1: Denkst du, ich bin bl\u00f6d? Nicht mit mir. Wer das Schwert nimmt, wird durch das Schwert umkommen, das hat mein Vater immer gesagt.<\/p>\n<p>Terroristin: (zu Hirte 2+3) Und was ist mit euch? Seid ihr dabei? Tretet ihr ein?<\/p>\n<p>Hirte 2: Also ohne unsern Chef geht gar nichts. Wenn der nicht will, dann wollen wir auch nicht.<\/p>\n<p>Terroristin: Was seid ihr nur f\u00fcr Schw\u00e4chlinge! Lahmhasen! Schafsk\u00f6pfe! Angepasste Konsumenten! Wenn alle so w\u00e4ren wir ihr, dann wird hier nie was anders.<\/p>\n<p>Hirte 3: Red doch, was du willst, ich bleib lieber am Leben.<\/p>\n<p>Terroristin: So einfach kommt ihr nicht davon! Das n\u00e4chste Mal bringe ich meine Kameraden mit. Dann werden wir uns mit euch mal ernsthaft unterhalten. (droht mit der Faust)<\/p>\n<p>Hirte 2: Mir reichts.<\/p>\n<p>Hirte 1: Sollen die ganzen Besserwisser bleiben, wo der Pfeffer w\u00e4chst.<\/p>\n<p>Hirte 3: Wir wollen unsere Ruhe! Endlich Ruhe!<\/p>\n<p>(Musik als Zwischenspiel)<\/p>\n<p>&nbsp;<\/p>\n<p>Szene 5: Der Engel<\/p>\n<p>Engel: Hallo, ihr da, ihr Hirten auf dem Felde.<\/p>\n<p>Hirte 1: Was ist denn das schon wieder? Ist die nette Frau von der Heimatfront wieder da? Hat sie ihre Kameraden mitgebracht?<\/p>\n<p>Hirte 2: Hast du mich verstanden: Mir reichts!<\/p>\n<p>Hirte 3: Leute, ich glaub mein Schaf pfeift, wenn mich meine Augen nicht t\u00e4uschen \u2013 das ist ein Engel!<\/p>\n<p>Hirte 1: Was, ein Engel?<\/p>\n<p>Hirte 2: Dann nichts wie weg. Mit denen ist nicht zu spa\u00dfen. (alle ducken sich)<\/p>\n<p>Engel: Ihr braucht keine Angst zu haben. Ich tu euch nichts. Gott hat mich geschickt. Ich soll euch sagen, dass in eurem Dorf etwas ganz Gro\u00dfes passiert ist. Gott ist Mensch geworden. Geht hin und schaut euch das Baby an. Es wird euer Leben ver\u00e4ndern. (Engel ab)<\/p>\n<p>Hirte 2: Das will ich unbedingt sehen!<\/p>\n<p>Hirte 1: Ich komm mit!<\/p>\n<p>Hirte 3: Ich auch.<\/p>\n<p>(Gehen langsam dorthin, wo die Gemeinde und Maria und Josef sitzen, Musik als Zwischenspiel)<\/p>\n<p>&nbsp;<\/p>\n<p>Szene 6: An der Krippe<\/p>\n<p>Levon: Guten Abend, wir kommen von der Schaffarm.<\/p>\n<p>Josef: Das sieht man.<\/p>\n<p>Maria: Seid willkommen. Wir sind Maria und Josef. Und das ist unser Baby.<\/p>\n<p>Hirte 2: Ich wei\u00df, das ist das Lamm, das Gott f\u00fcr jeden von uns opfern wird. Er wird endlich den ganzen Dreck wegnehmen, der zwischen Gott und uns allen ist. (nach Johannes 1, 29, Volxbibel)<\/p>\n<p>Hirte 1: Und dieses Lamm wird direkt am Thron Gottes stehen. Bei den vier gewaltigen Wesen und den vierundzwanzig \u00c4ltesten. Es wird umringt sein von Milliarden von Engeln. Das Lamm ist mitten im Zentrum. Und da wird es f\u00fcr immer sein. Nur dieses Lamm kann alle R\u00e4tsel des Lebens und der Geschichte l\u00f6sen. (nach Offenbarung 5)<\/p>\n<p>Hirte 3: Schaf ist das letzte? Von wegen! Schaf ist das Beste!<\/p>\n<p>Maria: Ja, wegen unserem Jesus, dem Retter der Welt.<\/p>\n","protected":false},"excerpt":{"rendered":"<div class=\"mh-excerpt\"><p>Aufs Schaf gekommen Redaktionelle Angaben zum Krippenspiel: Rollen\u00fcbersicht Hirte 1 Hirte 2 Hirte 3 Maria Josef Levon (tritt in der Krippenszene auf) Mentaltrainerin Anlageberaterin Terroristin Engel Das St\u00fcck ist f\u00fcr neun Mitspieler konzipiert, wobei einige <a class=\"mh-excerpt-more\" href=\"https:\/\/krippenspiele.d-hauser.com\/?page_id=626\" title=\"Andreas Erben 3\">[&#8230;]<\/a><\/p>\n<\/div>","protected":false},"author":1,"featured_media":0,"parent":2,"menu_order":0,"comment_status":"closed","ping_status":"closed","template":"","meta":{"footnotes":""},"class_list":["post-626","page","type-page","status-publish"],"_links":{"self":[{"href":"https:\/\/krippenspiele.d-hauser.com\/index.php?rest_route=\/wp\/v2\/pages\/626","targetHints":{"allow":["GET"]}}],"collection":[{"href":"https:\/\/krippenspiele.d-hauser.com\/index.php?rest_route=\/wp\/v2\/pages"}],"about":[{"href":"https:\/\/krippenspiele.d-hauser.com\/index.php?rest_route=\/wp\/v2\/types\/page"}],"author":[{"embeddable":true,"href":"https:\/\/krippenspiele.d-hauser.com\/index.php?rest_route=\/wp\/v2\/users\/1"}],"replies":[{"embeddable":true,"href":"https:\/\/krippenspiele.d-hauser.com\/index.php?rest_route=%2Fwp%2Fv2%2Fcomments&post=626"}],"version-history":[{"count":5,"href":"https:\/\/krippenspiele.d-hauser.com\/index.php?rest_route=\/wp\/v2\/pages\/626\/revisions"}],"predecessor-version":[{"id":632,"href":"https:\/\/krippenspiele.d-hauser.com\/index.php?rest_route=\/wp\/v2\/pages\/626\/revisions\/632"}],"up":[{"embeddable":true,"href":"https:\/\/krippenspiele.d-hauser.com\/index.php?rest_route=\/wp\/v2\/pages\/2"}],"wp:attachment":[{"href":"https:\/\/krippenspiele.d-hauser.com\/index.php?rest_route=%2Fwp%2Fv2%2Fmedia&parent=626"}],"curies":[{"name":"wp","href":"https:\/\/api.w.org\/{rel}","templated":true}]}}