{"id":59,"date":"2020-03-08T15:39:18","date_gmt":"2020-03-08T14:39:18","guid":{"rendered":"http:\/\/krippenspiele.d-hauser.com\/?page_id=59"},"modified":"2020-03-08T18:52:36","modified_gmt":"2020-03-08T17:52:36","slug":"herbert-hege","status":"publish","type":"page","link":"https:\/\/krippenspiele.d-hauser.com\/?page_id=59","title":{"rendered":"Herbert Hege"},"content":{"rendered":"\n<h2 class=\"wp-block-heading\">Die Weihnachtsgeschichte \u2013 erz\u00e4hlt und gespielt<\/h2>\n\n\n\n<p>(Die eingebauten Lieder sind von Weihnachtmusicals &#8222;Treffpunkt Stall&#8220; und &#8222;Auf dem Weg nach Bethlehem&#8220;. Sie k\u00f6nnen auch ausgetauscht werden.)<\/p>\n\n\n\n<p>Am Anfang stand eine traurige Feststellung Gottes:<\/p>\n\n\n\n<p>\u201eDie Menschen, die ich geschaffen habe und die ich liebe, haben sich zum B\u00f6sen verf\u00fchren lassen. Sie fragen nicht mehr nach mir. Sie haben ein hartes, ungehorsames Herz. Sie denken und tun Dinge, die mir weh tun: sie hassen und streiten, sind zornig und geizig, sie l\u00fcgen und stehlen, sie machen Krieg und bringen sich um, sie zerst\u00f6ren sich selbst und die Sch\u00f6pfung, sie zerst\u00f6ren ihre Beziehungen, sie glauben nicht mehr an Gott und machen sich viele falsche G\u00f6tzen.\u201c<\/p>\n\n\n\n<p>Aber Gott liebte die Menschen so sehr, dass er ihnen unbedingt helfen wollte. Er wollte ihnen ein neues, weiches und gehorsames Herz schenken, das wieder nach Gott fragt. So beschloss er, seinen Sohn auf die Erde zu senden, um die Menschen zu erl\u00f6sen. ER allein konnte diese schwere Aufgabe&nbsp; erf\u00fcllen. Er sollte der Retter sein. Und Gott lie\u00df das Kommen des Retters ank\u00fcndigen durch die Propheten. Alle heiligen Schriften sprachen davon. Und die Menschen warteten auf die Ankunft des Retters&#8230;<\/p>\n\n\n\n<p><strong>Eine Strophe: Auf dem Weg nach Bethlehem&#8230;<\/strong><\/p>\n\n\n\n<p>Eines Tages war es dann so weit: \u201eDie Zeit war erf\u00fcllt.\u201c Gottes Zeit war da, zu handeln. Und Gott sandte seinen Sohn, geboren von einer Frau in Israel, dem Volk und Land, das Gott zum Heil der Welt als sein Volk erw\u00e4hlt hatte. In Rom regierte zu dieser Zeit der Kaiser Augustus. Israel war unter r\u00f6mischer Herrschaft. K\u00f6nig Herodes war in Israel Verwalter f\u00fcr den r\u00f6mischen Kaiser.<\/p>\n\n\n\n<p>In dieser Zeit lebten in der kleinen Stadt Nazareth zwei junge Leute. Sie waren verliebt, sie waren verlobt und sie wollten sp\u00e4ter heiraten.<\/p>\n\n\n\n<p>Die junge Frau hie\u00df <strong>Maria (vortreten<\/strong>). Sie war sehr jung, fast noch ein M\u00e4dchen.<\/p>\n\n\n\n<p>Der junge Mann hie\u00df <strong>Josef (vortreten<\/strong>). Er war etwas \u00e4lter und hatte schon einen Beruf. Er war Zimmermann.<\/p>\n\n\n\n<p>Maria war noch zu Hause bei ihren Eltern und Josef arbeitete in seiner Werkstatt.<\/p>\n\n\n\n<p>Eines Tages erlebt Maria etwas besonderes. Sie bekommt Besuch! Ein Engel kommt zu ihr. Gott selbst hat den Engel Gabriel nach Nazareth zu Maria geschickt. Er soll Maria etwas sagen!<\/p>\n\n\n\n<p><strong>1. Engel:<\/strong>&nbsp;&nbsp;&nbsp;&nbsp;&nbsp;&nbsp;&nbsp;&nbsp; Maria, Gott schickt mich zu dir.<\/p>\n\n\n\n<p>&nbsp;&nbsp;&nbsp;&nbsp;&nbsp;&nbsp;&nbsp;&nbsp;&nbsp;&nbsp;&nbsp;&nbsp;&nbsp;&nbsp;&nbsp;&nbsp;&nbsp;&nbsp;&nbsp;&nbsp;&nbsp;&nbsp;&nbsp; Gott zum Gru\u00df \u2013 er selbst ist hier!<\/p>\n\n\n\n<p>&nbsp;&nbsp;&nbsp;&nbsp;&nbsp;&nbsp;&nbsp;&nbsp;&nbsp;&nbsp;&nbsp;&nbsp;&nbsp;&nbsp;&nbsp;&nbsp;&nbsp;&nbsp;&nbsp;&nbsp;&nbsp;&nbsp;&nbsp; Hab keine Angst, der Herr ist gut.<\/p>\n\n\n\n<p>&nbsp;&nbsp;&nbsp;&nbsp;&nbsp;&nbsp;&nbsp;&nbsp;&nbsp;&nbsp;&nbsp;&nbsp;&nbsp;&nbsp;&nbsp;&nbsp;&nbsp;&nbsp;&nbsp;&nbsp;&nbsp;&nbsp;&nbsp; Er ist bei dir, drum habe Mut!<\/p>\n\n\n\n<p>&nbsp;&nbsp;&nbsp;&nbsp;&nbsp;&nbsp;&nbsp;&nbsp;&nbsp;&nbsp;&nbsp;&nbsp;&nbsp;&nbsp;&nbsp;&nbsp;&nbsp;&nbsp;&nbsp;&nbsp;&nbsp;&nbsp;&nbsp; Du wirst einen Sohn bekommen<\/p>\n\n\n\n<p>&nbsp;&nbsp;&nbsp;&nbsp;&nbsp;&nbsp;&nbsp;&nbsp;&nbsp;&nbsp;&nbsp;&nbsp;&nbsp;&nbsp;&nbsp;&nbsp;&nbsp;&nbsp;&nbsp;&nbsp;&nbsp;&nbsp;&nbsp; Diesen sollst du Jesus nennen.<\/p>\n\n\n\n<p>&nbsp;&nbsp;&nbsp;&nbsp;&nbsp;&nbsp;&nbsp;&nbsp;&nbsp;&nbsp;&nbsp;&nbsp;&nbsp;&nbsp;&nbsp;&nbsp;&nbsp;&nbsp;&nbsp;&nbsp;&nbsp;&nbsp;&nbsp; Der Sohn des H\u00f6chsten kommt zur Welt.<\/p>\n\n\n\n<p>&nbsp;&nbsp;&nbsp;&nbsp;&nbsp;&nbsp;&nbsp;&nbsp;&nbsp;&nbsp;&nbsp;&nbsp;&nbsp;&nbsp;&nbsp;&nbsp;&nbsp;&nbsp;&nbsp;&nbsp;&nbsp;&nbsp;&nbsp; Der ewige Herrscher, von Gott erw\u00e4hlt.<\/p>\n\n\n\n<p><strong>Maria:&nbsp;&nbsp;&nbsp;&nbsp;&nbsp;&nbsp;&nbsp;&nbsp;&nbsp;&nbsp;&nbsp; <\/strong>Ich wei\u00df nicht, wie das gehen soll,<\/p>\n\n\n\n<p>&nbsp;&nbsp;&nbsp;&nbsp;&nbsp;&nbsp;&nbsp;&nbsp;&nbsp;&nbsp;&nbsp;&nbsp;&nbsp;&nbsp;&nbsp;&nbsp;&nbsp;&nbsp;&nbsp;&nbsp;&nbsp;&nbsp;&nbsp; Mein Herz ist nur des Staunens voll!<\/p>\n\n\n\n<p><strong>Engel: <\/strong>&nbsp;&nbsp;&nbsp;&nbsp;&nbsp;&nbsp;&nbsp;&nbsp;&nbsp;&nbsp;&nbsp; Gott selbst wird dieses Wunder tun.<\/p>\n\n\n\n<p>&nbsp;&nbsp;&nbsp;&nbsp;&nbsp;&nbsp;&nbsp;&nbsp;&nbsp;&nbsp;&nbsp;&nbsp;&nbsp;&nbsp;&nbsp;&nbsp;&nbsp;&nbsp;&nbsp;&nbsp;&nbsp;&nbsp;&nbsp; Du darfst getrost in seinen H\u00e4nden ruh\u2019n.<\/p>\n\n\n\n<p><strong>Maria:<\/strong>&nbsp;&nbsp;&nbsp;&nbsp;&nbsp;&nbsp;&nbsp;&nbsp;&nbsp;&nbsp;&nbsp; Es soll gescheh\u2019n wie du gesagt.<\/p>\n\n\n\n<p>&nbsp;&nbsp;&nbsp;&nbsp;&nbsp;&nbsp;&nbsp;&nbsp;&nbsp;&nbsp;&nbsp;&nbsp;&nbsp;&nbsp;&nbsp;&nbsp;&nbsp;&nbsp;&nbsp;&nbsp;&nbsp;&nbsp;&nbsp; Ja, ich bin gerne Gottes Magd.<\/p>\n\n\n\n<p>Wow! Das war eine Wucht! Maria soll Gottes Sohn zur Welt bringen, Jesus, den Retter. Ob Maria das fassen konnte?<\/p>\n\n\n\n<p><strong>Maria (oder jemand anders) singt:<\/strong><\/p>\n\n\n\n<p>Herr, ich kanns nicht begreifen, ich darf des Heilands Mutter sein.<\/p>\n\n\n\n<p>Herr, ich kanns nicht begreifen: ich bin dir nicht zu klein.<\/p>\n\n\n\n<p>Refrain evt. alle: Ich freue mich, ich freue mich, ich bin so gl\u00fccklich und froh.<\/p>\n\n\n\n<p>Der Heiland schenkt sich selber mir, ich freue, freue mich so!<\/p>\n\n\n\n<p>Maria:<\/p>\n\n\n\n<p>Herr, ich kanns nicht begreifen, dass du der Vater des Kinders bist.<\/p>\n\n\n\n<p>Herr, ich kanns nicht begreifen: erf\u00fcllt die Verhei\u00dfung ist.<\/p>\n\n\n\n<p>Refrain: Ich freue mich, ich freue mich, ich bin so gl\u00fccklich und froh.<\/p>\n\n\n\n<p>Der Heiland schenkt sich selber mir, ich freue, freue mich so!<\/p>\n\n\n\n<p>Maria freute sich. Aber was w\u00fcrde Josef dazu sagen? Als Josef h\u00f6rte, dass Maria ein Kind erwartete, da war er doch sehr erschrocken \u2013 und es war schwer f\u00fcr ihn. Er wusste ja nicht, wie das geschehen war. Aber Gott hatte auch an Josef gedacht. W\u00e4hrend er schlief, sprach der Engel des Herrn zu Josef im Traum und erkl\u00e4rte ihm dass Marias Kind Gottes Sohn ist, der zur Welt kommen und die Menschen von ihren S\u00fcnden befreien soll!<\/p>\n\n\n\n<p><strong>Josef:&nbsp; <\/strong>&nbsp;&nbsp;&nbsp;&nbsp;&nbsp;&nbsp;&nbsp;&nbsp;&nbsp;&nbsp;&nbsp; Was tr\u00e4um\u2018 ich da so Wunderbares!<\/p>\n\n\n\n<p>&nbsp;&nbsp;&nbsp;&nbsp;&nbsp;&nbsp;&nbsp;&nbsp;&nbsp;&nbsp;&nbsp;&nbsp;&nbsp;&nbsp;&nbsp;&nbsp;&nbsp;&nbsp;&nbsp;&nbsp;&nbsp;&nbsp;&nbsp; Ist es ein Traum \u2013 ist es was Wahres?<\/p>\n\n\n\n<p>&nbsp;&nbsp;&nbsp;&nbsp;&nbsp;&nbsp;&nbsp;&nbsp;&nbsp;&nbsp;&nbsp;&nbsp;&nbsp;&nbsp;&nbsp;&nbsp;&nbsp;&nbsp;&nbsp;&nbsp;&nbsp;&nbsp;&nbsp; Ich dachte schon: Jetzt ist es aus<\/p>\n\n\n\n<p>&nbsp;&nbsp;&nbsp;&nbsp;&nbsp;&nbsp;&nbsp;&nbsp;&nbsp;&nbsp;&nbsp;&nbsp;&nbsp;&nbsp;&nbsp;&nbsp;&nbsp;&nbsp;&nbsp;&nbsp;&nbsp;&nbsp;&nbsp; Und wollte weggeh\u2019n \u2013 welch ein Graus!<\/p>\n\n\n\n<p>&nbsp;&nbsp;&nbsp;&nbsp;&nbsp;&nbsp;&nbsp;&nbsp;&nbsp;&nbsp;&nbsp;&nbsp;&nbsp;&nbsp;&nbsp;&nbsp;&nbsp;&nbsp;&nbsp;&nbsp;&nbsp;&nbsp;&nbsp; Nun hat Gott seine Hand im Spiel!<\/p>\n\n\n\n<p>&nbsp;&nbsp;&nbsp;&nbsp;&nbsp;&nbsp;&nbsp;&nbsp;&nbsp;&nbsp;&nbsp;&nbsp;&nbsp;&nbsp;&nbsp;&nbsp;&nbsp;&nbsp;&nbsp;&nbsp;&nbsp;&nbsp;&nbsp; Kaum kann ich\u2019s fassen; es ist zu viel!<\/p>\n\n\n\n<p>&nbsp;&nbsp;&nbsp;&nbsp;&nbsp;&nbsp;&nbsp;&nbsp;&nbsp;&nbsp;&nbsp;&nbsp;&nbsp;&nbsp;&nbsp;&nbsp;&nbsp;&nbsp;&nbsp;&nbsp;&nbsp;&nbsp;&nbsp; Doch wenn Gott mich gebrauchen kann,<\/p>\n\n\n\n<p>&nbsp;&nbsp;&nbsp;&nbsp;&nbsp;&nbsp;&nbsp;&nbsp;&nbsp;&nbsp;&nbsp;&nbsp;&nbsp;&nbsp;&nbsp;&nbsp;&nbsp;&nbsp;&nbsp;&nbsp;&nbsp;&nbsp;&nbsp; Will ich ein Vater sein f\u00fcr\u2019s Kind.<\/p>\n\n\n\n<p>&nbsp;&nbsp;&nbsp;&nbsp;&nbsp;&nbsp;&nbsp;&nbsp;&nbsp;&nbsp;&nbsp;&nbsp;&nbsp;&nbsp;&nbsp;&nbsp;&nbsp;&nbsp;&nbsp;&nbsp;&nbsp;&nbsp;&nbsp; Ich will Maria nicht verlassen.<\/p>\n\n\n\n<p>&nbsp;&nbsp;&nbsp;&nbsp;&nbsp;&nbsp;&nbsp;&nbsp;&nbsp;&nbsp;&nbsp;&nbsp;&nbsp;&nbsp;&nbsp;&nbsp;&nbsp;&nbsp;&nbsp;&nbsp;&nbsp;&nbsp;&nbsp; Mit Gott \u2013 da werden wir\u2019s schon schaffen!<\/p>\n\n\n\n<p>Der Josef war mutig und er hielt Wort. Er nahm Maria zu sich und heiratete sie. Jetzt waren sie zusammen &#8211; ein junges Paar, das bereit war, Gott zu dienen und Gottes Wege zu gehen, auch wenn sie nicht alles verstanden und viele Schwierigkeiten damit verbunden waren!<\/p>\n\n\n\n<p>Das Kindlein in Maria wuchs, der Bauch wurde dicker. Da kam eines Tages ein Mann nach Nazareth \u2013 ein Bote des Kaisers. Er lief durch das St\u00e4dtchen und rief laut:<\/p>\n\n\n\n<p><strong>Ausrufer:<\/strong>&nbsp;&nbsp;&nbsp;&nbsp;&nbsp;&nbsp; H\u00f6rt alle her, der Kaiser l\u00e4sst euch sagen:<\/p>\n\n\n\n<p>&nbsp;&nbsp;&nbsp;&nbsp;&nbsp;&nbsp;&nbsp;&nbsp;&nbsp;&nbsp;&nbsp;&nbsp;&nbsp;&nbsp;&nbsp;&nbsp;&nbsp;&nbsp;&nbsp;&nbsp;&nbsp;&nbsp;&nbsp; Er will das Volk z\u00e4hlen in diesen Tagen.<\/p>\n\n\n\n<p>&nbsp;&nbsp;&nbsp;&nbsp;&nbsp;&nbsp;&nbsp;&nbsp;&nbsp;&nbsp;&nbsp;&nbsp;&nbsp;&nbsp;&nbsp;&nbsp;&nbsp;&nbsp;&nbsp;&nbsp;&nbsp;&nbsp;&nbsp; Ein jeder muss gehen in die Stadt,<\/p>\n\n\n\n<p>&nbsp;&nbsp;&nbsp;&nbsp;&nbsp;&nbsp;&nbsp;&nbsp;&nbsp;&nbsp;&nbsp;&nbsp;&nbsp;&nbsp;&nbsp;&nbsp;&nbsp;&nbsp;&nbsp;&nbsp;&nbsp;&nbsp;&nbsp; Wo er seine Vorfahren hat.<\/p>\n\n\n\n<p>O weh! Das war keine gute Nachricht. Die Vorfahren von Josef und Maria waren aus Bethlehem. Das war ganz sch\u00f6n weit weg von Nazareth. Drei bis vier Tage musste man zu Fu\u00df gehen, um von Nazareth nach Bethlehem zu kommen. Und Maria war hoch schwanger. Aber es half nichts. Josef und Maria machten sich auf den Weg.<\/p>\n\n\n\n<p><strong>Strophe: Kalt ist die Nacht und die Reise ist weit&#8230;<\/strong><\/p>\n\n\n\n<p>Endlich kamen sie nach Bethlehem \u2013 aber wo sollten sie wohnen? Viele Leute waren nach Bethlehem gekommen und es gab kaum noch Platz in den H\u00e4usern und Herbergen. Pl\u00f6tzlich&nbsp; merkte Maria, dass das Kind jetzt kommen w\u00fcrde. Wo sollten sie hin? Zum Gl\u00fcck fanden sie wenigstens einen notd\u00fcrftigen Unterschlupf in einem Stall. Da kam der Sohn Gottes zur Welt \u2013 und Maria wickelte ihn in Windeln und legte ihn in eine Futterkrippe. Sie hatte kein anderes Bett f\u00fcr&nbsp; ihn.<\/p>\n\n\n\n<p>Da sa\u00dfen sie \u2013 Maria und Josef, das junge Paar, das Gottes Wege gehen wollte, allein \u2013 in einem dreckigen Stall \u2013 und m\u00fchten sich notd\u00fcrftig um ihr erstes Kind. Hatte Gott sie vergessen?<\/p>\n\n\n\n<p>Nein! Gott hatte schon daf\u00fcr gesorgt, dass bald Besuch kommen w\u00fcrde!<\/p>\n\n\n\n<h3 class=\"wp-block-heading\">Lied: Aus der Krippe leuchtet Gottes Herrlichkeit&#8230; Refrain &#8211; Strophe 1 &#8211; Refrain<\/h3>\n\n\n\n<p>Drau\u00dfen auf den Wiesen und Feldern von Bethlehem waren Hirten und h\u00fcteten ihre Schafe (Hirten stehen auf). Auf einmal trat der Engel des Herrn zu ihnen und die Herrlichkeit Gottes strahlte um sie herum in wunderbarer Klarheit. Die Hirten waren sehr erschrocken und sie bekamen Angst! Aber der Engel sagte:<\/p>\n\n\n\n<p><strong>2. Engel:<\/strong>&nbsp;&nbsp;&nbsp;&nbsp;&nbsp;&nbsp;&nbsp;&nbsp; F\u00fcrchtet euch nicht!<\/p>\n\n\n\n<p>&nbsp;&nbsp;&nbsp;&nbsp;&nbsp;&nbsp;&nbsp;&nbsp;&nbsp;&nbsp;&nbsp;&nbsp;&nbsp;&nbsp;&nbsp;&nbsp;&nbsp;&nbsp;&nbsp;&nbsp;&nbsp;&nbsp;&nbsp; Siehe, ich verk\u00fcndige euch gro\u00dfe Freude,<\/p>\n\n\n\n<p>die allem Volk widerfahren wird.<\/p>\n\n\n\n<p>Denn euch ist heute der Heiland geboren,<\/p>\n\n\n\n<p>welcher ist Christus, der Herr in der Stadt David\u2019s<\/p>\n\n\n\n<p>Und das habt zum Zeichen:<\/p>\n\n\n\n<p>Ihr werdet finden das Kind in Windeln gewickelt und in einer Krippe liegen.<\/p>\n\n\n\n<p>Auf einmal waren viele, viele Engel da und sie sangen wunderbar. Sie lobten Gott und sprachen:<\/p>\n\n\n\n<p><strong>Evt. singen:&nbsp;&nbsp;&nbsp; <\/strong>&nbsp;&nbsp;&nbsp;&nbsp;&nbsp;&nbsp;&nbsp;&nbsp;&nbsp;&nbsp;&nbsp;&nbsp;&nbsp;&nbsp;&nbsp;&nbsp;&nbsp;&nbsp;&nbsp;&nbsp;&nbsp;&nbsp;&nbsp; Ehre sei Gott in der H\u00f6he und Frieden auf Erden, auf Erden und den<\/p>\n\n\n\n<p>(oder gem. sprechen)&nbsp;&nbsp;&nbsp;&nbsp;&nbsp;&nbsp;&nbsp;&nbsp;&nbsp;&nbsp;&nbsp;&nbsp;&nbsp; Menschen ein Wohlgefallen. Amen, Amen.<\/p>\n\n\n\n<p>Dann wurde es wieder still. Langsam kamen die Hirten wieder auf die Beine. Auf einmal hatten sie es sehr eilig!<\/p>\n\n\n\n<p><strong>1. Hirte<\/strong>:&nbsp;&nbsp;&nbsp;&nbsp;&nbsp;&nbsp;&nbsp;&nbsp;&nbsp; Heut\u2018 ist eine wunderbare Nacht.<\/p>\n\n\n\n<p>&nbsp;&nbsp;&nbsp;&nbsp;&nbsp;&nbsp;&nbsp;&nbsp;&nbsp;&nbsp;&nbsp;&nbsp;&nbsp;&nbsp;&nbsp;&nbsp;&nbsp;&nbsp;&nbsp;&nbsp;&nbsp;&nbsp;&nbsp; Ein Engel hat uns die Botschaft gebracht:<\/p>\n\n\n\n<p>&nbsp;&nbsp;&nbsp;&nbsp;&nbsp;&nbsp;&nbsp;&nbsp;&nbsp;&nbsp;&nbsp;&nbsp;&nbsp;&nbsp;&nbsp;&nbsp;&nbsp;&nbsp;&nbsp;&nbsp;&nbsp;&nbsp;&nbsp; Der Heiland ist geboren heut\u2018<\/p>\n\n\n\n<p>&nbsp;&nbsp;&nbsp;&nbsp;&nbsp;&nbsp;&nbsp;&nbsp;&nbsp;&nbsp;&nbsp;&nbsp;&nbsp;&nbsp;&nbsp;&nbsp;&nbsp;&nbsp;&nbsp;&nbsp;&nbsp;&nbsp;&nbsp; In Bethlehem. Das ist nicht weit!<\/p>\n\n\n\n<p><strong>2. Hirte<\/strong>&nbsp;&nbsp;&nbsp;&nbsp;&nbsp;&nbsp;&nbsp;&nbsp;&nbsp;&nbsp; Ein kleines Kind in einem Stalle.<\/p>\n\n\n\n<p>&nbsp;&nbsp;&nbsp;&nbsp;&nbsp;&nbsp;&nbsp;&nbsp;&nbsp;&nbsp;&nbsp;&nbsp;&nbsp;&nbsp;&nbsp;&nbsp;&nbsp;&nbsp;&nbsp;&nbsp;&nbsp;&nbsp;&nbsp; O wie freuen wir uns alle!<\/p>\n\n\n\n<p>&nbsp;&nbsp;&nbsp;&nbsp;&nbsp;&nbsp;&nbsp;&nbsp;&nbsp;&nbsp;&nbsp;&nbsp;&nbsp;&nbsp;&nbsp;&nbsp;&nbsp;&nbsp;&nbsp;&nbsp;&nbsp;&nbsp;&nbsp; In Windeln und in einer Krippe \u2013<\/p>\n\n\n\n<p>&nbsp;&nbsp;&nbsp;&nbsp;&nbsp;&nbsp;&nbsp;&nbsp;&nbsp;&nbsp;&nbsp;&nbsp;&nbsp;&nbsp;&nbsp;&nbsp;&nbsp;&nbsp;&nbsp;&nbsp;&nbsp;&nbsp;&nbsp; So kommt Gott selbst in unsre Mitte!<\/p>\n\n\n\n<p><strong>3. Hirte<\/strong>&nbsp;&nbsp;&nbsp;&nbsp;&nbsp;&nbsp;&nbsp;&nbsp;&nbsp;&nbsp; Kommt, lasst uns schnell zum Stalle eilen<\/p>\n\n\n\n<p>&nbsp;&nbsp;&nbsp;&nbsp;&nbsp;&nbsp;&nbsp;&nbsp;&nbsp;&nbsp;&nbsp;&nbsp;&nbsp;&nbsp;&nbsp;&nbsp;&nbsp;&nbsp;&nbsp;&nbsp;&nbsp;&nbsp;&nbsp; und nicht mehr l\u00e4nger hier verweilen!<\/p>\n\n\n\n<p>&nbsp;&nbsp;&nbsp;&nbsp;&nbsp;&nbsp;&nbsp;&nbsp;&nbsp;&nbsp;&nbsp;&nbsp;&nbsp;&nbsp;&nbsp;&nbsp;&nbsp;&nbsp;&nbsp;&nbsp;&nbsp;&nbsp;&nbsp; Ein gro\u00dfes Wunder ist geschehen.<\/p>\n\n\n\n<p>&nbsp;&nbsp;&nbsp;&nbsp;&nbsp;&nbsp;&nbsp;&nbsp;&nbsp;&nbsp;&nbsp;&nbsp;&nbsp;&nbsp;&nbsp;&nbsp;&nbsp;&nbsp;&nbsp;&nbsp;&nbsp;&nbsp;&nbsp; Nun woll\u2019n wir unsern Retter sehen.<\/p>\n\n\n\n<p>Und so liefen sie nach Bethlehem zum Stall. O, wie waren sie gl\u00fccklich, als sie das Jesus-Kind sahen! Der Retter ist da! Sie konnten es nicht f\u00fcr sich behalten. Allen mussten sie es erz\u00e4hlen: Jesus, der Retter ist da!<\/p>\n\n\n\n<p><strong>Lied von allen:&nbsp;&nbsp;&nbsp;&nbsp;&nbsp;&nbsp;&nbsp;&nbsp;&nbsp; Der Retter kommt, f\u00fcr uns zur Welt&#8230;<\/strong><\/p>\n\n\n\n<p>Die Hirten waren nicht die einzigen Besucher. Da waren noch andere unterwegs. Es waren kluge, weise und reiche M\u00e4nner von weit, weit her im Osten, die Weisen aus dem Morgenland. (Weise kommen von hinten.) Gott hatte durch einen Stern zu ihnen gesprochen und gesagt, dass ein neuer, g\u00f6ttlicher K\u00f6nig geboren wird. So kamen sie und suchten diesen neugeborenen K\u00f6nig. Sie suchten zuerst am falschen Platz, n\u00e4mlich in Jerusalem am K\u00f6nigshof des K\u00f6nigs Herodes. Dort klopften sie an. Dort fragten sie nach.<\/p>\n\n\n\n<p><strong>1. Weiser:<\/strong>&nbsp;&nbsp;&nbsp;&nbsp;&nbsp;&nbsp; Von weit, weit her sind wir gekommen.<\/p>\n\n\n\n<p>&nbsp;&nbsp;&nbsp;&nbsp;&nbsp;&nbsp;&nbsp;&nbsp;&nbsp;&nbsp;&nbsp;&nbsp;&nbsp;&nbsp;&nbsp;&nbsp;&nbsp;&nbsp;&nbsp;&nbsp;&nbsp;&nbsp;&nbsp; Wir haben frohe Kunde vernommen:<\/p>\n\n\n\n<p>&nbsp;&nbsp;&nbsp;&nbsp;&nbsp;&nbsp;&nbsp;&nbsp;&nbsp;&nbsp;&nbsp;&nbsp;&nbsp;&nbsp;&nbsp;&nbsp;&nbsp;&nbsp;&nbsp;&nbsp;&nbsp;&nbsp;&nbsp; Ein neuer K\u00f6nig ist geboren.<\/p>\n\n\n\n<p>&nbsp;&nbsp;&nbsp;&nbsp;&nbsp;&nbsp;&nbsp;&nbsp;&nbsp;&nbsp;&nbsp;&nbsp;&nbsp;&nbsp;&nbsp;&nbsp;&nbsp;&nbsp;&nbsp;&nbsp;&nbsp;&nbsp;&nbsp; Das klingt sehr gut in unser\u2019n Ohren!<\/p>\n\n\n\n<p><strong>2. Weiser:<\/strong>&nbsp;&nbsp;&nbsp;&nbsp;&nbsp;&nbsp; Vom Morgenlande kommen wir.<\/p>\n\n\n\n<p>&nbsp;&nbsp;&nbsp;&nbsp;&nbsp;&nbsp;&nbsp;&nbsp;&nbsp;&nbsp;&nbsp;&nbsp;&nbsp;&nbsp;&nbsp;&nbsp;&nbsp;&nbsp;&nbsp;&nbsp;&nbsp;&nbsp;&nbsp; Ihr fragt: Und warum seid ihr hier?<\/p>\n\n\n\n<p>&nbsp;&nbsp;&nbsp;&nbsp;&nbsp;&nbsp;&nbsp;&nbsp;&nbsp;&nbsp;&nbsp;&nbsp;&nbsp;&nbsp;&nbsp;&nbsp;&nbsp;&nbsp;&nbsp;&nbsp;&nbsp;&nbsp;&nbsp; Gott hat uns mit einem Stern gezeigt:<\/p>\n\n\n\n<p>&nbsp;&nbsp;&nbsp;&nbsp;&nbsp;&nbsp;&nbsp;&nbsp;&nbsp;&nbsp;&nbsp;&nbsp;&nbsp;&nbsp;&nbsp;&nbsp;&nbsp;&nbsp;&nbsp;&nbsp;&nbsp;&nbsp;&nbsp; Dass er sich zu den Menschen neigt.<\/p>\n\n\n\n<p><strong>3. Weiser:<\/strong>&nbsp;&nbsp;&nbsp;&nbsp;&nbsp;&nbsp; Der Stern hat uns hierher gebracht.<\/p>\n\n\n\n<p>&nbsp;&nbsp;&nbsp;&nbsp;&nbsp;&nbsp;&nbsp;&nbsp;&nbsp;&nbsp;&nbsp;&nbsp;&nbsp;&nbsp;&nbsp;&nbsp;&nbsp;&nbsp;&nbsp;&nbsp;&nbsp;&nbsp;&nbsp; Wir gingen durch manch dunkle Nacht.<\/p>\n\n\n\n<p>&nbsp;&nbsp;&nbsp;&nbsp;&nbsp;&nbsp;&nbsp;&nbsp;&nbsp;&nbsp;&nbsp;&nbsp;&nbsp;&nbsp;&nbsp;&nbsp;&nbsp;&nbsp;&nbsp;&nbsp;&nbsp;&nbsp;&nbsp; Wir wollen den neuen K\u00f6nig ehren,<\/p>\n\n\n\n<p>&nbsp;&nbsp;&nbsp;&nbsp;&nbsp;&nbsp;&nbsp;&nbsp;&nbsp;&nbsp;&nbsp;&nbsp;&nbsp;&nbsp;&nbsp;&nbsp;&nbsp;&nbsp;&nbsp;&nbsp;&nbsp;&nbsp;&nbsp; Das k\u00f6nnt ihr uns doch nicht verwehren!<\/p>\n\n\n\n<p>Herodes wurde ganz blass, als er das h\u00f6rte. Er wurde ganz aufgeregt und sprach zu sich selbst:<\/p>\n\n\n\n<p><strong>Herodes:<\/strong>&nbsp;&nbsp;&nbsp;&nbsp;&nbsp;&nbsp;&nbsp; Was ich hier h\u00f6re, macht mir bange.<\/p>\n\n\n\n<p>&nbsp;&nbsp;&nbsp;&nbsp;&nbsp;&nbsp;&nbsp;&nbsp;&nbsp;&nbsp;&nbsp;&nbsp;&nbsp;&nbsp;&nbsp;&nbsp;&nbsp;&nbsp;&nbsp;&nbsp;&nbsp;&nbsp;&nbsp; Ich bin hier K\u00f6nig \u2013 doch wie lange?<\/p>\n\n\n\n<p>&nbsp;&nbsp;&nbsp;&nbsp;&nbsp;&nbsp;&nbsp;&nbsp;&nbsp;&nbsp;&nbsp;&nbsp;&nbsp;&nbsp;&nbsp;&nbsp;&nbsp;&nbsp;&nbsp;&nbsp;&nbsp;&nbsp;&nbsp; Ich muss die Schriftgelehrten fragen,<\/p>\n\n\n\n<p>&nbsp;&nbsp;&nbsp;&nbsp;&nbsp;&nbsp;&nbsp;&nbsp;&nbsp;&nbsp;&nbsp;&nbsp;&nbsp;&nbsp;&nbsp;&nbsp;&nbsp;&nbsp;&nbsp;&nbsp;&nbsp;&nbsp;&nbsp; Ob die da was zu sagen haben.<\/p>\n\n\n\n<p>Die Schriftgelehrten \u2013 jetzt braucht er sie! Herodes wusste, dass Gott durch sein Wort redet. Warum hatte er nicht fr\u00fcher geh\u00f6rt? Die Schriftgelehrten forschten in allen Schriftrollen der Propheten. Sie suchten in all dem, was Gott durch Mose und die Propheten hatte sagen und schreiben lassen. Und siehe da \u2013 sie fanden eine klare Auskunft!<\/p>\n\n\n\n<p><strong>1. Schriftgelehrter:<\/strong>&nbsp;&nbsp; Wir haben geforscht in der ganzen Schrift<\/p>\n\n\n\n<p>&nbsp;&nbsp;&nbsp;&nbsp;&nbsp;&nbsp;&nbsp;&nbsp;&nbsp;&nbsp;&nbsp;&nbsp;&nbsp;&nbsp;&nbsp;&nbsp;&nbsp;&nbsp;&nbsp;&nbsp;&nbsp;&nbsp;&nbsp;&nbsp;&nbsp;&nbsp;&nbsp;&nbsp;&nbsp;&nbsp;&nbsp;&nbsp;&nbsp;&nbsp; Ob die Nachricht vom K\u00f6nig wirklich zutrifft.<\/p>\n\n\n\n<p><strong>2. Schriftgelehrter:<\/strong>&nbsp;&nbsp; Wir haben viel\u2018 Verhei\u00dfungen gefunden.<\/p>\n\n\n\n<p>&nbsp;&nbsp;&nbsp;&nbsp;&nbsp;&nbsp;&nbsp;&nbsp;&nbsp;&nbsp;&nbsp;&nbsp;&nbsp;&nbsp;&nbsp;&nbsp;&nbsp;&nbsp;&nbsp;&nbsp;&nbsp;&nbsp;&nbsp;&nbsp;&nbsp;&nbsp;&nbsp;&nbsp;&nbsp;&nbsp;&nbsp;&nbsp;&nbsp;&nbsp; Gott hat sich an sein Wort gebunden.<\/p>\n\n\n\n<p><strong>3. Schriftgelehrter:<\/strong>&nbsp;&nbsp; Aus Bethlehem, so haben wir vernommen,<\/p>\n\n\n\n<p>&nbsp;&nbsp;&nbsp;&nbsp;&nbsp;&nbsp;&nbsp;&nbsp;&nbsp;&nbsp;&nbsp;&nbsp;&nbsp;&nbsp;&nbsp;&nbsp;&nbsp;&nbsp;&nbsp;&nbsp;&nbsp;&nbsp;&nbsp;&nbsp;&nbsp;&nbsp;&nbsp;&nbsp;&nbsp;&nbsp;&nbsp;&nbsp;&nbsp;&nbsp; wird eines Tages der g\u00f6ttliche K\u00f6nig kommen.<\/p>\n\n\n\n<p>Nun wusste der K\u00f6nig Herodes, wo der neugeborene K\u00f6nig zu finden war. Er lie\u00df heimlich die Weisen M\u00e4nner rufen und war ganz freundlich zu ihnen. Er sagte ihnen, dass der neue K\u00f6nig in Bethlehem geboren werden sollte.<\/p>\n\n\n\n<p><strong>Herodes:<\/strong>&nbsp;&nbsp;&nbsp;&nbsp;&nbsp;&nbsp;&nbsp; So geht nach Bethlehem! Sucht, bis ihr wisst,<\/p>\n\n\n\n<p>&nbsp;&nbsp;&nbsp;&nbsp;&nbsp;&nbsp;&nbsp;&nbsp;&nbsp;&nbsp;&nbsp;&nbsp;&nbsp;&nbsp;&nbsp;&nbsp;&nbsp;&nbsp;&nbsp;&nbsp;&nbsp;&nbsp;&nbsp; Ob dort ein Kind geboren ist,<\/p>\n\n\n\n<p>&nbsp;&nbsp;&nbsp;&nbsp;&nbsp;&nbsp;&nbsp;&nbsp;&nbsp;&nbsp;&nbsp;&nbsp;&nbsp;&nbsp;&nbsp;&nbsp;&nbsp;&nbsp;&nbsp;&nbsp;&nbsp;&nbsp;&nbsp; Das man den K\u00f6nig nennen kann.<\/p>\n\n\n\n<p>&nbsp;&nbsp;&nbsp;&nbsp;&nbsp;&nbsp;&nbsp;&nbsp;&nbsp;&nbsp;&nbsp;&nbsp;&nbsp;&nbsp;&nbsp;&nbsp;&nbsp;&nbsp;&nbsp;&nbsp;&nbsp;&nbsp;&nbsp; Dann kommt zur\u00fcck, und sagt mir\u2018s an!<\/p>\n\n\n\n<p>Schnell gingen die Weisen fort aus dem Palast in Richtung Bethlehem und \u2013 o Freude! \u2013 sie sahen wieder den Stern! Der f\u00fchrte sie an den Ort, wo Maria und Josef und das Jesus-Kind waren. Die klugen, weisen und reichen M\u00e4nner brachten Geschenke mit. Und sie knieten nieder und beteten Jesus an.<\/p>\n\n\n\n<p><strong>(Lied: Wir haben dich heut nacht gefunden&#8230;.)<\/strong><\/p>\n\n\n\n<p>Alle waren froh! Maria und Josef \u2013 die staunten \u00fcber den ganzen Besuch, den Gott nach Bethlehem geschickt hatte! Nein, Gott hatte sie nicht vergessen. ER war da, auch im Stall von Bethlehem.<\/p>\n\n\n\n<p>Die Hirten und die Weisen waren gl\u00fccklich, weil sie Jesus, den Sohn Gottes, den Retter der Welt gefunden hatten!<\/p>\n\n\n\n<p>Und alle, die die frohe Botschaft h\u00f6rten, freuten sich und dankten und lobten Gott!<\/p>\n\n\n\n<p><strong>Alle singen:<\/strong>&nbsp;&nbsp;&nbsp; Refr.: Aus der Krippe leuchtet Gottes Herrlichkeit,<\/p>\n\n\n\n<p>&nbsp;&nbsp;&nbsp;&nbsp;&nbsp;&nbsp;&nbsp;&nbsp;&nbsp;&nbsp;&nbsp;&nbsp;&nbsp;&nbsp;&nbsp;&nbsp;&nbsp;&nbsp;&nbsp;&nbsp;&nbsp;&nbsp;&nbsp; seine Liebe reicht unendlich weit.<\/p>\n\n\n\n<p>&nbsp;&nbsp;&nbsp;&nbsp;&nbsp;&nbsp;&nbsp;&nbsp;&nbsp;&nbsp;&nbsp;&nbsp;&nbsp;&nbsp;&nbsp;&nbsp;&nbsp;&nbsp;&nbsp;&nbsp;&nbsp;&nbsp;&nbsp; In dem Kind l\u00e4dt er uns alle zu sich ein.<\/p>\n\n\n\n<p>&nbsp;&nbsp;&nbsp;&nbsp;&nbsp;&nbsp;&nbsp;&nbsp;&nbsp;&nbsp;&nbsp;&nbsp;&nbsp;&nbsp;&nbsp;&nbsp;&nbsp;&nbsp;&nbsp;&nbsp;&nbsp;&nbsp;&nbsp; Denn Gott will dir und mir ganz nahe sein.<\/p>\n\n\n\n<p>&nbsp;&nbsp;&nbsp;&nbsp;&nbsp;&nbsp;&nbsp;&nbsp;&nbsp;&nbsp;&nbsp;&nbsp;&nbsp;&nbsp;&nbsp;&nbsp;&nbsp;&nbsp;&nbsp;&nbsp;&nbsp;&nbsp;&nbsp; In Kind und Windeln sagt uns Gott: Ich bin bei euch,&nbsp;&nbsp;&nbsp; seh eure Not.<\/p>\n\n\n\n<p>&nbsp;&nbsp;&nbsp;&nbsp;&nbsp;&nbsp;&nbsp;&nbsp;&nbsp;&nbsp;&nbsp;&nbsp;&nbsp;&nbsp;&nbsp;&nbsp;&nbsp;&nbsp;&nbsp;&nbsp;&nbsp;&nbsp;&nbsp; Ich mach euch heil, was auch geschah. F\u00fcr eure Sorgen bin ich da.<\/p>\n\n\n\n<p>&nbsp;&nbsp;&nbsp;&nbsp;&nbsp;&nbsp;&nbsp;&nbsp;&nbsp;&nbsp;&nbsp;&nbsp;&nbsp;&nbsp;&nbsp;&nbsp;&nbsp;&nbsp;&nbsp;&nbsp;&nbsp;&nbsp;&nbsp; Refrain:<\/p>\n\n\n\n<p>&nbsp;&nbsp;&nbsp;&nbsp;&nbsp;&nbsp;&nbsp;&nbsp;&nbsp;&nbsp;&nbsp;&nbsp;&nbsp;&nbsp;&nbsp;&nbsp;&nbsp;&nbsp;&nbsp;&nbsp;&nbsp;&nbsp;&nbsp; Der gro\u00dfe Gott verl\u00e4sst sein Reich, wird uns armselgen Menschen gleich.<\/p>\n\n\n\n<p>&nbsp;&nbsp;&nbsp;&nbsp;&nbsp;&nbsp;&nbsp;&nbsp;&nbsp;&nbsp;&nbsp;&nbsp;&nbsp;&nbsp;&nbsp;&nbsp;&nbsp;&nbsp;&nbsp;&nbsp;&nbsp;&nbsp;&nbsp; Es soll niemand verloren sein. Drum glaubt dem Kind, es f\u00fchrt euch heim.<\/p>\n","protected":false},"excerpt":{"rendered":"<div class=\"mh-excerpt\"><p>Die Weihnachtsgeschichte \u2013 erz\u00e4hlt und gespielt (Die eingebauten Lieder sind von Weihnachtmusicals &#8222;Treffpunkt Stall&#8220; und &#8222;Auf dem Weg nach Bethlehem&#8220;. Sie k\u00f6nnen auch ausgetauscht werden.) Am Anfang stand eine traurige Feststellung Gottes: \u201eDie Menschen, die <a class=\"mh-excerpt-more\" href=\"https:\/\/krippenspiele.d-hauser.com\/?page_id=59\" title=\"Herbert Hege\">[&#8230;]<\/a><\/p>\n<\/div>","protected":false},"author":1,"featured_media":0,"parent":2,"menu_order":0,"comment_status":"closed","ping_status":"closed","template":"","meta":{"footnotes":""},"class_list":["post-59","page","type-page","status-publish"],"_links":{"self":[{"href":"https:\/\/krippenspiele.d-hauser.com\/index.php?rest_route=\/wp\/v2\/pages\/59","targetHints":{"allow":["GET"]}}],"collection":[{"href":"https:\/\/krippenspiele.d-hauser.com\/index.php?rest_route=\/wp\/v2\/pages"}],"about":[{"href":"https:\/\/krippenspiele.d-hauser.com\/index.php?rest_route=\/wp\/v2\/types\/page"}],"author":[{"embeddable":true,"href":"https:\/\/krippenspiele.d-hauser.com\/index.php?rest_route=\/wp\/v2\/users\/1"}],"replies":[{"embeddable":true,"href":"https:\/\/krippenspiele.d-hauser.com\/index.php?rest_route=%2Fwp%2Fv2%2Fcomments&post=59"}],"version-history":[{"count":1,"href":"https:\/\/krippenspiele.d-hauser.com\/index.php?rest_route=\/wp\/v2\/pages\/59\/revisions"}],"predecessor-version":[{"id":60,"href":"https:\/\/krippenspiele.d-hauser.com\/index.php?rest_route=\/wp\/v2\/pages\/59\/revisions\/60"}],"up":[{"embeddable":true,"href":"https:\/\/krippenspiele.d-hauser.com\/index.php?rest_route=\/wp\/v2\/pages\/2"}],"wp:attachment":[{"href":"https:\/\/krippenspiele.d-hauser.com\/index.php?rest_route=%2Fwp%2Fv2%2Fmedia&parent=59"}],"curies":[{"name":"wp","href":"https:\/\/api.w.org\/{rel}","templated":true}]}}