{"id":49,"date":"2020-03-08T15:34:40","date_gmt":"2020-03-08T14:34:40","guid":{"rendered":"http:\/\/krippenspiele.d-hauser.com\/?page_id=49"},"modified":"2020-03-08T18:51:51","modified_gmt":"2020-03-08T17:51:51","slug":"christiane-dienel-4","status":"publish","type":"page","link":"https:\/\/krippenspiele.d-hauser.com\/?page_id=49","title":{"rendered":"Christiane Dienel 4"},"content":{"rendered":"\n<h2 class=\"wp-block-heading\">Zion Tele 1<\/h2>\n\n\n\n<p>Krippenspiel f\u00fcr die Sonntagsschule, Weihnachten 2001<\/p>\n\n\n\n<h3 class=\"wp-block-heading\">Die Rollen<\/h3>\n\n\n\n<p>Ansagerin (gr\u00f6\u00dferes M\u00e4dchen)<\/p>\n\n\n\n<p>Maskenbildner (kleines Kind)<\/p>\n\n\n\n<p>Schild-Tr\u00e4ger (kleines Kind)<\/p>\n\n\n\n<p>Beleuchter (Bruder Geiger)<\/p>\n\n\n\n<p>Meteorologin (event. gr\u00f6\u00dferes Kind)<\/p>\n\n\n\n<p>Nachrichtensprecher (Erwachsene)<\/p>\n\n\n\n<p>Brennpunktsprecher (Erwachsene)<\/p>\n\n\n\n<p>Reporter 1 (Kind)<\/p>\n\n\n\n<p>Hirte 1<\/p>\n\n\n\n<p>Hirte 2<\/p>\n\n\n\n<p>Hirte 3 (max. 8 Hirten)<\/p>\n\n\n\n<p>Reporter 2<\/p>\n\n\n\n<p>Wirt<\/p>\n\n\n\n<p>Wirtsfrau<\/p>\n\n\n\n<p>Reporter 3<\/p>\n\n\n\n<p>Kaspar<\/p>\n\n\n\n<p>Melchior<\/p>\n\n\n\n<p>Balthasar<\/p>\n\n\n\n<h4 class=\"wp-block-heading\">SZENE 1: Nachrichtenstudio<\/h4>\n\n\n\n<p>Nachrichten-Musik l\u00e4uft<\/p>\n\n\n\n<p>Ansagerin setzt sich richtig hin \u2013 wird noch einmal bepudert (von Maskenbildner)<\/p>\n\n\n\n<p>Achtung Aufnahme-Schild wird von rechts nach links getragen.<\/p>\n\n\n\n<p>Musik langsam ausblenden.<\/p>\n\n\n\n<p>Ansagerin:&nbsp;&nbsp;&nbsp;&nbsp; Guten Tag, meine sehr verehrten Damen und Herren. Willkommen bei Zion Tele 1. Vor unserem heutigen Programm sehen Sie zuerst die Wettervorhersage f\u00fcr den morgigen Tag und anschlie\u00dfend der Nachrichten\u00fcberblick f\u00fcr die r\u00f6misch besetzte Zone Israel. Danach folgt ein Brennpunkt \u00fcber die heutigen Ereignisse in Bethlehem. Die nachfolgenden Sendungen verschieben sich um eine Viertelstunde. Ich \u00fcbergebe an Frau Dr. Hagelschlag im Wetterstudio.<\/p>\n\n\n\n<p>Beleuchter strahlt auf den Meteorologin.<\/p>\n\n\n\n<p>Meteorologin:&nbsp;&nbsp;&nbsp;&nbsp;&nbsp;&nbsp;&nbsp;&nbsp;&nbsp;&nbsp;&nbsp; Ein Hoch \u00fcber dem Mare Internum bestimmt auch in den n\u00e4chsten Tagen unser Wetter. Leichte n\u00f6rdliche Winde bringen Abk\u00fchlung, besonders in Jud\u00e4a. Die Temperaturen bewegen sich tags\u00fcber im Norden um 20\u00b0 und im S\u00fcden um 25\u00b0. Nachts sinken sie auf 10\u00b0 bis 3\u00b0 ab. Im Norden kann es bei klarem Himmel in vereinzelten Gebieten zu leichtem Bodenfrost kommen.<\/p>\n\n\n\n<p>Gong ert\u00f6nt, Nachrichten-Musik, Kamera schwenkt um zur Nachrichtensprecherin.<\/p>\n\n\n\n<p>Nachr.spr.&nbsp;&nbsp;&nbsp;&nbsp;&nbsp; Ich begr\u00fc\u00dfe Sie beim Nachrichten\u00fcberblick. Die Volksz\u00e4hlnung auf Anordnung unseres verehrten Kaisers Augustus hat viel Unruhe im Land ausgel\u00f6st. \u00dcberall machen sich Menschen auf, um sich in ihren Geburtsorten registrieren zu lassen. Die Hauptstra\u00dfen, vor allem nach Jerusalem und Nazareth, sind v\u00f6llig verstopft. Ortskundige werden gebeten, die Hauptstra\u00dfen zu meiden. Die \u00dcberfallquote, besonders in den Bergregionen, ist sprunghaft angestiegen.&nbsp; Unsere Soldaten werden der Situation nicht mehr Herr. Der Statthalter von Syrien, Quirinius, bittet darum, sich untereinander zu verst\u00e4ndigen, um Schutz gegen R\u00e4uberbanden zu gew\u00e4hrleisten. Neben den meisten Synagogen wurden zu diesem Zweck Mitwanderzentralen eingerichtet.<\/p>\n\n\n\n<p>&nbsp;&nbsp;&nbsp;&nbsp;&nbsp;&nbsp;&nbsp;&nbsp;&nbsp;&nbsp;&nbsp;&nbsp;&nbsp;&nbsp;&nbsp;&nbsp;&nbsp;&nbsp;&nbsp;&nbsp;&nbsp;&nbsp;&nbsp; In den meisten Orten sind alle Unterk\u00fcnfte belegt. Viele \u00fcbernachten unter freiem Himmel. In Jerusalem werden Notquartiere bereitgestellt. Teilweise haben auch Stallbesitzer in den l\u00e4ndlichen Regionen ihre T\u00fcren f\u00fcr G\u00e4ste ge\u00f6ffnet. Informationen \u00fcber Notquartiere erteilen die \u00f6rtlichen Gastwirte.<\/p>\n\n\n\n<p>Aus dem kleinen Ort Bethlehem in Jud\u00e4a haben uns Berichte \u00fcbert ein besonderes Ereignis erreicht, das in der letzten Nacht geschehen sein soll. Aus diesem Anlass schalten wir nun um zum Brennpunkt in unser Regionalstudio Bethlehem.<\/p>\n\n\n\n<p>Brennpkt.Spr.&nbsp;&nbsp;&nbsp;&nbsp;&nbsp;&nbsp;&nbsp;&nbsp;&nbsp;&nbsp;&nbsp; Guten Tag, meine Damen und Herren zu unserem Brennpunkt aus Bethlehem. Merkw\u00fcrdige Dinge haben sich vorletzte Nacht und gestern hier zugetragen. Es entstand einige Aufregung. Genaues ist wegen der un\u00fcbersichtlichen Lage, die die Volksz\u00e4hlung in unserer Stadt verursacht hat, noch nicht bekannt. So viel scheint aber festzustehen: Unter den vielen Menschen, die unsere Stadt hat aufnehmen m\u00fcssen, scheinen auch sehr ungew\u00f6hnliche Leute gewesen zu sein.<\/p>\n\n\n\n<p>&nbsp;&nbsp;&nbsp;&nbsp;&nbsp;&nbsp;&nbsp;&nbsp;&nbsp;&nbsp;&nbsp;&nbsp;&nbsp;&nbsp;&nbsp;&nbsp;&nbsp;&nbsp;&nbsp;&nbsp;&nbsp;&nbsp;&nbsp;&nbsp;&nbsp;&nbsp;&nbsp;&nbsp;&nbsp;&nbsp;&nbsp;&nbsp;&nbsp;&nbsp; In unserem Brennpunkt werden wir direkt zu unseren Reportern vor Ort schalten, die Ihnen live Bericht erstatten werden. Ich schalte jetzt gleich zu unserem Reporter Levi. H\u00f6ren Sie mich?<\/p>\n\n\n\n<p><strong>***********<\/strong><\/p>\n\n\n\n<p><strong>SZENE 2: Reporter 1 und Hirten<\/strong><\/p>\n\n\n\n<p>Rep. 1&nbsp;&nbsp;&nbsp;&nbsp;&nbsp;&nbsp;&nbsp;&nbsp;&nbsp;&nbsp;&nbsp; Ja, ich h\u00f6re Sie gut. Ich bin hier auf den Feldern vor der Stadt. Vor mir stehen einige Hirten. Was haben Sie gesehen?<\/p>\n\n\n\n<p>Hirte 1&nbsp;&nbsp;&nbsp;&nbsp;&nbsp;&nbsp;&nbsp;&nbsp;&nbsp;&nbsp;&nbsp; Letzte Nacht, als wir bei den Schafen schliefen, wurden wir von einem hellen Licht geweckt. Ein wunderbarer Gesang war zu h\u00f6ren.<\/p>\n\n\n\n<p>alle Hirten singen \u201eEngel haben Himmelslieder auf den Feldern angestimmt. Echo hallt vom Berge wider, dass es jedes Ohr vernimmt. Glo..oo.ooria&#8230; in excelsis deo.<\/p>\n\n\n\n<p>&nbsp;&nbsp;&nbsp;&nbsp;&nbsp;&nbsp;&nbsp;&nbsp;&nbsp;&nbsp;&nbsp;&nbsp;&nbsp;&nbsp;&nbsp;&nbsp;&nbsp;&nbsp;&nbsp;&nbsp;&nbsp;&nbsp;&nbsp; Gott gibt allen Menschen Frieden, die in seiner Gnade sind. Freude wurde uns beschieden durch ein neugeboren Kind. Glo ooo ria &#8230; in excelsis deo.<\/p>\n\n\n\n<p>Rep. 1&nbsp;&nbsp;&nbsp;&nbsp;&nbsp;&nbsp;&nbsp;&nbsp;&nbsp;&nbsp;&nbsp; Wie haben Sie sich gef\u00fchlt, als da pl\u00f6tzlich Engel auftauchten? Ich meine, so etwas passiert ja nicht alle Tage!<\/p>\n\n\n\n<p>Hirte2&nbsp;&nbsp;&nbsp;&nbsp;&nbsp;&nbsp;&nbsp;&nbsp;&nbsp;&nbsp;&nbsp;&nbsp; Ja, zuerst hatten wir auch schreckliche Angst. Aber als der eine so freundlich mit uns redete und die anderen so sch\u00f6n sangen, da haben wir Vertrauen gefasst.<\/p>\n\n\n\n<p>Rep. 1&nbsp;&nbsp;&nbsp;&nbsp;&nbsp;&nbsp;&nbsp;&nbsp;&nbsp;&nbsp;&nbsp; Was hat denn der Engel zu Ihnen gesagt?<\/p>\n\n\n\n<p>Hirte 3&nbsp;&nbsp;&nbsp;&nbsp;&nbsp;&nbsp;&nbsp;&nbsp;&nbsp;&nbsp;&nbsp; Er meinte, wir m\u00fcssten zu einem Stall gehen, in dem wir ein neu geborenes Kind mit seinen Eltern finden w\u00fcrden. Und dass sich die ganze Welt \u00fcber dieses Kind freuen w\u00fcrde.<\/p>\n\n\n\n<p>Hirte 4&nbsp;&nbsp;&nbsp;&nbsp;&nbsp;&nbsp;&nbsp;&nbsp;&nbsp;&nbsp;&nbsp; Dann war pl\u00f6tzlich alles dunkel. Wir sind sofort losgelaufen.<\/p>\n\n\n\n<p>Hirte 5&nbsp;&nbsp;&nbsp;&nbsp;&nbsp;&nbsp;&nbsp;&nbsp;&nbsp;&nbsp;&nbsp; Es war genau so wie man es uns gesagt hatte: in einem Stall ein neugeborenes Kind mit seinen Eltern. Es war etwas besonderes mit diesem Kind. Ich bin sicher, das war der Messias.<\/p>\n\n\n\n<p>Rep. 1&nbsp;&nbsp;&nbsp;&nbsp;&nbsp;&nbsp;&nbsp;&nbsp;&nbsp;&nbsp;&nbsp; Wie kommen Sie denn zu der Behauptung?<\/p>\n\n\n\n<p>Hirte 1&nbsp;&nbsp;&nbsp;&nbsp;&nbsp;&nbsp;&nbsp;&nbsp;&nbsp;&nbsp;&nbsp; Der soll doch aus Bethlehem kommen, oder&#8230;? So steht es jedenfalls geschrieben, das habe ich doch schon als kleiner Junge in der Synagoge gelernt. Ich w\u00fcnschte, meine Mutter h\u00e4tte das noch erlebt. Sie hat so auf den Messias gewartet.<\/p>\n\n\n\n<p>Hirte 2&nbsp;&nbsp;&nbsp;&nbsp;&nbsp;&nbsp;&nbsp;&nbsp;&nbsp;&nbsp;&nbsp; Diese Nacht werde ich nie vergessen!<\/p>\n\n\n\n<p>Rep. 1&nbsp;&nbsp;&nbsp;&nbsp;&nbsp;&nbsp;&nbsp;&nbsp;&nbsp;&nbsp;&nbsp; Vielen Dank f\u00fcr dieses Gespr\u00e4ch. Gerade erhalte ich eine Mitteilung aus der Zentrale und gebe gleich weiter an meine Kollegin Rahel in Bethlehem City.<\/p>\n\n\n\n<p><strong>****************<\/strong><\/p>\n\n\n\n<p><strong>SZENE 3: Reporter 2 und Gastwirt\/frau, ggf. G\u00e4ste<\/strong><\/p>\n\n\n\n<p>Rep. 2&nbsp;&nbsp;&nbsp;&nbsp;&nbsp;&nbsp;&nbsp;&nbsp;&nbsp;&nbsp;&nbsp; Guten Abend, ich stehe hier vor einem Stall. Mein Gespr\u00e4chspartner ist HerHerr Schmuel Weinfass, Wirt der Goldenen Gans zu Bethlehem und Besitzer dieses Stalls. Sie hatten gestern Direktkontakt mit der unbekannten jungen Familie?<\/p>\n\n\n\n<p>Wirt&nbsp;&nbsp;&nbsp;&nbsp;&nbsp;&nbsp;&nbsp;&nbsp;&nbsp;&nbsp;&nbsp;&nbsp;&nbsp;&nbsp;&nbsp;&nbsp; Ja, ja, die sind heute morgen weg.<\/p>\n\n\n\n<p>Rep. 2&nbsp;&nbsp;&nbsp;&nbsp;&nbsp;&nbsp;&nbsp;&nbsp;&nbsp;&nbsp;&nbsp; Heute morgen erst? Wissen Sie, wohin?<\/p>\n\n\n\n<p>Wirt&nbsp;&nbsp;&nbsp;&nbsp;&nbsp;&nbsp;&nbsp;&nbsp;&nbsp;&nbsp;&nbsp;&nbsp;&nbsp;&nbsp;&nbsp;&nbsp; Nein, keine Ahnung. Haben ihre Miete bezahlt und sind weg. Nach Hause, nehme ich an.<\/p>\n\n\n\n<p>Rep. 2&nbsp;&nbsp;&nbsp;&nbsp;&nbsp;&nbsp;&nbsp;&nbsp;&nbsp;&nbsp;&nbsp; Warum waren sie denn ausgerechnet in Ihrem Stall?<\/p>\n\n\n\n<p>Wirtsfrau&nbsp;&nbsp;&nbsp;&nbsp;&nbsp;&nbsp;&nbsp; Was soll denn das hei\u00dfen \u2013 \u201eausgerechnet\u201c? Die Frau war ja hochschwanger. Sie erz\u00e4hlten, sie f\u00e4nden keine Unterkunft. Und die ersten Wehen h\u00e4tten eingesetzt. Bei uns war ja auch alles voll. Da blieb nur der Stall.<\/p>\n\n\n\n<p>Rep. 2&nbsp;&nbsp;&nbsp;&nbsp;&nbsp;&nbsp;&nbsp;&nbsp;&nbsp;&nbsp;&nbsp; Wissen Sie genaueres \u00fcber die beiden?<\/p>\n\n\n\n<p>Wirt&nbsp;&nbsp;&nbsp;&nbsp;&nbsp;&nbsp;&nbsp;&nbsp;&nbsp;&nbsp;&nbsp;&nbsp;&nbsp;&nbsp;&nbsp;&nbsp; Nein, keine Ahnung. Aus Nazareth waren sie, glaube ich.<\/p>\n\n\n\n<p>Wirtsfrau&nbsp;&nbsp;&nbsp;&nbsp;&nbsp;&nbsp;&nbsp; Was ist denn mit den beiden? Werden sie gesucht? Mir waren sie doch gleich seltsam vorgekommen. Und dann bekamen sie auch so viel Besuch! Das ist doch nicht normal! Allerdings das Kind war wirklich s\u00fc\u00df. Ein Junge \u00fcbrigens.<\/p>\n\n\n\n<p>Rep. 2&nbsp;&nbsp;&nbsp;&nbsp;&nbsp;&nbsp;&nbsp;&nbsp;&nbsp;&nbsp;&nbsp; ans Fernsehpublikum: Inzwischen wurden Vermutungen laut, dass es sich bei diesem Kind um einen zuk\u00fcnftigen K\u00f6nig handeln k\u00f6nnte. Im Palast des Herodes hat dies f\u00fcr Aufregung gesorgt. Das Ger\u00fccht erhielt weitere Nahrung, weil offenbar gestern auch eine Delegation aus dem Osten in Bethlehem war. Ich h\u00f6re gerade, dass es unserem Studio in Damaskus gelungen ist, diese Delegation f\u00fcr ein Interview zu gewinnen. Ich schalte deshalb um zu meinem Kollegen David in Damaskus.<\/p>\n\n\n\n<p><strong>****************<\/strong><\/p>\n\n\n\n<p><strong>SZENE 3: Reporter 3 mit Sterndeutern<\/strong><\/p>\n\n\n\n<p>Drei Sterndeuter singen:&nbsp;&nbsp;&nbsp;&nbsp; Stern \u00fcber Bethlehem, zeig uns den Weg,<\/p>\n\n\n\n<p>f\u00fchr uns zur Krippe hin, zeig, wo sie steht.<\/p>\n\n\n\n<p>leuchte du uns voran, bis wir dort sind.<\/p>\n\n\n\n<p>Stern \u00fcber Behtlehem, f\u00fchr uns zum Kind.<\/p>\n\n\n\n<p>Stern \u00fcber Bethlehem, nun bleibst du stehn,<\/p>\n\n\n\n<p>und l\u00e4sst uns alle das Wunder hier sehn.<\/p>\n\n\n\n<p>Das da geschehen, was niemand gedacht.<\/p>\n\n\n\n<p>Stern \u00fcber Bethlehem, in dieser Nacht.<\/p>\n\n\n\n<p>Rep. 3&nbsp;&nbsp;&nbsp;&nbsp;&nbsp;&nbsp;&nbsp;&nbsp;&nbsp;&nbsp;&nbsp; Ah ja, hier bin ich wohl richtig. Sind Sie die drei stadtbekannten Sterndeuter Kaspar, Melchior und Balthasar? Was ist geschehen?<\/p>\n\n\n\n<p>Kaspar&nbsp;&nbsp;&nbsp;&nbsp;&nbsp;&nbsp;&nbsp;&nbsp;&nbsp;&nbsp; Meinen Kollegen und mir war am Himmel einen ganz besonderer Stern aufgefallen.<\/p>\n\n\n\n<p>Rep. 3&nbsp;&nbsp;&nbsp;&nbsp;&nbsp;&nbsp;&nbsp;&nbsp;&nbsp;&nbsp;&nbsp; K\u00f6nnen Sie ihn unseren Zuschauern beschreiben?<\/p>\n\n\n\n<p>Melchior&nbsp;&nbsp;&nbsp;&nbsp;&nbsp;&nbsp;&nbsp;&nbsp; Ja, er war besonders hell und gro\u00df. Er hatte einen langen Schweif und gl\u00e4nzte unbeschreiblich hell. Da wusste ich: Ein neuer K\u00f6nig ist geboren. Wir sind diesem Stern gefolgt.<\/p>\n\n\n\n<p>Rep. 3&nbsp;&nbsp;&nbsp;&nbsp;&nbsp;&nbsp;&nbsp;&nbsp;&nbsp;&nbsp;&nbsp; Und dann?<\/p>\n\n\n\n<p>Balthasar&nbsp;&nbsp;&nbsp;&nbsp;&nbsp;&nbsp; Wir sind zuerst zu K\u00f6nig Herodes nach Jerusalem gegangen. Wir wollten ihm gratulieren. Aber Herodes wusste nichts von einem neuen K\u00f6nig. Er war sehr aufgeregt! Er bat uns, ihm alles zu erz\u00e4hlen, was wir herausfinden w\u00fcrden.<\/p>\n\n\n\n<p>Rep. 3&nbsp;&nbsp;&nbsp;&nbsp;&nbsp;&nbsp;&nbsp;&nbsp;&nbsp;&nbsp;&nbsp; Und was haben Sie herausgefunden?<\/p>\n\n\n\n<p>Kaspar&nbsp;&nbsp;&nbsp;&nbsp;&nbsp;&nbsp;&nbsp;&nbsp;&nbsp;&nbsp; Der Stern f\u00fchrte uns nach Bethlehem. Wir trauten unseren Augen nicht: Er hielt \u00fcber einem alten Stall. Darin ein kleines Kind. So etwas haben wir noch nie gesehen: Ein armes Kind, und doch ein K\u00f6nig!<\/p>\n\n\n\n<p>Melchior&nbsp;&nbsp;&nbsp;&nbsp;&nbsp;&nbsp;&nbsp;&nbsp; Es sah wirklich nicht wie ein K\u00f6nig aus. Aber auch K\u00f6nig David war ein kleiner Schafhirte, bevor er zum gro\u00dfen K\u00f6nig wurde.<\/p>\n\n\n\n<p>Balthasar&nbsp;&nbsp;&nbsp;&nbsp;&nbsp;&nbsp; Wir wussten: Wir sind am Ziel. Das ist der K\u00f6nig, auf den alle Menschen hoffen.<\/p>\n\n\n\n<p>Rep. 3&nbsp;&nbsp;&nbsp;&nbsp;&nbsp;&nbsp;&nbsp;&nbsp;&nbsp;&nbsp;&nbsp; Aber Herodes war wohl weniger erfreut?<\/p>\n\n\n\n<p>Kaspar&nbsp;&nbsp;&nbsp;&nbsp;&nbsp;&nbsp;&nbsp;&nbsp;&nbsp;&nbsp; Wir sind nicht zu ihm zur\u00fcckgekehrt, sondern direkt wieder nach Hause gekommen. Wir hatten keinen guten Eindruck von Herodes.<\/p>\n\n\n\n<p>Rep. 3&nbsp;&nbsp;&nbsp;&nbsp;&nbsp;&nbsp;&nbsp;&nbsp;&nbsp;&nbsp;&nbsp; Ich danke Ihnen f\u00fcr dieses Gespr\u00e4ch und gebe zur\u00fcck in unser Jerusalemer Hauptstadtstudio.<\/p>\n\n\n\n<p><strong>***************<\/strong><\/p>\n\n\n\n<p><strong>SZENE 5: Abschluss<\/strong><\/p>\n\n\n\n<p>Brennpktspr.&nbsp; Soweit unsere Reporter vor Ort.<\/p>\n\n\n\n<p>Vieles liegt noch im Dunkeln. Halten wir die Fakten noch einmal fest:<\/p>\n\n\n\n<p>&nbsp;&nbsp;&nbsp;&nbsp;&nbsp;&nbsp;&nbsp;&nbsp;&nbsp;&nbsp;&nbsp;&nbsp;&nbsp;&nbsp;&nbsp;&nbsp;&nbsp;&nbsp;&nbsp;&nbsp;&nbsp;&nbsp;&nbsp; Engel erscheinen Hirten auf den Feldern vor Behtlehem. Sie erz\u00e4hlen etwas von einer Geburt in einem Stall. Die Hirten finden es auch so vor. Sterndeuter aus dem Osten kommen ins Land.<\/p>\n\n\n\n<p>Die Geburt hat Wellen geschlagen bis an den Jerusalemer Hof. K\u00f6nig Herodes ist sehr beunruhigt. Der Pressesprecher des Palastes l\u00e4sst mitteilen: Einen neuen K\u00f6nig brauche man nicht. Die Ereignisse in Bethlehem gef\u00e4hrden die innere Ordnung. Internationale Verwicklungen sind nicht ausgeschlossen.<\/p>\n\n\n\n<p>Ein kleines Kind ist geboren worden. Das Nat\u00fcrlichste auf der Welt, sollte man meinen. Doch unsere Reportagen haben es gezeigt: Die Geburt des Kindes hat die Menschen stark bewegt. Ich bin sicher: Von diesem Kind werden wir noch viel h\u00f6ren.<\/p>\n\n\n\n<p>Wir werden Sie \u00fcber weitere Entwicklungen auf dem Laufenden halten. Und damit verabschiede ich mich von Ihnen am heutigen Abend.<\/p>\n","protected":false},"excerpt":{"rendered":"<div class=\"mh-excerpt\"><p>Zion Tele 1 Krippenspiel f\u00fcr die Sonntagsschule, Weihnachten 2001 Die Rollen Ansagerin (gr\u00f6\u00dferes M\u00e4dchen) Maskenbildner (kleines Kind) Schild-Tr\u00e4ger (kleines Kind) Beleuchter (Bruder Geiger) Meteorologin (event. gr\u00f6\u00dferes Kind) Nachrichtensprecher (Erwachsene) Brennpunktsprecher (Erwachsene) Reporter 1 (Kind) Hirte <a class=\"mh-excerpt-more\" href=\"https:\/\/krippenspiele.d-hauser.com\/?page_id=49\" title=\"Christiane Dienel 4\">[&#8230;]<\/a><\/p>\n<\/div>","protected":false},"author":1,"featured_media":0,"parent":2,"menu_order":0,"comment_status":"closed","ping_status":"closed","template":"","meta":{"footnotes":""},"class_list":["post-49","page","type-page","status-publish"],"_links":{"self":[{"href":"https:\/\/krippenspiele.d-hauser.com\/index.php?rest_route=\/wp\/v2\/pages\/49","targetHints":{"allow":["GET"]}}],"collection":[{"href":"https:\/\/krippenspiele.d-hauser.com\/index.php?rest_route=\/wp\/v2\/pages"}],"about":[{"href":"https:\/\/krippenspiele.d-hauser.com\/index.php?rest_route=\/wp\/v2\/types\/page"}],"author":[{"embeddable":true,"href":"https:\/\/krippenspiele.d-hauser.com\/index.php?rest_route=\/wp\/v2\/users\/1"}],"replies":[{"embeddable":true,"href":"https:\/\/krippenspiele.d-hauser.com\/index.php?rest_route=%2Fwp%2Fv2%2Fcomments&post=49"}],"version-history":[{"count":1,"href":"https:\/\/krippenspiele.d-hauser.com\/index.php?rest_route=\/wp\/v2\/pages\/49\/revisions"}],"predecessor-version":[{"id":50,"href":"https:\/\/krippenspiele.d-hauser.com\/index.php?rest_route=\/wp\/v2\/pages\/49\/revisions\/50"}],"up":[{"embeddable":true,"href":"https:\/\/krippenspiele.d-hauser.com\/index.php?rest_route=\/wp\/v2\/pages\/2"}],"wp:attachment":[{"href":"https:\/\/krippenspiele.d-hauser.com\/index.php?rest_route=%2Fwp%2Fv2%2Fmedia&parent=49"}],"curies":[{"name":"wp","href":"https:\/\/api.w.org\/{rel}","templated":true}]}}