{"id":33,"date":"2020-03-08T14:47:04","date_gmt":"2020-03-08T13:47:04","guid":{"rendered":"http:\/\/krippenspiele.d-hauser.com\/?page_id=33"},"modified":"2020-03-08T18:42:03","modified_gmt":"2020-03-08T17:42:03","slug":"anke-themel","status":"publish","type":"page","link":"https:\/\/krippenspiele.d-hauser.com\/?page_id=33","title":{"rendered":"Anke Themel"},"content":{"rendered":"\n<p><strong>Rollen:<\/strong><\/p>\n\n\n\n<figure class=\"wp-block-table\"><table class=\"\"><tbody><tr><td><strong>Maria<\/strong><\/td><td><\/td><td><strong>Engel 1<\/strong><\/td><td><\/td><\/tr><tr><td><strong>Joseph<\/strong><\/td><td><\/td><td><strong>Engel 2<\/strong><\/td><td><\/td><\/tr><tr><td><strong>Wirt<\/strong><\/td><td><\/td><td><strong>Engel 3<\/strong><\/td><td><\/td><\/tr><tr><td><strong>Wirtskind<\/strong><\/td><td><\/td><td><strong>Engel 4<\/strong><\/td><td><\/td><\/tr><tr><td><strong>Gro\u00dfer Hirte<\/strong><\/td><td><\/td><td><strong>Kaspar<\/strong><\/td><td><\/td><\/tr><tr><td><strong>Kleiner Hirte<\/strong><\/td><td><\/td><td><strong>Melchior<\/strong><\/td><td><\/td><\/tr><tr><td><\/td><td><\/td><td><strong>Balthasar<\/strong><\/td><td><\/td><\/tr><\/tbody><\/table><\/figure>\n\n\n\n<p><strong>Szene 1: Maria und Joseph auf der Reise<\/strong><\/p>\n\n\n\n<p><em>Maria durch ein Dornwald ging 1. Strophe<\/em><\/p>\n\n\n\n<p><strong>Maria:<\/strong> Joseph lass uns eine Pause machen, ich kann nicht mehr. Warum nur m\u00fcssen wir diese beschwerliche Reise unternehmen?<\/p>\n\n\n\n<p><strong>Joseph:<\/strong>&nbsp; Ich habe mir das nicht ausgedacht, Maria! Dieses Gebot kam von Kaiser Augustus. ER will wissen wie viele Steuerzahler in seinem Reich leben. Damit ihm auch ja niemand durch die Lappen geht. Er braucht ja ganz dringend Geld f\u00fcr einen neuen Palast, neue Schuhe oder etwas \u00e4hnlich Lebensnotwendiges.<\/p>\n\n\n\n<p><strong>Maria:<\/strong> Das wei\u00df ich doch alles, Joseph. Und ich wei\u00df doch auch, dass du ebenfalls lieber zu Hause geblieben w\u00e4rest. Aber weil deine Familie nun mal aus Bethlehem kommt, m\u00fcssen wir jetzt dort hin, um uns z\u00e4hlen zu lassen. Da kann man nichts machen. Es ist nur so, dass es gerade ein ganz bl\u00f6der Zeitpunkt f\u00fcr mich ist. Jetzt, wo mir das Laufen so schwer f\u00e4llt.<\/p>\n\n\n\n<p><em>Maria durch ein Dornwald ging 2. Strophe<\/em><\/p>\n\n\n\n<p><strong>Maria<\/strong>: Ja, das war schon eine \u00dcberraschung damals, als der Engel mir verk\u00fcndet hat, das ich Gottes Sohn zur Welt bringen werde. Ausgerechnet ich! Wie sollte ich das denn Joseph erkl\u00e4ren? W\u00fcrde er mir glauben oder mich f\u00fcr verr\u00fcckt erkl\u00e4ren? Ich hatte solche Angst, dass er mich verl\u00e4sst.<\/p>\n\n\n\n<p><strong>Joseph:<\/strong> Das war keine einfache Zeit. Zuerst wollte ich es nicht glauben. Warum sollte gerade uns so etwas passieren? Wir sind doch einfache Leute! Aber ich glaube an Gottes Plan und dass er alles f\u00fcr uns richten wird. Darum hat es sicher auch einen Sinn, dass wir jetzt nach Bethlehem ziehen. Auch wenn wir es jetzt noch nicht verstehen.<\/p>\n\n\n\n<p><strong>Maria:<\/strong> Du hast Recht, Joseph. Lass und weiter laufen. Mir geht es auch schon wieder viel besser. Und ich glaube, da vorn sieht man schon die ersten H\u00e4user von Bethlehem.<\/p>\n\n\n\n<p><strong>Joseph:<\/strong> Na dann komm, Maria. Wenn wir uns beeilen, schaffen wir es noch vor Einbruch der Dunkelheit.<\/p>\n\n\n\n<p><em>Maria durch ein Dornwald ging 3. Strophe<\/em><\/p>\n\n\n\n<p><strong>Maria:<\/strong> Jetzt haben wir schon an so viele T\u00fcren geklopft, aber in keiner Herberge war Platz f\u00fcr uns. Ganz Bethlehem ist voller Menschen. Ich f\u00fcrchte, wir werden auf der Stra\u00dfe schlafen m\u00fcssen.<\/p>\n\n\n\n<p><strong>Joseph:<\/strong> Gib die Hoffnung nicht auf, Maria. Noch haben wir nicht \u00fcberall gefragt. Da vorn in dem Haus brennt noch Licht. Lass uns da unser Gl\u00fcck versuchen.<\/p>\n\n\n\n<p><strong>Joseph:<\/strong> (klopft an die T\u00fcr) Hallo, ist jemand zu Hause? Wir suchen dringend ein Quartier f\u00fcr die Nacht. Haben Sie einen Platz f\u00fcr uns frei?<\/p>\n\n\n\n<p><strong>Wirt:<\/strong> (kommt grummelnd heraus) Was ist denn jetzt schon wieder? Ich hab doch Feierabend und trotzdem klopfen st\u00e4ndig fremde Leute an. Die ganze Stadt ist voller Fremder. Man f\u00fchlt sich einfach nicht mehr sicher. Dabei ist mein Haus schon voll bis unters Dach. Die ganze Verwandtschaft und die meiner Frau hat sich bei uns eingenistet. Gerade wollte ich das Schild raus h\u00e4ngen: \u201eWegen \u00dcberf\u00fcllung geschlossen\u201c, dann habe ich hoffentlich endlich Ruhe. Also Leute, Ihr m\u00fcsst woanders suchen, bei mir ist f\u00fcr Fremde kein Platz!<\/p>\n\n\n\n<p><strong>Maria<\/strong>: Siehst du Joseph ich hab es dir doch gesagt, es ist hoffnungslos!<\/p>\n\n\n\n<p><strong>Joseph:<\/strong> Guter Mann, gibt es denn gar keine Chance? Wir stellen keine gro\u00dfen Anspr\u00fcche. Ein Lager auf dem Boden w\u00fcrde schon gen\u00fcgen. Hauptsache wir haben ein Dach \u00fcber dem Kopf.<\/p>\n\n\n\n<p><strong>Wirt:<\/strong> Hast du es an den Ohren, Mann? Ich hab gesagt, hier ist kein Platz!!! Macht, dass ihr weg kommt und lasst mich in Ruhe!<\/p>\n\n\n\n<p><strong>Joseph: I<\/strong>st ja gut wir gehen schon. (Zieht Maria weg, spricht zu ihr im Gehen) Mit so hartherzigen Leuten m\u00f6chte ich gar nicht unter einem Dach schlafen.<\/p>\n\n\n\n<p>(Maria und Joseph gehen langsam davon)<\/p>\n\n\n\n<p>(Wirtskind tritt auf, Wirt steht noch vor seinem Haus)<\/p>\n\n\n\n<p><strong>Wirtskind:<\/strong> Aber Papa, das kannst du doch nicht machen. Hast du nicht gesehen, die Frau bekommt ein Kind? Die k\u00f6nnen unm\u00f6glich drau\u00dfen schlafen! Wir haben doch noch den Stall hinter dem Haus. Dort ist frisch eingestreut und bei den Tieren ist es auch warm und trocken. Wenn wir Ihnen Decken geben, dann haben sie es dort sch\u00f6n gem\u00fctlich.<\/p>\n\n\n\n<p><strong>Wirt:<\/strong> (skeptisch) Naja, das w\u00e4re eine M\u00f6glichkeit. Aber nur, wenn Sie mir nicht zu Nahe kommen und keine Arbeit machen. Na los, lauf schon und hol sie zur\u00fcck.<\/p>\n\n\n\n<p><strong>Wirtskind:<\/strong> (ruft) Hallo ihr zwei! Wartet! Kommt, ihr k\u00f6nnt in unserem Stall schlafen. Das habe ich euch organisiert. (nimmt Maria bei der Hand)<\/p>\n\n\n\n<p><strong>Maria:<\/strong> Danke, du bist ein liebes Kind. Gott besch\u00fctze dich! (gehen gemeinsam in den Stall)<\/p>\n\n\n\n<p><strong><em>Lied<\/em><\/strong><\/p>\n\n\n\n<p><strong>Szene 2: Hirten auf dem Feld:<\/strong><\/p>\n\n\n\n<p><strong>Kleiner Hirte:<\/strong> (schaut in den Himmel) Papa, da oben sind so viele Sterne. Haben die eigentlich Namen?<\/p>\n\n\n\n<p><strong>Gro\u00dfer Hirte:<\/strong> Du stellst Fragen mein Kind. Sieh dir nur unsere Schafherde an! Wir haben auch ganz viele Schafe und keines hat einen Namen. Warum sollten dann die Sterne Namen haben.<\/p>\n\n\n\n<p><strong>Kleiner Hirte:<\/strong> Ich frage mich nur, wo die Sterne herkommen. Werden die auch geboren wie unsere kleinen L\u00e4mmchen? Und m\u00fcssen Sterne auch sterben? Und gibt es jemanden, der alles erschaffen hat und auf alles aufpasst?<\/p>\n\n\n\n<p><strong>Gro\u00dfer Hirte:<\/strong> Ach Kind, mach dir nicht so viele Gedanken. Ich bin ein Schafhirte und wenn du gro\u00df bist wirst du auch Schafhirte sein. Alles, was du wissen musst kannst du von mir lernen. Und das spielt sich hier auf dem Boden ab und nicht im Sternenhimmel. Unsereins musste schon immer f\u00fcr sich allein sorgen. An ein h\u00f6heres Wesen zu glauben, k\u00f6nnen wir getrost den Priestern \u00fcberlassen.<\/p>\n\n\n\n<p><strong>Kleiner Hirte:<\/strong> Schade! Ich w\u00fcrde so gern daran glauben, dass wir nicht allein auf der Welt sind, sondern jemand da ist, der sich um uns sorgt und uns besch\u00fctzt.<\/p>\n\n\n\n<p><em>Lied: H\u00f6rt der Engel helle Lieder (1. Strophe)<\/em><\/p>\n\n\n\n<p><strong>Kleiner Hirte: <\/strong>Papa, was ist denn jetzt los? H\u00f6rst du den Gesang? Und irgendwie wird es pl\u00f6tzlich heller, es ist doch aber noch gar nicht Morgen.<\/p>\n\n\n\n<p><strong>Gro\u00dfer Hirte:<\/strong> Komm her, mein Kind, hab keine Angst ich besch\u00fctze dich! (r\u00fccken eng zusammen)<\/p>\n\n\n\n<p><em>Lied: H\u00f6rt der Engel helle Lieder (2. Strophe)<\/em><\/p>\n\n\n\n<p><strong>Gro\u00dfer Hirte:<\/strong> Jetzt wird mir das Ganze aber auch langsam unheimlich. Woher kommt dieses Licht? Und dieser Gesang? So etwas habe ich noch nie erlebt.<\/p>\n\n\n\n<p><strong>Kleiner Hirte:<\/strong> Papa schau, da!<\/p>\n\n\n\n<p>(Engel treten auf)<\/p>\n\n\n\n<p><strong>Engel 1:<\/strong> Habt keine Angst! Wir sind Engel \u2013 Boten Gottes \u2013 und wir bringen euch gute Nachrichten!<\/p>\n\n\n\n<p><strong>Engel 2:<\/strong> In dieser Nacht wurde Gottes Sohn geboren. Er ist der Heiland, der Retter der Welt.<\/p>\n\n\n\n<p><strong>Engel 3:<\/strong> Geht und \u00fcberzeugt euch selbst! Ihr findet das Kind in einem Stall in Bethlehem, in Windeln gewickelt in einer Krippe liegen.<\/p>\n\n\n\n<p><strong>Engel 4:<\/strong> Ehre sei Gott in der H\u00f6he und Friede den Menschen auf Erden!<\/p>\n\n\n\n<p>(Engel gehen)<\/p>\n\n\n\n<p><em>Lied: H\u00f6rt der Engel helle Lieder (3. Strophe)<\/em><\/p>\n\n\n\n<p><strong>Kleiner Hirte:<\/strong> Los Papa komm, wir m\u00fcssen nach Bethlehem. Ich will dieses Kind sehen! Hast du geh\u00f6rt, es ist der Retter der Welt!<\/p>\n\n\n\n<p><strong>Gro\u00dfer Hirte:<\/strong> Ich glaube ja eigentlich nicht an solche Sachen. Aber mir wird auf einmal ganz warm uns Herz und ich bin so fr\u00f6hlich. Als ob alle Last der Welt von mir genommen w\u00e4re. Komm, lass uns zusammen packen und nach Bethlehem ziehen. Auch ich will den Heiland sehen.<\/p>\n\n\n\n<p><strong>Kleiner Hirte:<\/strong> Dies ist eine ganz besondere Nacht. Ich glaube, davon wird man sich noch in 2000 Jahren erz\u00e4hlen.<\/p>\n\n\n\n<p>(Hirten gehen)<\/p>\n\n\n\n<p><strong><em>Lied<\/em><\/strong><\/p>\n\n\n\n<p><strong>Szene 3: Die drei Weisen aus dem Morgenland<\/strong><\/p>\n\n\n\n<p>(kommen herein, Balthasar ein St\u00fcck voraus)<\/p>\n\n\n\n<p><strong>Balthasar:<\/strong> W\u00fcrden die Herren so g\u00fctig sein und sich ein wenig beeilen. Der Besuch im Palast von K\u00f6nig Herodes hat uns wertvolle Stunden gekostet und war dennoch v\u00f6llig umsonst. Mein Zeitplan ist ganz und gar durcheinander, also sollten wir uns jetzt sputen.<\/p>\n\n\n\n<p><strong>Kaspar:<\/strong> Wir kommen ja schon! Wer konnte denn ahnen, dass wir im Palast an der v\u00f6llig falschen Stelle waren.<\/p>\n\n\n\n<p><strong>Melchior:<\/strong> Die Prophezeiung besagt, dass ein neuer K\u00f6nig geboren wird. Und wo sollte man einen K\u00f6nig sonst suchen als in einem Palast?<\/p>\n\n\n\n<p><strong>Balthasar:<\/strong> Da haben Sie schon Recht, mein lieber Melchior. Aber es war doch sehr unangenehm, als wir Herodes nach dem neuen K\u00f6nig fragten. Er war ja v\u00f6llig ahnungslos! Und ich f\u00fcrchte, er ist nicht sehr erfreut von der Aussicht, dass er als K\u00f6nig Konkurrenz bekommt.<\/p>\n\n\n\n<p><strong>Kaspar:<\/strong> Aber er sagte doch, wir sollen ihn benachrichtigen, wenn wir den neuen K\u00f6nig gefunden haben. Herodes will ihn ebenfalls huldigen.<\/p>\n\n\n\n<p><strong>Balthasar:<\/strong> Sie sind ein sehr vertrauensvoller Mensch, Kaspar. Mir schien, es war doch eine geh\u00f6rige Portion Hinterh\u00e4ltigkeit in seinen Worten zu h\u00f6ren. Mit solch hohen Herren ist nicht zu spa\u00dfen, wenn sie sich in ihrer Macht bedroht f\u00fchlen.<\/p>\n\n\n\n<p><strong>Melchior:<\/strong> Dann sollten wir wohl auf dem R\u00fcckweg einen gro\u00dfen Bogen um den K\u00f6nigspalast machen.<\/p>\n\n\n\n<p><strong>Balthasar:<\/strong> Das sind weise Worte, mein lieber Melchior. Und jetzt wollen wir endlich wieder dem Stern folgen. H\u00e4tten wir das n\u00e4mlich best\u00e4ndig getan, w\u00e4re uns der Irrweg zu Herodes erspart geblieben.<\/p>\n\n\n\n<p><strong>Kaspar:<\/strong> Sie haben wir immer Recht, Herr Balthasar.<\/p>\n\n\n\n<p><strong>Balthasar:<\/strong> Der Stern hat uns den weiten Weg aus dem Morgenland bis hier her gef\u00fchrt. Wenn meine Berechnungen stimmen, d\u00fcrften wir bald am Ziel sein.<\/p>\n\n\n\n<p><strong>Melchior:<\/strong> Da vorn ist eine Stadt. Es m\u00fcsste Bethlehem sein. Mir scheint, der Stern steht direkt dar\u00fcber.<\/p>\n\n\n\n<p><strong>Balthasar:<\/strong> Dann lasst uns eilen, meine Herren!<\/p>\n\n\n\n<p>(Kaspar und Melchior laufen davon, Balthasar bleibt noch stehen)<\/p>\n\n\n\n<p><strong>Balthasar:<\/strong> Ich bin sehr neugierig, wie sich die Prophezeiung erf\u00fcllen wird. Wie wird sich uns der neue K\u00f6nig zeigen? In kostbarer Kleidung umrahmt von Sch\u00e4tzen aus Gold, Silber und Edelsteinen? Ich hoffe, unsere bescheidenen Gaben sind nicht zu gering f\u00fcr den m\u00e4chtigen Herrscher.<\/p>\n\n\n\n<p>(Balthasar geht auch)<\/p>\n\n\n\n<p><strong><em>Lied<\/em><\/strong><\/p>\n\n\n\n<ol class=\"wp-block-list\"><li><strong> Szene: Im Stall<\/strong><\/li><\/ol>\n\n\n\n<p>(Maria und Josef an der Krippe)<\/p>\n\n\n\n<p><em>Lied: Still, still, Still (1. Strophe) \u2013 evtl. instrumental<\/em><\/p>\n\n\n\n<p>(Hirten kommen heran, Engel stehen um die Krippe)<\/p>\n\n\n\n<p><strong>Kleiner Hirte:<\/strong> Schau Papa hier muss es sein. Die Engel sind wieder da und auch das helle Licht!<\/p>\n\n\n\n<p><strong>Gro\u00dfer Hirte:<\/strong> (erstaunt) Ein Stall! Und ein neu geborenes Kind in einer Futterkrippe! Genau wie die Engel es gesagt haben.<\/p>\n\n\n\n<p><strong>Engel 1:<\/strong> Tretet ein, habt keine Angst. Hier ist das Jesus-Kind \u2013 Gottes Sohn, der zu uns auf die Erde gekommen ist.<\/p>\n\n\n\n<p><strong>Gro\u00dfer Hirte:<\/strong> Du kleines Kind, du bist wahrlich Gottes Sohn! Nach den Ereignissen dieser Nacht glaube ich fest daran. Uns armen Leuten gibst du Hoffnung und Zuversicht. Du wirst unsere Welt ver\u00e4ndern! (kniet nieder) Daf\u00fcr w\u00fcnsche ich dir viel Kraft und Geduld mit uns schwachen Menschen.<\/p>\n\n\n\n<p><strong>Kleiner Hirte:<\/strong> \u2026 und ich schenke dir ein Fell von unseren Schafen, damit du es immer sch\u00f6n warm hast.<\/p>\n\n\n\n<p><em>Lied: Still, still, Still (2. Strophe) \u2013 evtl. instrumental<\/em><\/p>\n\n\n\n<p>(Die drei Weisen kommen)<\/p>\n\n\n\n<p><strong>Kaspar:<\/strong> So, der Stern steht \u00fcber diesem Stall. Hier sind wir am Ziel!<\/p>\n\n\n\n<p><strong>Balthasar:<\/strong> Das ist vollkommen unm\u00f6glich. Wir suchen einen K\u00f6nig, dieser kann unm\u00f6glich in einem Stall zu finden sein. Lasst mich meine Berechnungen \u00fcberpr\u00fcfen! (hantiert mit Messger\u00e4t und Fernrohr)<\/p>\n\n\n\n<p><strong>Melchior:<\/strong> Aber Sie, Herr Balthasar, sagten doch selbst, wir sollen dem Stern vertrauen. Und der steht eindeutig \u00fcber dem Stall.<\/p>\n\n\n\n<p><strong>Engel 2:<\/strong> Ihr sucht den neugeborenen K\u00f6nig? Dann tretet ein! Hier findet ihr ihn. Gott hat seinen Sohn als Kind auf die Erde geschickt. Gibt es einen gr\u00f6\u00dferen K\u00f6nig?<\/p>\n\n\n\n<p><strong>Balthasar:<\/strong> Ihr seht mich sprachlos! Der neue K\u00f6nig ist ein kleines Kind, das in einer Futterkrippe liegt. Und sein Palast ist ein einfacher Stall. Wer h\u00e4tte das gedacht! Lasst uns die frohe Kunde hinaustragen in alle Welt, jeder Mensch soll davon erfahren! Der Erl\u00f6ser ist da. Ehre sei Gott!<\/p>\n\n\n\n<p>(Weise knien nieder und legen Geschenke ab)<\/p>\n\n\n\n<p><em>Lied: Still, still, still (3. Strophe) \u2013 evtl. instrumental<\/em><\/p>\n\n\n\n<p>(Wirt kommt mit Kind an der Hand)<\/p>\n\n\n\n<p><strong>Wirtskind:<\/strong> Papa komm, das muss du dir ansehen! Da sind Engel! Das ist ein Wunder!<\/p>\n\n\n\n<p><strong>Wirt:<\/strong> Ich sehe es, ich sehe es.<\/p>\n\n\n\n<p><strong>Wirtskind:<\/strong> Hast du auch geh\u00f6rt, was die Engel gesagt haben? Das Kind ist Gottes Sohn! Und das in unserem Stall. Wenn ich das meinen Freunden erz\u00e4hle!<\/p>\n\n\n\n<p><strong>Wirt:<\/strong> Ja, Gottes Sohn, der Heiland, der Erl\u00f6ser, Jesus Christus. Es ist unglaublich. Da l\u00e4sst man Fremde in seinem Stall \u00fcbernachten und dann passiert so was. Immer hatte ich Angst vor allem was fremd und unbekannt ist. Und nun bringen gerade diese Menschen das gr\u00f6\u00dfte Wunder, dass die Menschheit je gesehen hat in meinen Stall. Das ist ein wahres Gotteswerk. Mein hartes Herz wird pl\u00f6tzlich ganz weich.<\/p>\n\n\n\n<p><strong>Maria:<\/strong> Das ist der Geist der Heiligen Nacht. Bewahrt ihn in euren Herzen und tragt ihn weiter in die Welt hinaus. Verl\u00e4sst euch einmal Hoffnung und Zuversicht, dann erinnert euch daran, was einst in einem Stall in Bethlehem geschah und was wir jedes Jahr am Heiligen Abend wieder zu euch bringen. Es soll eure Herzen w\u00e4rmen und euch \u00fcber das Jahr begleiten. Ehre sei Gott!<\/p>\n\n\n\n<p><strong><em>Lied: Ihr Kinderlein kommet (Kinder)<\/em><\/strong><\/p>\n","protected":false},"excerpt":{"rendered":"<div class=\"mh-excerpt\"><p>Rollen: Maria Engel 1 Joseph Engel 2 Wirt Engel 3 Wirtskind Engel 4 Gro\u00dfer Hirte Kaspar Kleiner Hirte Melchior Balthasar Szene 1: Maria und Joseph auf der Reise Maria durch ein Dornwald ging 1. Strophe <a class=\"mh-excerpt-more\" href=\"https:\/\/krippenspiele.d-hauser.com\/?page_id=33\" title=\"Anke Themel\">[&#8230;]<\/a><\/p>\n<\/div>","protected":false},"author":1,"featured_media":0,"parent":2,"menu_order":0,"comment_status":"closed","ping_status":"closed","template":"","meta":{"footnotes":""},"class_list":["post-33","page","type-page","status-publish"],"_links":{"self":[{"href":"https:\/\/krippenspiele.d-hauser.com\/index.php?rest_route=\/wp\/v2\/pages\/33","targetHints":{"allow":["GET"]}}],"collection":[{"href":"https:\/\/krippenspiele.d-hauser.com\/index.php?rest_route=\/wp\/v2\/pages"}],"about":[{"href":"https:\/\/krippenspiele.d-hauser.com\/index.php?rest_route=\/wp\/v2\/types\/page"}],"author":[{"embeddable":true,"href":"https:\/\/krippenspiele.d-hauser.com\/index.php?rest_route=\/wp\/v2\/users\/1"}],"replies":[{"embeddable":true,"href":"https:\/\/krippenspiele.d-hauser.com\/index.php?rest_route=%2Fwp%2Fv2%2Fcomments&post=33"}],"version-history":[{"count":1,"href":"https:\/\/krippenspiele.d-hauser.com\/index.php?rest_route=\/wp\/v2\/pages\/33\/revisions"}],"predecessor-version":[{"id":34,"href":"https:\/\/krippenspiele.d-hauser.com\/index.php?rest_route=\/wp\/v2\/pages\/33\/revisions\/34"}],"up":[{"embeddable":true,"href":"https:\/\/krippenspiele.d-hauser.com\/index.php?rest_route=\/wp\/v2\/pages\/2"}],"wp:attachment":[{"href":"https:\/\/krippenspiele.d-hauser.com\/index.php?rest_route=%2Fwp%2Fv2%2Fmedia&parent=33"}],"curies":[{"name":"wp","href":"https:\/\/api.w.org\/{rel}","templated":true}]}}