{"id":31,"date":"2020-03-08T14:46:19","date_gmt":"2020-03-08T13:46:19","guid":{"rendered":"http:\/\/krippenspiele.d-hauser.com\/?page_id=31"},"modified":"2020-03-08T18:41:50","modified_gmt":"2020-03-08T17:41:50","slug":"anke-rahm","status":"publish","type":"page","link":"https:\/\/krippenspiele.d-hauser.com\/?page_id=31","title":{"rendered":"Anke Rahm"},"content":{"rendered":"\n<h3 class=\"wp-block-heading\">Krippenspiel (von Anke Rahm)<\/h3>\n\n\n\n<p>Personen: 2 Kinder aus heutiger Zeit (Rahmenhandlung)<\/p>\n\n\n\n<p>Kaiser<\/p>\n\n\n\n<p>Bote<\/p>\n\n\n\n<p>Maria und Josef<\/p>\n\n\n\n<p>2 Wirte<\/p>\n\n\n\n<p>4 Hirten<\/p>\n\n\n\n<p>3 Engel<\/p>\n\n\n\n<p><strong>Lied \u201eIhr Kinderlein kommet\u201c<\/strong><\/p>\n\n\n\n<p><em>Zwei Freunde begegnen sich und sch\u00fctteln sich die H\u00e4nde<\/em><\/p>\n\n\n\n<p>Kind 1: Ich freue mich ja schon so auf Weihnachten<\/p>\n\n\n\n<p>Kind 2: Wei\u00dft du \u00fcberhaupt, warum wir das feiern?<\/p>\n\n\n\n<p>Kind 1: \u00c4h\u2026 Nein, aber ich m\u00f6chte es gerne wissen.<\/p>\n\n\n\n<p>Kind 2: Gut, dann erz\u00e4hle ich es dir. <em>(Beide gehen auf die Kanzel und bleiben dort die ganze Zeit)<\/em><\/p>\n\n\n\n<p>Also das war so: Da gab es so nen Kaiser, der hie\u00df Augustin oder so.<\/p>\n\n\n\n<p><em>Kaiser geht auf die B\u00fchne, verschr\u00e4nkt die Arme, sagt gekr\u00e4nkt:<\/em><\/p>\n\n\n\n<p>Kaiser: Ich hei\u00dfe Augustus nicht Augustin.<\/p>\n\n\n\n<p>Kind 2: Dann eben Augustus, auf jeden Fall wollte dieser alle Menschen in seinem Reich z\u00e4hlen.<\/p>\n\n\n\n<p>Kaiser: Bote! Verk\u00fcnde, dass alle Leute in ihre Heimatstadt gehen und sich in die Steuerlisten eintragen lassen sollen!<\/p>\n\n\n\n<p>Bote: Wird gemacht, Kaiser.<\/p>\n\n\n\n<p>Kind 1: Ich wette, der geht jetzt ins Funkhaus.<\/p>\n\n\n\n<p>Kind 2: Nein, er musste durchs ganze Land ziehen und \u00fcberall die Nachricht verk\u00fcnden. Radio gab es doch noch gar nicht.<\/p>\n\n\n\n<p>Bote: Der Kaiser l\u00e4sst verk\u00fcnden, dass alle Leute in ihre Heimatstadt gehen sollen, um sich dort in die Steuerlisten eintragen zu lassen.<\/p>\n\n\n\n<p>Kind 2: Diese Nachricht h\u00f6rte auch Josef. Schau, dort kommt seine Verlobte Maria.<\/p>\n\n\n\n<p><em>Maria kommt den Gang entlang auf die B\u00fchne.<\/em><\/p>\n\n\n\n<p>Josef: Hast Du das geh\u00f6rt, Maria? Gerade jetzt, wo Du schwanger bist.<\/p>\n\n\n\n<p>Maria: Das hei\u00dft, wir m\u00fcssen nach Bethlehem. So weit kann ich mit dem Baby gar nicht gehen.<\/p>\n\n\n\n<p>Josef: Dann kaufen wir daf\u00fcr einen Esel.<\/p>\n\n\n\n<p>Kind 1: Warum kaufen die sich einen sturen Esel? Sie k\u00f6nnten sich doch ein Auto kaufen.<\/p>\n\n\n\n<p>Kind 2: Damals gab es noch keine Autos, die Geschichte spielt doch vor 2000 Jahren.<\/p>\n\n\n\n<p>Josef: Maria, hast du alles, was du brauchst?<\/p>\n\n\n\n<p>Maria: Ja, lass uns losziehen.<\/p>\n\n\n\n<p>Kind 2: Und sie gingen und gingen, Tage und N\u00e4chte.<\/p>\n\n\n\n<p><strong>Lied \u201eMaria durch ein Dornwald ging\u201c<\/strong><\/p>\n\n\n\n<p>Kind 1: Und was passierte dann?<\/p>\n\n\n\n<p>Kind 2: Sie kamen sp\u00e4t am Abend in Bethlehem an.<\/p>\n\n\n\n<p>Kind 1: Dann sind sie zu McDonalds gegangen, stimmt\u00b4s?<\/p>\n\n\n\n<p>Kind 2: Nein, sie haben nach einer Herberge gesucht, doch alle waren voll, weil viele Leute wegen der Z\u00e4hlung gekommen sind.<\/p>\n\n\n\n<p>Josef <em>(klopft an)<\/em> Ist hier noch ein Zimmer f\u00fcr uns frei?<\/p>\n\n\n\n<p>Wirt 1: Wie kommen Sie denn darauf? Wegen der Volksz\u00e4hlung ist unser ganzes Haus voll! Wir haben kein einziges Zimmer mehr frei. Versuchen Sie es woanders.<\/p>\n\n\n\n<p>Josef: <em>(kopft beim n\u00e4chsten Wirt) <\/em><\/p>\n\n\n\n<p>Wirt 2: Guten Tag. Was w\u00fcnscht ihr?<\/p>\n\n\n\n<p>Josef: Wir brauchen dringend eine Unterkunft. Meine Frau bekommt ein Kind.<\/p>\n\n\n\n<p>Wirt 2: Es tut mir wirklich Leid. Aber bei uns ist gar nichts mehr frei.<\/p>\n\n\n\n<p>Maria: Was sollen wir denn nur machen?<\/p>\n\n\n\n<p>Wirt 2: Dort hinten auf der Weide ist mein Schafstall. Da k\u00f6nnt ihr zur Not unterkommen.<\/p>\n\n\n\n<p><em>Maria seufzt und setzt sich. Josef auch.<\/em><\/p>\n\n\n\n<p>Maria: Endlich sind wir da und dann sind alle Herbergen voll.<\/p>\n\n\n\n<p>Josef: Gott sei Dank konnten wir hier unterkommen.<\/p>\n\n\n\n<p><strong>Lied \u201eSeht, die gute Zeit ist nah\u201c<\/strong><\/p>\n\n\n\n<p>Kind 1: Ich dachte die ist schwanger, wann fahren sie endlich ins Krankenhaus?<\/p>\n\n\n\n<p>Kind 2: Maria bekam noch in der gleichen Nacht das Kind, \u00fcbrigens in dem Stall, denn Krankenh\u00e4user gab es noch nicht. Sie wickelte das Kind in ein Tuch und legte es in eine Futterkrippe.<\/p>\n\n\n\n<p>Maria: Guck mal, Josef, alle Tiere wollen unser Kind sehen. <em>\u00dcberlegt.<\/em> Es ist bestimmt ein ganz besonderes Kind.<\/p>\n\n\n\n<p>Josef: Kann sein, die Sterne leuchten heute Nacht auch so hell. Mmh, kann wirklich sein.<\/p>\n\n\n\n<p>Kind 2: In der N\u00e4he des Stalls hatten Hirten ihr Lager aufgeschlagen.<\/p>\n\n\n\n<p>Kind 1: Ist doch egal, ob da Hirten ihr Lager haben.<\/p>\n\n\n\n<p>Kind 2: Eben nicht. Denn bei ihnen geht die Geschichte weiter.<\/p>\n\n\n\n<p><strong>Lied \u201eKommet ihr Hirten\u201c<\/strong><\/p>\n\n\n\n<p>Hirte 1: Die Schafe sind aber unruhig heute Nacht.<\/p>\n\n\n\n<p>Hirte 2: Ja, der Leithammel war den ganzen Tag schon so bockig!<\/p>\n\n\n\n<p>Hirte 3: Aber jetzt ist Feierabend. Kommt mir ans Lagerfeuer.<\/p>\n\n\n\n<p>Hirte 4: Schaut mal dort hinten. Was ist denn das?<\/p>\n\n\n\n<p><em>Engel kommen.<\/em><\/p>\n\n\n\n<p>Hirte 1: Das sind ja Engel!<\/p>\n\n\n\n<p>Engel 1: F\u00fcrchtet Euch nicht!<\/p>\n\n\n\n<p>Engel 2: Wir haben eine gro\u00dfe Freudenbotschaft f\u00fcr euch und das ganze Volk.<\/p>\n\n\n\n<p>Engel 3: Heute ist euch der Retter geboren worden: Christus, der Herr.<\/p>\n\n\n\n<p>Engel 1: Ihr werdet ein neugeborenes Kind finden, das liegt in ein Tuch gewickelt in einer Futterkrippe im Stall.<\/p>\n\n\n\n<p>Engel 2: Und \u00fcber dem Stall leuchtet ein heller Stern.<\/p>\n\n\n\n<p>Kind 1: Haben die Hirten das geglaubt?<\/p>\n\n\n\n<p>Kind 2: Ja, und sich dachten sich, den Retter wollen wir sehen.<\/p>\n\n\n\n<p>Hirte 1: Wollen wir dieses Kind suchen, von dem die Engel gesprochen haben?<\/p>\n\n\n\n<p>Hirte 2: Na klar! Nur, was machen wir mit unseren Schafen?<\/p>\n\n\n\n<p>Hirte 3: Wir nehmen sie einfach mit. Das Baby wird sich freuen.<\/p>\n\n\n\n<p>Hirte 4: Manchmal hast du gute Ideen.<\/p>\n\n\n\n<p>Hirte 1: Wollen wir dem Kind nicht etwas mitbringen?<\/p>\n\n\n\n<p>Hirte 2: Ja, wir suchen noch ein paar Geschenke zusammen und nehmen sie mit.<\/p>\n\n\n\n<p>Hirte 3: Hoffentlich finden wir den Stall.<\/p>\n\n\n\n<p>Kind 2: Sie trieben ihre Schafe zusammen und suchten nach dem Stall.<\/p>\n\n\n\n<p><strong>Lied \u201eDer Weihnachtsstern, der wei\u00df den Weg\u201c<\/strong><\/p>\n\n\n\n<p>Hirte 4: Dort hinten ist der Stall vom Wirt Daniel.<\/p>\n\n\n\n<p>Hirte 1: Und \u00fcber dem Stall leuchtet ein ganz heller Stern.<\/p>\n\n\n\n<p>Hirte 2: Lasst uns dort nachsehen.<\/p>\n\n\n\n<p>Hirte 3: Gute Idee. Wenn wir dich nicht h\u00e4tten, Joachim.<\/p>\n\n\n\n<p>Josef: Wer klopft denn da?<\/p>\n\n\n\n<p>Hirte 4: Ein paar Hirte mit ihren Schafen.<\/p>\n\n\n\n<p>Maria: Kommt herein.<\/p>\n\n\n\n<p><em>Hirten treten ein.<\/em><\/p>\n\n\n\n<p>Josef: Warum seid ihr hier?<\/p>\n\n\n\n<p>Hirte 4: Engel kamen zu uns und sagten, in diesem Stall werden wir den Heiland finden.<\/p>\n\n\n\n<p>Josef: Ist das wahr?<\/p>\n\n\n\n<p>Maria: Ich habe doch gesagt, das Kind ist etwas Besonderes.<\/p>\n\n\n\n<p>Hirte1: Wir haben Geschenke f\u00fcr ihn.<\/p>\n\n\n\n<p>Kind 1: Der Knirps bekommt jetzt bestimmt eine Spieluhr oder so was.<\/p>\n\n\n\n<p>Hirte 2: Ein Schaffell wird ihn w\u00e4rmen.<\/p>\n\n\n\n<p>Hirte 3: Und f\u00fcr euch haben wir einen Krug Milch mitgebracht.<\/p>\n\n\n\n<p>Maria: Vielen Dank.<\/p>\n\n\n\n<p>Josef: Bleibt doch noch eine Weile hier, wir k\u00f6nnen zusammen singen.<\/p>\n\n\n\n<p>Kind 2: Komm, wir singen auch mit.<\/p>\n\n\n\n<p><strong>Lied \u201eStille Nacht\u201c<\/strong><\/p>\n","protected":false},"excerpt":{"rendered":"<div class=\"mh-excerpt\"><p>Krippenspiel (von Anke Rahm) Personen: 2 Kinder aus heutiger Zeit (Rahmenhandlung) Kaiser Bote Maria und Josef 2 Wirte 4 Hirten 3 Engel Lied \u201eIhr Kinderlein kommet\u201c Zwei Freunde begegnen sich und sch\u00fctteln sich die H\u00e4nde <a class=\"mh-excerpt-more\" href=\"https:\/\/krippenspiele.d-hauser.com\/?page_id=31\" title=\"Anke Rahm\">[&#8230;]<\/a><\/p>\n<\/div>","protected":false},"author":1,"featured_media":0,"parent":2,"menu_order":0,"comment_status":"closed","ping_status":"closed","template":"","meta":{"footnotes":""},"class_list":["post-31","page","type-page","status-publish"],"_links":{"self":[{"href":"https:\/\/krippenspiele.d-hauser.com\/index.php?rest_route=\/wp\/v2\/pages\/31","targetHints":{"allow":["GET"]}}],"collection":[{"href":"https:\/\/krippenspiele.d-hauser.com\/index.php?rest_route=\/wp\/v2\/pages"}],"about":[{"href":"https:\/\/krippenspiele.d-hauser.com\/index.php?rest_route=\/wp\/v2\/types\/page"}],"author":[{"embeddable":true,"href":"https:\/\/krippenspiele.d-hauser.com\/index.php?rest_route=\/wp\/v2\/users\/1"}],"replies":[{"embeddable":true,"href":"https:\/\/krippenspiele.d-hauser.com\/index.php?rest_route=%2Fwp%2Fv2%2Fcomments&post=31"}],"version-history":[{"count":1,"href":"https:\/\/krippenspiele.d-hauser.com\/index.php?rest_route=\/wp\/v2\/pages\/31\/revisions"}],"predecessor-version":[{"id":32,"href":"https:\/\/krippenspiele.d-hauser.com\/index.php?rest_route=\/wp\/v2\/pages\/31\/revisions\/32"}],"up":[{"embeddable":true,"href":"https:\/\/krippenspiele.d-hauser.com\/index.php?rest_route=\/wp\/v2\/pages\/2"}],"wp:attachment":[{"href":"https:\/\/krippenspiele.d-hauser.com\/index.php?rest_route=%2Fwp%2Fv2%2Fmedia&parent=31"}],"curies":[{"name":"wp","href":"https:\/\/api.w.org\/{rel}","templated":true}]}}