{"id":24,"date":"2020-03-08T14:35:53","date_gmt":"2020-03-08T13:35:53","guid":{"rendered":"http:\/\/krippenspiele.d-hauser.com\/?page_id=24"},"modified":"2020-03-08T18:41:20","modified_gmt":"2020-03-08T17:41:20","slug":"angela-bunsen-4","status":"publish","type":"page","link":"https:\/\/krippenspiele.d-hauser.com\/?page_id=24","title":{"rendered":"Angela Bunsen 4"},"content":{"rendered":"\n<h1 class=\"wp-block-heading\">Vom K\u00f6nig der wissen wollte, wie Gott aussieht<\/h1>\n\n\n\n<p>Dieses Krippenspiel ist frei nach der besinnlichen Geschichte von Leo Tolstoi nachgespielt und dauert 8 Minuten. Ich habe das Krippenspiel damals f\u00fcr vier Kinder im Alter von 8 und 10 Jahren geschrieben. <br>Ein alter K\u00f6nig will sein Amt abgeben und stellt den Bewerbern f\u00fcr die K\u00f6nigskrone die Frage, wie Gott aussieht. Welche Antworten er bekommt, erfahren Sie in diesem Krippenspiel.<\/p>\n\n\n\n<p>Krippenspiel f\u00fcr 4-5 Kinder<\/p>\n\n\n\n<p>Mitwirkende:<\/p>\n\n\n\n<p>Erz\u00e4hler <br>Bote <br>K\u00f6nig <br>Erster Hirte <br>Zweiter Hirte <br>Dritter Hirte<\/p>\n\n\n\n<p>Requisite:<\/p>\n\n\n\n<p>Zepter, <br>Reichsapfel, <br>Krone, <br>K\u00f6nigsumh\u00e4nge, <br>Hirtengew\u00e4nder, <br>Strahler, <br>Thron, Tuch f\u00fcr den Thron,<\/p>\n\n\n\n<p><em>Lied&#8230;<\/em><\/p>\n\n\n\n<p>K\u00f6nig sitzt auf seinem Thron und spielt nachdenklich mit seinem Zepter und dem Reichsapfel in seiner Hand. Er seufzt<\/p>\n\n\n\n<p>Erz\u00e4hler: Es lebte einmal vor langer, langer Zeit ein K\u00f6nig. Er war alt und weise. Jeder im Land wusste, dass er sein K\u00f6nigreich mit G\u00fcte, Klugheit und Weisheit regierte. Eines Tages merkte der K\u00f6nig, dass die Zeit gekommen war, sein gro\u00dfes Reich in j\u00fcngere H\u00e4nde zu legen. Da er aber keinen eigenen Sohn hatte, dem er diese Aufgabe anvertrauen konnte, rief er die K\u00f6nigss\u00f6hne der umliegenden L\u00e4nder zu sich. Der K\u00f6nig wollte ihnen drei Fragen stellen und wer diese Fragen zu seiner Zufriedenheit beantworteten konnte, dem wollte er<\/p>\n\n\n\n<p>sein Reich anvertrauen. So erschienen viele K\u00f6nigss\u00f6hne aber niemand wusste eine Antwort auf seine Fragen. Traurig schickte der K\u00f6nig sie alle weg.<\/p>\n\n\n\n<p><em>K\u00f6nig st\u00fctzt den Kopf in die Hand und seufzt:<\/em><\/p>\n\n\n\n<p>K\u00f6nig: nun sitze ich hier und wei\u00df mir keinen Rat. So schwer k\u00f6nnen die Fragen doch nicht gewesen sein, dass niemand darauf eine Antwort wei\u00df. Wenn die vielen K\u00f6nigss\u00f6hne mir die Fragen nicht beantworten k\u00f6nnen, so will ich nun alle weisen M\u00e4nner des Landes zu mir rufen. Vielleicht wissen sie die Antworten.<\/p>\n\n\n\n<p><em>K\u00f6nig klatscht in die H\u00e4nde und ruft:<\/em><\/p>\n\n\n\n<p>Bote!!!<\/p>\n\n\n\n<p><em>Bote tritt vor den K\u00f6nig, leise gibt der K\u00f6nig seine Befehle, Bote geht durch den Mittelgang ab<\/em><\/p>\n\n\n\n<p>Erz\u00e4hler: So schickte der K\u00f6nig nun seine Boten aus, um weise M\u00e4nner des Landes zu suchen und an den Hof des K\u00f6nigs zu bitten. Und eines Tages erschienen drei junge Hirten vor dem K\u00f6nig. Aber, seht selbst&#8230;<\/p>\n\n\n\n<p><em>kurzes Orgelspiel beim Einzug der Hirten<\/em><\/p>\n\n\n\n<p><em>3 Hirten kommen durch den Mittelgang bis zum Thron, verbeugen sie sich vor dem K\u00f6nig:<\/em><\/p>\n\n\n\n<p>K\u00f6nig: Ihr weisen M\u00e4nner, ich danke Euch f\u00fcr Euer Kommen. Die K\u00f6nigss\u00f6hne, die ich eben weggeschickt habe, wussten auf keine meiner Fragen eine Antwort. So frage ich nun Euch: <br><strong>Wer kann mir sagen wie Gott aussieht?<\/strong><\/p>\n\n\n\n<p>1. Hirte: <em>verbeugt sich vor dem K\u00f6nig: <br><\/em>Herr, Ihr wollt wissen wie Gott aussieht, dann seht in die Sonne!<\/p>\n\n\n\n<p>K\u00f6nig: <em>sieht in den Strahler und h\u00e4lt sich vom Licht geblendet die Hand vor die Augen <\/em>dass kann ich nicht, die Sonne blendet mich. <br>1. Hirte: Herr, wenn Ihr noch nicht einmal in der Lage seid, sein Gesch\u00f6pf, die Sonne anzusehen, wie wollt Ihr dann den Anblick Gottes ertragen?<\/p>\n\n\n\n<p>K\u00f6nig: <em>denkt nach&#8230; <\/em>Du hast klug geantwortet. Aber sagt mir, Ihr weisen M\u00e4nner, <strong>wer ist Gott? <br><\/strong>2. Hirte: <em>verbeugt sich vor dem K\u00f6nig: <\/em>Herr, Ihr seid ein m\u00e4chtiger K\u00f6nig. Ihr sprecht Recht, Ihr verurteilt und bestraft diejenigen, die Unrecht getan haben. Gott aber, der m\u00e4chtiger und kl\u00fcger als alle K\u00f6nige dieser Welt ist, braucht<\/p>\n\n\n\n<p>seine Macht nicht, um zu strafen. ER verurteilt nicht, sondern richtet alle auf, die mutlos, verzagt und traurig sind. Herr, Ihr seid Eurem Volk ein guter K\u00f6nig. Ihr belohnt diejenigen, die Eurem Reich Gutes tun. Doch Gott streckt <strong><em>allen <\/em><\/strong>Menschen die H\u00e4nde zur Freundschaft aus, denn Er liebt jeden Einzelnen von uns. ER verzeiht auch seinen Feinden und denen, die ihn verfolgen. Und auch dem gr\u00f6\u00dften S\u00fcnder wischt ER die Tr\u00e4nen ab, wenn er nur bereut.<\/p>\n\n\n\n<p>K\u00f6nig: <em>ger\u00fchrt <\/em>So einen wunderbaren K\u00f6nig kenne ich auf dieser Welt nicht. <em>Pause!!! <\/em>Doch h\u00f6rt nun meine dritte Frage: \u201a <br><strong>Was hat Gott besonderes gemacht?<\/strong><\/p>\n\n\n\n<p>3. Hirte: <em>tritt vor den K\u00f6nig und verbeugt sich: <\/em>Herr, bevor ich diese Frage beantworten kann, bitte ich Euch um etwas Ungeheuerliches: steigt herab von Eurem Thron und tauscht mit mir die Kleider. <br>K\u00f6nig<em>: <\/em>Ich soll was&#8230;<em> z\u00f6gert, steht auf, gibt dem Hirten sein K\u00f6nigsumhang und seine Krone, zieht selbst den Hirtenumhang an. Hirte zieht die K\u00f6nigsgew\u00e4nder an.<\/em><\/p>\n\n\n\n<p>3. Hirte: Seht Ihr Herr, dass hat Gott gemacht: ER stieg von seinem Thron zu uns hernieder, legte die Zeichen seiner K\u00f6nigsw\u00fcrde ab und nahm unser Menschsein an. ER machte sich ganz klein f\u00fcr uns, damit wir an seiner Herrlichkeit teilhaben k\u00f6nnen.<\/p>\n\n\n\n<p>K\u00f6nig: <em>klatscht begeistert in die H\u00e4nde: <\/em>Ihr habt mir die Wahrheit \u00fcber Gott gebracht. Aber sagt mir, woher wisst Ihr das alles? <br><em>Hirten sehen sich verwundert an<\/em><\/p>\n\n\n\n<p>1. Hirte: Welch eine Frage! Jedes Hirtenkind wei\u00df dass? Denn unsere V\u00e4ter haben uns das Geheimnis dieser einen Nacht erz\u00e4hlt. Sie waren Hirten genau wie wir. Sie haben vor langer Zeit etwas Wundersch\u00f6nes erlebt und seit dem diese Geschichte von Hirte zu Hirte weitergegeben.<\/p>\n\n\n\n<p>2. Hirte: Eines Nachts waren sie bei ihren Schafen auf der Weide. Es war genau heute vor 2010 Jahren. Es war eine sternklare Nacht und bitter kalt. Pl\u00f6tzlich waren sie umgeben von einem wundersch\u00f6nen Licht. Und Engel waren bei ihnen.<\/p>\n\n\n\n<p>3. Hirte: ja genau und mein Gro\u00dfvater hat mir erz\u00e4hlt, dass die Hirten damals furchtbare Angst hatten, doch einer der Engel sprach zu ihnen: F\u00fcrchtet Euch nicht, denn heute ist der Heiland geboren, in Bethlehem, der Stadt Davids. Seht ihr dort dr\u00fcben den Stern \u00fcber dem alten Stall stehen? Dort hat die Jungfrau Maria ihren Sohn zur Welt gebracht, ihn in Windeln gewickelt und in eine Krippe gelegt. <br>Geht hin und hei\u00dft ihn willkommen. Und pl\u00f6tzlich waren ganz viele Engel auf dem Feld bei den Hirten, die Gott lobten und sangen:<\/p>\n\n\n\n<p>Alle<em>: E<\/em>hre sei Gott in der H\u00f6he und Friede den Menschen auf Erden.<\/p>\n\n\n\n<p>1. Hirte und unsere Vorfahren haben alles in dem Stall so vorgefunden, wie der Engel gesagt hat. Und das Wunderbarste war: einer der Hirten ging an einer Kr\u00fccke, sein Bein war lahm. Und als er in dem Stall das Kind in der Krippe ber\u00fchrte, da war er pl\u00f6tzlich gesund und konnte ohne Kr\u00fccke nach Hause gehen. Ja, dieses Kind war wirklich etwas ganz Besonderes<\/p>\n\n\n\n<p><em>Der K\u00f6nig umarmt alle drei und gibt jedem von ihnen Krone, Zepter und Reichsapfel<\/em><\/p>\n\n\n\n<p>K\u00f6nig: Meine S\u00f6hne, von nun an sollt ihr keine Hirten mehr sein, denn ihr seid wahrhaftig weise und w\u00fcrdig, mein Reich zu regieren, damit mein Volk in Frieden und Eintracht leben kann.<\/p>\n\n\n\n<p><em>zur Gemeinde:<\/em> Kommt, wir wollen nun alle das Fest der Geburt unseres Erl\u00f6sers feiern!<\/p>\n\n\n\n<p>Alle: <em>verbeugen sich <\/em><strong>Christus, der Heiland ist da <br><\/strong><\/p>\n\n\n\n<p><strong>Lied<\/strong><\/p>\n","protected":false},"excerpt":{"rendered":"<div class=\"mh-excerpt\"><p>Vom K\u00f6nig der wissen wollte, wie Gott aussieht Dieses Krippenspiel ist frei nach der besinnlichen Geschichte von Leo Tolstoi nachgespielt und dauert 8 Minuten. Ich habe das Krippenspiel damals f\u00fcr vier Kinder im Alter von <a class=\"mh-excerpt-more\" href=\"https:\/\/krippenspiele.d-hauser.com\/?page_id=24\" title=\"Angela Bunsen 4\">[&#8230;]<\/a><\/p>\n<\/div>","protected":false},"author":1,"featured_media":0,"parent":2,"menu_order":0,"comment_status":"closed","ping_status":"closed","template":"","meta":{"footnotes":""},"class_list":["post-24","page","type-page","status-publish"],"_links":{"self":[{"href":"https:\/\/krippenspiele.d-hauser.com\/index.php?rest_route=\/wp\/v2\/pages\/24","targetHints":{"allow":["GET"]}}],"collection":[{"href":"https:\/\/krippenspiele.d-hauser.com\/index.php?rest_route=\/wp\/v2\/pages"}],"about":[{"href":"https:\/\/krippenspiele.d-hauser.com\/index.php?rest_route=\/wp\/v2\/types\/page"}],"author":[{"embeddable":true,"href":"https:\/\/krippenspiele.d-hauser.com\/index.php?rest_route=\/wp\/v2\/users\/1"}],"replies":[{"embeddable":true,"href":"https:\/\/krippenspiele.d-hauser.com\/index.php?rest_route=%2Fwp%2Fv2%2Fcomments&post=24"}],"version-history":[{"count":1,"href":"https:\/\/krippenspiele.d-hauser.com\/index.php?rest_route=\/wp\/v2\/pages\/24\/revisions"}],"predecessor-version":[{"id":25,"href":"https:\/\/krippenspiele.d-hauser.com\/index.php?rest_route=\/wp\/v2\/pages\/24\/revisions\/25"}],"up":[{"embeddable":true,"href":"https:\/\/krippenspiele.d-hauser.com\/index.php?rest_route=\/wp\/v2\/pages\/2"}],"wp:attachment":[{"href":"https:\/\/krippenspiele.d-hauser.com\/index.php?rest_route=%2Fwp%2Fv2%2Fmedia&parent=24"}],"curies":[{"name":"wp","href":"https:\/\/api.w.org\/{rel}","templated":true}]}}