{"id":2,"date":"2016-05-10T03:48:21","date_gmt":"2016-05-10T03:48:21","guid":{"rendered":"http:\/\/krippenspiele.d-hauser.com\/?page_id=2"},"modified":"2022-01-05T11:04:16","modified_gmt":"2022-01-05T10:04:16","slug":"sample-page","status":"publish","type":"page","link":"https:\/\/krippenspiele.d-hauser.com\/","title":{"rendered":"Krippenspiele &#8211; eine Sammlung"},"content":{"rendered":"<p>Jeden Herbst \u00fcberlegen wir in den Kirchengemeinden krampfhaft, welches Spiel f\u00fcr unsere Kirche geeignet ist. Wenn man schon lange im Pfarramt ist, wird die Suche immer schwieriger. Oft setzt man sich dann unter Zeitdruck an die Tasten und schreibt selbst eines. H\u00e4ufig ist es kein Meisterwerk geworden, aber so schlecht sind die Spiele dann doch nicht. Es ist zu schade, dass so manche gute Idee verschwindet, nur einmal gespielt.<\/p>\n<p>Deshalb habe ich schon vor einigen Jahren den einfachen Versuch gestartet, diese Krippenspiele auf unserem Server zu sammeln. Man kann sie ohne Probleme kopieren und in die eigene Textverarbeitung einf\u00fcgen. <br \/>Einmal im eigenen Computer lassen sie sich leicht an die Bed\u00fcrfnisse der Kirchengemeinde anpassen oder auch original spielen<\/p>\n<p>Diejenigen, die ihre Krippenspiele zu uns gegeben haben, sind damit einverstanden, dass sie gespielt werden, ohne dass es etwas kostet.<\/p>\n<p>Sie d\u00fcrfen also angepasst und gespielt werden.<\/p>\n<p>Die Ereignisse 2020 und 2021 haben es allen Krippenspielern noch einmal besonders schwer gemacht, weil wenige Wochen vor den Feiertagen noch nicht einmal feststand, ob man das Krippenspiel \u00fcberhaupt auff\u00fchren kann. <br \/>In einigen F\u00e4llen wurde dann eine online-Version f\u00fcr die Gemeinde erstellt. Es war dann zwar kein Ersatz f\u00fcr eine Auff\u00fchrung in der vollbesetzten Kirche, aber sicher eine Alternative. <\/p>\n<p>Bei der Aufzeichnung der St\u00fccke f\u00fcr die Homepage der Kirchengemeinde sollte aber mindestens der Urheber und die Quelle im Vorspann oder Nachspann erw\u00e4hnt sein.<\/p>\n<p>Nat\u00fcrlich d\u00fcrfen die St\u00fccke nicht ohne Zustimmung der Urheber anderswo ver\u00f6ffentlicht werden.<\/p>\n<p>Da ich mittlerweile in Rente gegangen bin, habe ich die Spiele auf einen neuen Server gezogen, um die Seiten besser pflegen zu k\u00f6nnen. Ich bem\u00fche mich nun, die Spiele nach Anzahl und durchschnittlichem Alter der Spieler, sowie der L\u00e4nge zu ordnen, damit man leichter f\u00fcndig wird. Bitte nutzen Sie dabei die Suche nach Kategorien (rechts im Fenster).\u00a0<\/p>\n<p>Sehr herzlich bedanke ich mich f\u00fcr die Zusendungen, die hier ver\u00f6ffentlicht wurden.<\/p>\n<p>Ihr Dietmar Hauser<\/p>\n<p><span style=\"color: #ff0000; font-size: medium;\">Ich w\u00fcrde mich sehr freuen, wenn Sie auch Ihr Krippenspiel zu diesen Bedingungen auf diesen Server stellen w\u00fcrden:<br \/>In relativ kurzer Zeit l\u00e4sst sich der Text ver\u00f6ffentlichen, wenn Sie mir den Text <a href=\"mailto: mail@d-hauser.com\"><span style=\"color: #000080;\"><strong>mailen:\u00a0<\/strong><\/span><\/a>als extra Datei angeh\u00e4ngt, m\u00f6glichst in Word oder \u00fcblichem Textformat.<\/span><\/p>\n\n\n<p><\/p>\n","protected":false},"excerpt":{"rendered":"<div class=\"mh-excerpt\"><p>Jeden Herbst \u00fcberlegen wir in den Kirchengemeinden krampfhaft, welches Spiel f\u00fcr unsere Kirche geeignet ist. Wenn man schon lange im Pfarramt ist, wird die Suche immer schwieriger. Oft setzt man sich dann unter Zeitdruck an <a class=\"mh-excerpt-more\" href=\"https:\/\/krippenspiele.d-hauser.com\/\" title=\"Krippenspiele &#8211; eine Sammlung\">[&#8230;]<\/a><\/p>\n<\/div>","protected":false},"author":1,"featured_media":0,"parent":0,"menu_order":0,"comment_status":"closed","ping_status":"open","template":"","meta":{"footnotes":""},"class_list":["post-2","page","type-page","status-publish"],"_links":{"self":[{"href":"https:\/\/krippenspiele.d-hauser.com\/index.php?rest_route=\/wp\/v2\/pages\/2","targetHints":{"allow":["GET"]}}],"collection":[{"href":"https:\/\/krippenspiele.d-hauser.com\/index.php?rest_route=\/wp\/v2\/pages"}],"about":[{"href":"https:\/\/krippenspiele.d-hauser.com\/index.php?rest_route=\/wp\/v2\/types\/page"}],"author":[{"embeddable":true,"href":"https:\/\/krippenspiele.d-hauser.com\/index.php?rest_route=\/wp\/v2\/users\/1"}],"replies":[{"embeddable":true,"href":"https:\/\/krippenspiele.d-hauser.com\/index.php?rest_route=%2Fwp%2Fv2%2Fcomments&post=2"}],"version-history":[{"count":13,"href":"https:\/\/krippenspiele.d-hauser.com\/index.php?rest_route=\/wp\/v2\/pages\/2\/revisions"}],"predecessor-version":[{"id":593,"href":"https:\/\/krippenspiele.d-hauser.com\/index.php?rest_route=\/wp\/v2\/pages\/2\/revisions\/593"}],"wp:attachment":[{"href":"https:\/\/krippenspiele.d-hauser.com\/index.php?rest_route=%2Fwp%2Fv2%2Fmedia&parent=2"}],"curies":[{"name":"wp","href":"https:\/\/api.w.org\/{rel}","templated":true}]}}