{"id":175,"date":"2020-03-08T16:21:48","date_gmt":"2020-03-08T15:21:48","guid":{"rendered":"http:\/\/krippenspiele.d-hauser.com\/?page_id=175"},"modified":"2020-03-08T18:51:40","modified_gmt":"2020-03-08T17:51:40","slug":"zwerenberger-kr","status":"publish","type":"page","link":"https:\/\/krippenspiele.d-hauser.com\/?page_id=175","title":{"rendered":"Zwerenberger Kr."},"content":{"rendered":"\n<h2 class=\"wp-block-heading\"><strong>Weihnachtsspiel: Jesus kommt zu uns<\/strong><\/h2>\n\n\n\n<p>Es wirken mit: 3 Wirte, 1 Ausrufer, Maria und Josef, 3 \u2013 5 Hirten, 3 K\u00f6nige, 2 \u2013 3 Jugendliche<\/p>\n\n\n\n<p>B\u00fchnenbild: Im Vordergrund drei H\u00e4user (Pappkartonfassaden, kann man auch weglassen), weiter hinten die Krippe<\/p>\n\n\n\n<p>&#8212;&#8212;&#8212;&#8212;&#8212;&#8212;&#8212;&#8212;&#8212;&#8212;&#8212;&#8212;&#8212;&#8212;&#8212;&#8212;&#8212;&#8212;&#8212;&#8212;&#8212;&#8212;&#8212;&#8212;&#8212;&#8212;&#8212;&#8212;&#8212;&#8211;<\/p>\n\n\n\n<p><strong>W.1:<\/strong> Hallo, wir sind die Wirte. Und wir wollen dieses Jahr auch mal die Hauptrolle im Krippenspiel spielen. Wir sind n\u00e4mlich wichtig.<\/p>\n\n\n\n<p><strong>W. 2<\/strong>: Ja, wir k\u00f6nnen euch helfen, zu erkennen, wie dieses Jahr f\u00fcr euch zu Hause&nbsp;&nbsp;&nbsp;&nbsp;&nbsp;&nbsp; Weihnachten werden kann. Das glaubt ihr nicht? Dann lasst uns mal die Geschichte erz\u00e4hlen.<\/p>\n\n\n\n<p><em>Wirte verteilen sich auf ihre H\u00e4user.<\/em><\/p>\n\n\n\n<p><strong>W.3<\/strong>:Das war n\u00e4mlich, als wir unsere Wirtsh\u00e4user in Bethlehem endlich mal brechend voll hatten.<\/p>\n\n\n\n<p><strong>W.1<\/strong>: Das ist aber nicht der Anfang der Geschichte<\/p>\n\n\n\n<p><strong>W.3:<\/strong> Stimmt, am Anfang kam der da (<em>zeigt auf den Ausrufer<\/em>), der hat uns all die G\u00e4ste beschert. Weil er n\u00e4mlich folgendes bekannt gemacht hat:<\/p>\n\n\n\n<p><strong>Ausrufer:<\/strong> Achtung, aufgepasst, Befehl von Kaiser Augustus, es wird eine Volksz\u00e4hlung durchgef\u00fchrt! Ein jeder muss sich mit seiner Familie in seine Geburtsstadt begeben und sich dort aufschreiben lassen! Keiner darf sich dr\u00fccken! Befehl vom Kaiser!<\/p>\n\n\n\n<p><em>L\u00e4uft ein St\u00fcck weiter<\/em><\/p>\n\n\n\n<p>Achtung, aufgepasst! Alle Welt soll gesch\u00e4tzt werden! Ein jeder gehe in seine Heimatstadt! Befehl vom Kaiser!<\/p>\n\n\n\n<p><strong>W.1:<\/strong> Da kam nat\u00fcrlich Bewegung ins Volk! Ein Verkehr, kann ich euch sagen!<\/p>\n\n\n\n<p><strong>W.2:<\/strong> Und ein Andrang bei uns! Wir mussten arbeiten wie die Ochsen! Klar, dass wir nur Leute aufnahmen, die kr\u00e4ftig zahlen konnten. Man will ja auch was haben f\u00fcr seinen Einsatz!<\/p>\n\n\n\n<p><strong>W.3:<\/strong> Na ja, ab und zu kamen nat\u00fcrlich auch ein paar arme Leutchen vorbei. Aber bei der Menge an Interessenten konnte man die nat\u00fcrlich locker abweisen. So wie die da vorne.<\/p>\n\n\n\n<p><em>Maria und Josef treten auf.<\/em><\/p>\n\n\n\n<p><strong>J<\/strong>: Schau, Maria, da ist Bethlehem, wir haben es geschafft!<\/p>\n\n\n\n<p><strong>M:<\/strong> Ich kann auch wirklich nicht mehr! Mein R\u00fccken tut weh! Das Kind wird doch nicht schon kommen wollen!<\/p>\n\n\n\n<p><strong>J:<\/strong> Komm, wir beeilen uns, dass wir ein Quartier finden. Es wird ja auch schon dunkel.<\/p>\n\n\n\n<p><strong>M:<\/strong> Ach, schau, es gibt viele Wirtsh\u00e4user hier! Und sie sehen so sauber und einladend aus!<\/p>\n\n\n\n<p><strong>Josef<\/strong> <em>klopft:<\/em> Herr Wirt, haben Sie ein Zimmer f\u00fcr mich und f\u00fcr meine m\u00fcde Frau, wo wir uns ein paar Tage erholen k\u00f6nnen?<\/p>\n\n\n\n<p><strong>W.1:<\/strong> Leider, leider, nichts zu machen! Mein Haus ist voll, und ausgebucht f\u00fcr Wochen!<\/p>\n\n\n\n<p><strong>M<\/strong>: Macht ja nichts, wir fragen nebenan!<\/p>\n\n\n\n<p><strong>Josef <\/strong><em>klopft:<\/em> Herr Wirt, wir suchen ein Bett f\u00fcr die Nacht\u2026<\/p>\n\n\n\n<p><strong>W.2:<\/strong> Tut mir Leid, ich hab nichts mehr frei!<\/p>\n\n\n\n<p><strong>M:<\/strong> Aber schau mal, Josef, da ist doch noch eine sch\u00f6ne Herberge!<\/p>\n\n\n\n<p><strong>Josef <\/strong><em>klopft<\/em>: Herr Wirt, wir brauchen ein Pl\u00e4tzchen, wo wir die Nacht verbringen k\u00f6nnen. Wir sind m\u00fcde von der langen Reise und meine Frau bekommt bald ihr Kind!<\/p>\n\n\n\n<p><strong>W.3:<\/strong> Das k\u00f6nnt ihr vergessen. Die Herbergen hier sind alle voll. Aber ich sehe, dass ihr m\u00fcde seid. Schaut mal, da hinten ist ein Stall. Es wird wohl niemanden st\u00f6ren, wenn ihr euch dort ins Stroh bettet.<\/p>\n\n\n\n<p><strong>Josef:<\/strong> Danke, guter Mann!<\/p>\n\n\n\n<p><strong>W.1:<\/strong> Aber das waren nicht die einzigen armen Leute, die damals bei uns vorbeikamen.<\/p>\n\n\n\n<p><strong>W2:<\/strong> Nee, da kam noch eine ganze Gruppe wilder Gestalten\u2026. Hirten von den Feldern. Das war so\u2026<\/p>\n\n\n\n<p><em>Hirten kommen an.<\/em><\/p>\n\n\n\n<p><strong>H.1:<\/strong> In der Stadt, in der David geboren wurde, hat er gesagt\u2026<\/p>\n\n\n\n<p><strong>H.2:<\/strong> Ja, und das ist Bethlehem, das wei\u00dft du doch! Hier sind wir richtig!<\/p>\n\n\n\n<p><strong>H. 3:<\/strong> Aber wo in Bethlehem? Hier gibt es sicher mehr als einen Stall!<\/p>\n\n\n\n<p><strong>H.4:<\/strong> Vielleicht ist es ganz hier in der N\u00e4he! Wir schauen uns am besten mal um!<\/p>\n\n\n\n<p><strong>W.3:<\/strong> Was sucht ihr denn?<\/p>\n\n\n\n<p><strong>H. 4:<\/strong> Einen Stall!<\/p>\n\n\n\n<p><strong>W. 3:<\/strong> Was?<\/p>\n\n\n\n<p><strong>H.1:<\/strong> Ein Engel\u2026 ein Engel hat uns hierher geschickt! Noch nicht lange her, so um Mitternacht war es. Wir waren auf dem Feld und bewachten unsere Herden. Pl\u00f6tzlich trat ein Engel Gottes zu uns, und Gottes Licht umstrahlte uns. Wir erschraken sehr, aber der Engel sagte:<\/p>\n\n\n\n<p><strong>Engel<\/strong> <em>erscheint<\/em>: F\u00fcrchtet euch nicht! Ich bringe euch die gr\u00f6\u00dfte Freude f\u00fcr alle Menschen. Heute ist f\u00fcr euch in der Stadt, in der schon David geboren wurde, der lang ersehnte Retter zur Welt gekommen. Es ist Christus, der Herr. Und daran werdet ihr ihn erkennen: Das Kind liegt in Windeln gewickelt in einer Futterkrippe!<\/p>\n\n\n\n<p><strong>H. 3:<\/strong> Und dann waren wir auf einmal von unz\u00e4hligen Engeln umgeben, die Gott lobten.<\/p>\n\n\n\n<p><strong>Engel:<\/strong> Gott im Himmel geh\u00f6rt alle Ehre, denn er hat den Frieden auf die Erde gebracht f\u00fcr alle, die bereit sind, seinen Frieden anzunehmen.<\/p>\n\n\n\n<p><strong>H. 1:<\/strong> Wir haben daraufhin beschlossen, hierher nach Bethlehem zu kommen und den Retter zu suchen, von dem der Engel gesprochen hat.<\/p>\n\n\n\n<p><strong>H. 5:<\/strong> Das hat uns nicht ruhen lassen! Der Heiland ist geboren!<\/p>\n\n\n\n<p><strong>H.4:<\/strong> Und hier muss es irgendwo sein!<\/p>\n\n\n\n<p><strong>W.2:<\/strong> Ha, ha, ha, was seid denn ihr f\u00fcr Verr\u00fcckte? Der Heiland ist geboren? Aber seht doch, die Welt ist doch immer noch die gleiche! Wie kann denn da der Heiland geboren sein? Schaut doch, wie \u00e4rmlich ihr immer noch daher kommt! Und die R\u00f6mer beherrschen immer noch unser Land! Nee, nee, Leute, der Heiland ist noch nicht da!<\/p>\n\n\n\n<p><strong>H.3:<\/strong> Ihr habt ja keine Ahnung! Ihr habt nicht gesehen, was wir gesehen haben!<\/p>\n\n\n\n<p><strong>H. 2.:<\/strong> Aber vielleicht wisst ihr etwas von einem Kind, das hier irgendwo geboren wurde. Es soll in Windeln gewickelt in einer Futterkrippe liegen, hat der Engel gesagt.<\/p>\n\n\n\n<p><strong>W.1:<\/strong> Ja, das kann schon sein. Da hinten in dem Stall, da hat vorhin ein m\u00fcdes Paar Unterschlupf gefunden. Und die Frau erwartete bald ein Kind.<\/p>\n\n\n\n<p><strong>Hirten<\/strong>: Das muss er sein, das muss er sein\u2026<\/p>\n\n\n\n<p><em>Gehen in Richtung Stall.<\/em><\/p>\n\n\n\n<p><strong>W.2:<\/strong> Aber es waren nicht nur arme Leute, die in dieser Nacht hier vorbeikamen.<\/p>\n\n\n\n<p><strong>W.3:<\/strong> Nein, da waren auch richtig edle dabei. K\u00f6nige sogar! So sahen sie aus:<\/p>\n\n\n\n<p><em>Die drei K\u00f6nige kommen heran.<\/em><\/p>\n\n\n\n<p><strong>K.1<\/strong>: Schaut, hier steht der Stern. Hier genau! Wir sind am Ziel!<\/p>\n\n\n\n<p><strong>W.1<\/strong>: Wie am Ziel? Wollt ihr in meiner Herberge einkehren? Kommt nur herein! Meine Frau wird euch ein Festmahl bereiten\u2026<\/p>\n\n\n\n<p><strong>K.2:<\/strong> Nein, wir haben keine Zeit zu essen. Wir wollen dem jungen K\u00f6nig huldigen.<\/p>\n\n\n\n<p><strong>W.2<\/strong>: Welchem jungen K\u00f6nig? So jung seid ihr doch alle drei nicht mehr\u2026<\/p>\n\n\n\n<p><strong>K.3:<\/strong> Ein neuer Stern ist aufgegangen! Ein neuer K\u00f6nig ist geboren!<\/p>\n\n\n\n<p><strong>W.3:<\/strong> Ich kapier gar nichts mehr! Hier ist doch nur ein armes Kind geboren!<\/p>\n\n\n\n<p><strong>W.1:<\/strong> Das Baby dort im Stall\u2026 Es wird doch nicht\u2026.<\/p>\n\n\n\n<p><em>Alle gehen zum Stall.<\/em><\/p>\n\n\n\n<p><em>Wirte stehen wieder vorne vor ihren H\u00e4usern.<\/em><\/p>\n\n\n\n<p><strong>W.2:<\/strong> Ja, so war das damals.<\/p>\n\n\n\n<p><strong>Jugendliche aus dem Publikum<\/strong>: Die Geschichte hab ich sowieso schon gekannt.<\/p>\n\n\n\n<p><strong>Andere Jugendliche<\/strong>: Ja, ihr wolltet doch erz\u00e4hlen, wie Weihnachten f\u00fcr uns ein ganz besonderes Fest werden kann.<\/p>\n\n\n\n<p><strong>J.1:<\/strong> Das kam in der Geschichte nicht vor. Das war wie alle Jahre.<\/p>\n\n\n\n<p><strong>J. 2:<\/strong> Ja, alle Jahre wieder \u2013 dasselbe!<\/p>\n\n\n\n<p><strong>W.3:<\/strong> Nat\u00fcrlich alle Jahre wieder dasselbe! H\u00e4tten wir denn was anders machen sollen dieses Jahr?<\/p>\n\n\n\n<p><strong>J.1:<\/strong> Ihr h\u00e4ttet Jesus doch auch mal einlassen k\u00f6nnen, in eure Herberge! Jedes Jahr \u00e4rgere ich mich aufs Neue, wenn Maria und Josef wieder abgewiesen werden!<\/p>\n\n\n\n<p><strong>J.2:<\/strong> Ja, das h\u00e4tte i c h&nbsp; gemacht! Ich h\u00e4tte Jesus bei mir aufgenommen!<\/p>\n\n\n\n<p><strong>J.1<\/strong>: Ich auch!<\/p>\n\n\n\n<p><strong>W.1:<\/strong> So, das h\u00e4ttest du gemacht? Dann mach das doch! Das kannst du n\u00e4mlich auch heute noch!<\/p>\n\n\n\n<p><strong>J.2<\/strong> Was???<\/p>\n\n\n\n<p><strong>W.1:<\/strong> Na, Jesus einlassen! Zu dir! In dein Haus! In dein Herz! Weihnachten feiern mit Jesus! Leben mit Jesus! jeder Einzelne von uns kann das! Nicht nur wir Wirte!<\/p>\n\n\n\n<p><strong>J.1:<\/strong> Und wie soll das gehen?<\/p>\n\n\n\n<p><strong>W.2:<\/strong> Jesus selber hat es uns erz\u00e4hlt. Wir k\u00f6nnen es heute noch nachlesen in der Bibel!<\/p>\n\n\n\n<p><strong>W.3:<\/strong> Denn erst wenn wir wirklich Ja sagen zu Jesus und nicht nur zu den Geschenken, dem Festtagsbraten, der Weihnachtsstimmung, den Liedern und allem anderen drumherum, kann wirklich Weihnachten werden bei uns.<\/p>\n\n\n\n<p><strong>W.1:<\/strong> Und das war nicht nur damals bei uns so, sondern gilt auch heute noch, bei jedem Einzelnen von uns!<\/p>\n","protected":false},"excerpt":{"rendered":"<div class=\"mh-excerpt\"><p>Weihnachtsspiel: Jesus kommt zu uns Es wirken mit: 3 Wirte, 1 Ausrufer, Maria und Josef, 3 \u2013 5 Hirten, 3 K\u00f6nige, 2 \u2013 3 Jugendliche B\u00fchnenbild: Im Vordergrund drei H\u00e4user (Pappkartonfassaden, kann man auch weglassen), <a class=\"mh-excerpt-more\" href=\"https:\/\/krippenspiele.d-hauser.com\/?page_id=175\" title=\"Zwerenberger Kr.\">[&#8230;]<\/a><\/p>\n<\/div>","protected":false},"author":1,"featured_media":0,"parent":2,"menu_order":0,"comment_status":"closed","ping_status":"closed","template":"","meta":{"footnotes":""},"class_list":["post-175","page","type-page","status-publish"],"_links":{"self":[{"href":"https:\/\/krippenspiele.d-hauser.com\/index.php?rest_route=\/wp\/v2\/pages\/175","targetHints":{"allow":["GET"]}}],"collection":[{"href":"https:\/\/krippenspiele.d-hauser.com\/index.php?rest_route=\/wp\/v2\/pages"}],"about":[{"href":"https:\/\/krippenspiele.d-hauser.com\/index.php?rest_route=\/wp\/v2\/types\/page"}],"author":[{"embeddable":true,"href":"https:\/\/krippenspiele.d-hauser.com\/index.php?rest_route=\/wp\/v2\/users\/1"}],"replies":[{"embeddable":true,"href":"https:\/\/krippenspiele.d-hauser.com\/index.php?rest_route=%2Fwp%2Fv2%2Fcomments&post=175"}],"version-history":[{"count":1,"href":"https:\/\/krippenspiele.d-hauser.com\/index.php?rest_route=\/wp\/v2\/pages\/175\/revisions"}],"predecessor-version":[{"id":176,"href":"https:\/\/krippenspiele.d-hauser.com\/index.php?rest_route=\/wp\/v2\/pages\/175\/revisions\/176"}],"up":[{"embeddable":true,"href":"https:\/\/krippenspiele.d-hauser.com\/index.php?rest_route=\/wp\/v2\/pages\/2"}],"wp:attachment":[{"href":"https:\/\/krippenspiele.d-hauser.com\/index.php?rest_route=%2Fwp%2Fv2%2Fmedia&parent=175"}],"curies":[{"name":"wp","href":"https:\/\/api.w.org\/{rel}","templated":true}]}}