{"id":17,"date":"2020-03-08T14:32:07","date_gmt":"2020-03-08T13:32:07","guid":{"rendered":"http:\/\/krippenspiele.d-hauser.com\/?page_id=17"},"modified":"2020-03-08T18:43:20","modified_gmt":"2020-03-08T17:43:20","slug":"angela-bunsen","status":"publish","type":"page","link":"https:\/\/krippenspiele.d-hauser.com\/?page_id=17","title":{"rendered":"Angela Bunsen 1"},"content":{"rendered":"\n<h1 class=\"wp-block-heading\">\u201eUnd wenn es doch wahr w\u00e4re ?\u201c<\/h1>\n\n\n\n<p>Krippenspiel St. Markus 2007<\/p>\n\n\n\n<p>Das Krippenspiel dauert 7- 10 Minuten und ist f\u00fcr sieben Kinder geschrieben worden. Sie waren bei der Auff\u00fchrung 10-12 Jahre alt. <br>Die Geschichte der Trauer, die durch die Welt geht (Verfasser unbekannt) ist nicht neu, liegt hier aber in abgewandelter Form vor. <br>Die Heiligen drei K\u00f6nige haben das Christuskind besucht und ihm ihre Geschenke gebracht. Auf dem R\u00fcckweg begegnen sie der Trauer, der Liebe und der Hoffnung. Was das mit Weihnachten zu tun hat? Lesen Sie selbst&#8230;.<\/p>\n\n\n\n<p>Mitwirkende Personen:<\/p>\n\n\n\n<p>1. K\u00f6nig <br>2. K\u00f6nig <br>3. K\u00f6nig <br>Kleiner Diener <br>Trauer (Freude) <br>Liebe <br>Hoffnung<\/p>\n\n\n\n<p>Requisite:<\/p>\n\n\n\n<p>K\u00f6nigsgew\u00e4nder \/ Kronen <br>Umhang f\u00fcr Diener <br>Schwarzer Umhang f\u00fcr Trauer <br>Buntes Untergewand f\u00fcr Trauer <br>Geschenke der K\u00f6nige <br>Blauer Umhang f\u00fcr Hoffnung <br>Roter Umhang f\u00fcr Liebe <br>Glastropfen f\u00fcr Liebe <br>Gr\u00fcne Tannenzweige f\u00fcr Hoffnung <br>Strahler <br>Verl\u00e4ngerungsschnur <br>Sicherheitsnadeln<\/p>\n\n\n\n<p><em>K\u00f6nige knien vor der Krippe, sind der Gemeinde zugewandt. Jeder legt mit einer Verbeugung sein Geschenk ab. Trauer sitzt in schwarzen Mantel eingeh\u00fcllt vor dem Altar auf einem Stuhl. <\/em><\/p>\n\n\n\n<p>1. K\u00f6nig: Wir gr\u00fc\u00dfen Dich, du neugeborenes Kind und gro\u00dfer K\u00f6nig. Auf dich hat die Welt schon so lange gewartet. Denn du wirst uns den Frieden bringen, nach dem sich unsere V\u00f6lker so lange sehnen. Wir wollen dich auf dieser Welt willkommen hei\u00dfen und Dir unsere Geschenke bringen.<\/p>\n\n\n\n<p>2. K\u00f6nig: Von weit her sind wir gekommen. Ein gro\u00dfer Stern wies uns den Weg. Seine Helligkeit war unbeschreiblich. Wir folgten ihm und wanderten in seinem hellen<\/p>\n\n\n\n<p>Schein. Und alle Menschen, denen wir unterwegs begegneten, waren erf\u00fcllt von einer gro\u00dfen Vorfreude.<\/p>\n\n\n\n<p>3. K\u00f6nig: Denn seit langer Zeit haben es unsere Sterndeuter und Propheten vorhergesagt: Alle 2600 Jahre ereignet sich am Himmel etwas unvorstellbar gro\u00dfartiges: Viele Sterne r\u00fccken immer mehr zusammen zu einem einzigen strahlend hellen Stern. Vor vier Monaten haben wir dieses gro\u00dfe Licht zum ersten Mal am Himmel gesehen. Die Propheten sagen, dass unter diesem Stern ein gro\u00dfer K\u00f6nig geboren wird. Und dieser Friedensf\u00fcrst wird m\u00e4chtiger sein als alle K\u00f6nige dieser Welt.<\/p>\n\n\n\n<p>1. K\u00f6nig: So haben wir uns aufgemacht und haben Dich lange gesucht. Aber nun sind wir am Ziel. Denn der Stern ist \u00fcber diesem Stall in Bethlehem stehen geblieben. Zuerst konnten wir es nicht glauben, Du, ein so m\u00e4chtiger K\u00f6nig, auf den alle Menschen hoffen, kommt in einem \u00e4rmlichen Stall zur Welt.<\/p>\n\n\n\n<p>2. K\u00f6nig: Doch Gott ist unendlich weise und macht keine Fehler. Er sendet seinen Sohn als Mensch zu uns, geboren von der Jungfrau Maria, damit wir durch ihn erl\u00f6st werden.<\/p>\n\n\n\n<p>Diener: F\u00fcr uns gibst Du deine Macht und K\u00f6nigsw\u00fcrde auf und steigst herab von Deinem Thron. Heute machst Du Dich ganz klein und wirst unser Freund.<\/p>\n\n\n\n<p><em>Alle verbeugen sich vor der Krippe, gehen durch den Mittelgang ab<\/em><\/p>\n\n\n\n<p>3. K\u00f6nig: <em>zieht seinen Umhang aus und h\u00e4lt ihn dem Diener hin<\/em><\/p>\n\n\n\n<p>Ich bin m\u00fcde! Der Weg hierher war weit. Und nach Hause ist es noch mal so anstrengend. Diener, trage meinen Umhang und meine Krone!<\/p>\n\n\n\n<p>2. K\u00f6nig: Nein mein Freund, warte! Wir kommen gerade von <em>dem<\/em> K\u00f6nig, der sich zum Diener von uns allen macht. Also wollen auch wir einander dienen. Gib mir deine Sachen, ich trage sie dir.<\/p>\n\n\n\n<p>Diener: <em>gibt die Sachen ab <\/em>Und wer tr\u00e4gt mich, <em>bleibt bei der Trauer stehen <\/em>Ach du Armer, warum bist du so traurig, kann ich dir helfen?<\/p>\n\n\n\n<p>Trauer: <em>seufzt leise, <\/em>lass mich in Ruhe, bitte geh, geh weg!<\/p>\n\n\n\n<p><em>Liebe und Hoffnung kommen durch den Mittel- und Seitengang. Liebe verteilt Glastr\u00e4nen an die Kinder, Hoffnung verteilt Tannenzweige an die Erwachsenen. Vor dem Altar bleiben sie stehen und umarmen sich<\/em><\/p>\n\n\n\n<p>Trauer: <em>weint leise vor sich hin<\/em><\/p>\n\n\n\n<p>Liebe: warum weinst du, wer bist du, warum bist du so traurig?<\/p>\n\n\n\n<p>Trauer: <em>hebt ganz langsam den Kopf, sieht von einem zum anderen, steht langsam auf <br><\/em>Wer ich bin? Ich habe viele Namen und bin so alt wie die Welt. Manche nennen mich Elend, manche nennen mich Not und Leid. Ich bin \u00fcberall dort, wo Menschen sich weh tun, wo Ungl\u00fccke geschehen und Kriege ausgetragen werden. <br><em>Pause <br><\/em>Ich bin die Trauer. Ich weine f\u00fcr die Menschen, die keine Tr\u00e4nen mehr haben. So viele f\u00fcrchten sich vor mir und wollen mich nicht. Deshalb bin ich immer alleine. Aber, warum lauft ihr nicht weg vor mir, wer seid ihr?<\/p>\n\n\n\n<p>Liebe: komm mit uns, dann wirst du es erfahren<\/p>\n\n\n\n<p>Hoffnung: wir sind zu Dem unterwegs, der alles ver\u00e4ndert und alles neu macht. Wir wollen<\/p>\n\n\n\n<p>ihn begr\u00fc\u00dfen. Komm mit!<\/p>\n\n\n\n<p>Trauer: <em>zieht den Umhang fester um sich <\/em>Alles Quatsch, alles gelogen, es ist nicht m\u00f6glich, das die Trauer von irgendjemanden getr\u00f6stet werden k\u00f6nnte.<\/p>\n\n\n\n<p>Liebe: Diese Nacht ist heilig<\/p>\n\n\n\n<p>Hoffnung: heute ist ein gro\u00dfes Wunder geschehen, es ist <em>Der<\/em> gekommen, der alles neu macht<\/p>\n\n\n\n<p>Trauer: lasst mich in Ruhe <em>setzt sich wieder hin, Liebe und Hoffnung gehen zur Krippe <br><\/em>Und \u2013 wenn es doch wahr w\u00e4re? Wenn es tats\u00e4chlich auch f\u00fcr mich Erl\u00f6sung g\u00e4be? <br><em>Steht langsam auf und geht gebeugt zur Krippe<\/em><\/p>\n\n\n\n<p><em>Liebe und Hoffnung stehen vor der Krippe, Liebe verbeugt sich , nimmt eine gro\u00dfe Glastr\u00e4ne zeigt sie der Gemeinde und legt sie vor die Krippe<\/em><\/p>\n\n\n\n<p>Liebe: Sei mir willkommen, gro\u00dfer K\u00f6nig und Herr. Ich schenke dir meine Tr\u00e4nen, die aus Liebe geweint werden, denn ich bin die Liebe. Eines Tages wird eine Zeit f\u00fcr Dich kommen, da Du verraten, verspottet und verleugnet wirst. Dann werde ich bei dir sein, und aus Liebe zu Dir meine Tr\u00e4nen vergie\u00dfen.<\/p>\n\n\n\n<p>Hoffnung: <em>zieht ihren Mantel aus, legt ihn vor die Krippe <br><\/em>Es wird eine Zeit kommen, in der die Menschen kein Mitleid mit Dir haben werden, und ihre Kaltherzigkeit dich frieren l\u00e4sst. Wenn Deine Freunden dich verraten, wenn Du Dich am einsamsten f\u00fchlst und mutlos und verzweifelt bist, dann werde ich bei Dir sein. Denn ich bin die Hoffnung und mein Mantel wird dich sch\u00fctzen und w\u00e4rmen.<\/p>\n\n\n\n<p><em>Hoffnung und Liebe legen ihre Hand auf die Schulter der Trauer<\/em><\/p>\n\n\n\n<p>Liebe: Dieses Kind wird die Welt ver\u00e4ndern.<\/p>\n\n\n\n<p>Hoffnung: Und jeder, der an dieses Kind glaubt, wird ver\u00e4ndert werden.<\/p>\n\n\n\n<p>Liebe: Von nun an wollen wir zusammen durch die Welt gehen. Du musst nicht mehr alleine sein.<\/p>\n\n\n\n<p>Trauer: <em>legt langsam den schwarzen Umhang ab, bunter Umhang kommt zum Vorschein <br><\/em>Es ist wahr! Wie ist das m\u00f6glich? Ich f\u00fchle mich getr\u00f6stet. Dieses Kind wandelt die Trauer in Freude und trocknet alle Tr\u00e4nen. Denn der Tr\u00f6ster der Welt ist heute geboren. Das wollen wir heute allen Menschen sagen:<\/p>\n\n\n\n<p>Trauer: die Trauer wandelt sich in Freude <br>Hoffnung: die Hoffnung tr\u00e4gt einen neuen Namen<\/p>\n\n\n\n<p>Liebe: die Liebe ist Mensch geworden<\/p>\n\n\n\n<p>Alle:<em> kommen nach vorne<\/em>Christus der Retter ist da<\/p>\n","protected":false},"excerpt":{"rendered":"<div class=\"mh-excerpt\"><p>\u201eUnd wenn es doch wahr w\u00e4re ?\u201c Krippenspiel St. Markus 2007 Das Krippenspiel dauert 7- 10 Minuten und ist f\u00fcr sieben Kinder geschrieben worden. Sie waren bei der Auff\u00fchrung 10-12 Jahre alt. Die Geschichte der <a class=\"mh-excerpt-more\" href=\"https:\/\/krippenspiele.d-hauser.com\/?page_id=17\" title=\"Angela Bunsen 1\">[&#8230;]<\/a><\/p>\n<\/div>","protected":false},"author":1,"featured_media":0,"parent":2,"menu_order":0,"comment_status":"closed","ping_status":"closed","template":"","meta":{"footnotes":""},"class_list":["post-17","page","type-page","status-publish"],"_links":{"self":[{"href":"https:\/\/krippenspiele.d-hauser.com\/index.php?rest_route=\/wp\/v2\/pages\/17","targetHints":{"allow":["GET"]}}],"collection":[{"href":"https:\/\/krippenspiele.d-hauser.com\/index.php?rest_route=\/wp\/v2\/pages"}],"about":[{"href":"https:\/\/krippenspiele.d-hauser.com\/index.php?rest_route=\/wp\/v2\/types\/page"}],"author":[{"embeddable":true,"href":"https:\/\/krippenspiele.d-hauser.com\/index.php?rest_route=\/wp\/v2\/users\/1"}],"replies":[{"embeddable":true,"href":"https:\/\/krippenspiele.d-hauser.com\/index.php?rest_route=%2Fwp%2Fv2%2Fcomments&post=17"}],"version-history":[{"count":2,"href":"https:\/\/krippenspiele.d-hauser.com\/index.php?rest_route=\/wp\/v2\/pages\/17\/revisions"}],"predecessor-version":[{"id":19,"href":"https:\/\/krippenspiele.d-hauser.com\/index.php?rest_route=\/wp\/v2\/pages\/17\/revisions\/19"}],"up":[{"embeddable":true,"href":"https:\/\/krippenspiele.d-hauser.com\/index.php?rest_route=\/wp\/v2\/pages\/2"}],"wp:attachment":[{"href":"https:\/\/krippenspiele.d-hauser.com\/index.php?rest_route=%2Fwp%2Fv2%2Fmedia&parent=17"}],"curies":[{"name":"wp","href":"https:\/\/api.w.org\/{rel}","templated":true}]}}