{"id":169,"date":"2020-03-08T16:19:46","date_gmt":"2020-03-08T15:19:46","guid":{"rendered":"http:\/\/krippenspiele.d-hauser.com\/?page_id=169"},"modified":"2020-03-08T18:51:12","modified_gmt":"2020-03-08T17:51:12","slug":"wingsbacher-kr","status":"publish","type":"page","link":"https:\/\/krippenspiele.d-hauser.com\/?page_id=169","title":{"rendered":"Wingsbacher Kr."},"content":{"rendered":"\n<h2 class=\"wp-block-heading\">Die Weihnachtsrumpelkammer<\/h2>\n\n\n\n<p>Krippenspiel Wingsbach 2001<\/p>\n\n\n\n<p>Die Weihnachtsm\u00e4use Frederik &amp; Florian erscheinen vor dem Vorhang .Sie schnuppern so ein bisschen herum.<\/p>\n\n\n\n<p>Frederik: &#8222;Du Florian, ist es Dir hier oben auch so schrecklich lang&#8211;weilig?<\/p>\n\n\n\n<p>Florian: &#8222;Ja, besonders jetzt in der Weihnachtszeit kommt selten einer auf den Dachboden.&#8220;<\/p>\n\n\n\n<p>Frederik: &#8222;Wenn mir so langweilig ist mach` ich mir immer viele Gedanken und da gibt es etwas, was mich schon immer interessiert hat.&#8220;<\/p>\n\n\n\n<p>Florian: &#8222;Mensch, Frederik, mach es nicht so spannend.&#8220;<\/p>\n\n\n\n<p>Frederik: &#8222;Hast Du schon mal was vom Wunder der Christnacht geh\u00f6rt?&#8220;<\/p>\n\n\n\n<p>Florian: &#8222;Nein Frederik, aber Du bist wirklich die gl\u00e4ubigste Maus die ich kenne, ich bin Dein bester Freund und wir werden es zusammen heraus finden, das verspreche ich Dir.<\/p>\n\n\n\n<p>Frederik: &#8222;Ich denke wir sollten dort in der hintersten Ecke des Bodens anfangen zu suchen, denn das sieht verd\u00e4chtig nach Krippe und Stall von Bethlehem aus.&#8220; <br>(Die Kinder spielen vor der B\u00fchne mit Skatern ,Rad, Rollbrett ,Roller.)<\/p>\n\n\n\n<p>Kind 1:&#8220;Habt ihr schon gemerkt, es f\u00e4ngt an zu schneien(regnen) .&#8220;(Je nach Wetter am H.Abend)<\/p>\n\n\n\n<p>Kind 2:&#8220;Ich dachte echt wir k\u00f6nnten noch drau\u00dfen bleiben.&#8220;<\/p>\n\n\n\n<p>Kind 3:&#8220;Kannst Du ja machen, mir ist es einfach zu nass und zu kalt.&#8220;<\/p>\n\n\n\n<p>Kind 7:&#8220;Ja und was machen wir jetzt?&#8220;<\/p>\n\n\n\n<p>Kind 6:&#8220; Nach Hause kann ich nicht, meine Mutter rastet aus, wenn ich jetzt schon auf der Matte stehe!&#8220;<\/p>\n\n\n\n<p>Kind 4:&#8220;Moment mal ich w\u00fcsste da was:&#8220;<\/p>\n\n\n\n<p>Kind 5:&#8220;Du, mach `s net so spannend erz\u00e4hl` schon.&#8220;<\/p>\n\n\n\n<p>Kind 4:&#8220;Wir gehen alle zu Oma Ilschen , die freut sich bestimmt.&#8220;<\/p>\n\n\n\n<p>Kind 5:&#8220;Oh, Mann Du musch wohl heit noch e guede Tat vollbringe, sonst gibt\u2019s nix auf Weihnachte.&#8220;<\/p>\n\n\n\n<p>Kind 4:&#8220;H\u00e4ttest Du mich ausreden lassen, dann brauchtest Du jetzt nicht schon wieder meckern. Also , wir gehen auf Oma Ilses Dachboden, da gibt es immer etwas Interessantes zu entdecken.&#8220;<\/p>\n\n\n\n<p>Kind 1:&#8220;He, klasse, ne echte Alternative zum Drau\u00dfen spielen.&#8220;<\/p>\n\n\n\n<p>Kind 5:&#8220;Ihr hent wirklich komische Ideee an Weihnachte uff der Bene rumsteige!&#8220;<\/p>\n\n\n\n<p>Kind 2:&#8220;Du immer mit Deinem komischen Dialekt, des versteht hier sowieso keiner.&#8220;<\/p>\n\n\n\n<p>Kind 6:&#8220;Sie kommt doch aus Baden-W\u00fcrtemberg und da sprechen, die anderstter Platt wie in Wingsbach des is doch klar?&#8220;<\/p>\n\n\n\n<p>Alle: Sonnenklar!<\/p>\n\n\n\n<p>Kind 3:&#8220;Also ich f\u00fcr meinen Teil geh `nur mit wenn wir da nicht saubermachen m\u00fcssen.&#8220;<\/p>\n\n\n\n<p>Kind 7:&#8220; Ich auch, ich wei\u00df noch genau, wie die Ilseoma uns ruckzuck zum Fenster putzen angestellt hat.&#8220;<\/p>\n\n\n\n<p>Kind 1:&#8220; Keine Sorge heute ist die alte Dame bestimmt mit Pl\u00e4tzchen backen besch\u00e4ftigt.&#8220; <br>Die Kinder legen alle R\u00e4der und Skater ab, sie steigen auf den Dachboden und summen dabei ein Lied. <br>LIED: &#8222;Es ist f\u00fcr uns eine Zeit angekommen&#8220; <br>Da kommen die beiden M\u00e4use noch mal durch den Vorhang. Zuerst der Florian.<\/p>\n\n\n\n<p>Florian : &#8222;F..rrrrreeeeederik!&#8220;<\/p>\n\n\n\n<p>Frederik: &#8222;Was schreist Du denn so?&#8220;<\/p>\n\n\n\n<p>Florian: &#8222;Ich sehe gerade wie unsere Langeweile die Flatter macht.&#8220;<\/p>\n\n\n\n<p>Frederik: &#8222;Flori, bitte noch mal zum Mitschreiben.&#8220;<\/p>\n\n\n\n<p>Florian: &#8222;Hier wird nichts mehr geschrieben, wir m\u00fcssen schnellstens verschwinden, eine Horde trampelnder<\/p>\n\n\n\n<p>Kinder wird gleich den Dachboden unsicher machen.(Zu den Zuschauern sprechend)&#8220; Wir sehen uns sp\u00e4ter noch versprochen.&#8220; <br>(Die Kinder erreichen den Dachboden der Vorhang geht auf und Licht an LINKS)<\/p>\n\n\n\n<p>2.<\/p>\n\n\n\n<p>Kind 1: &#8222;Wau,(schaut sich staunend um) echt klasse. Hey, wir werden erst mal ne Klamottenshow machen. <br>(Setzt sich einen Hut auf und begutachtet sich im Spiegel)<\/p>\n\n\n\n<p>Kind 3:&#8220;\u00c4h,ja und ich h\u00e4tte gern mal so nen Pelzheimer anprobiert.&#8220;<\/p>\n\n\n\n<p>Kind 2:&#8220;Stimmt, du bist so ein richtiger Frostk\u00f6ttel.&#8220;<\/p>\n\n\n\n<p>Kind 4:&#8220;Frierhotzel hie\u00dft das bei uns.&#8220;<\/p>\n\n\n\n<p>Kind 6:&#8220;Wie steht mir der Fummel?&#8220;<\/p>\n\n\n\n<p>Kind 7:&#8220;Viel zu elegant f\u00fcr dich. Hier das ist eher was f\u00fcr dich (Kichert und reicht ihr eine Kittelsch\u00fcrze)<\/p>\n\n\n\n<p>Kind 5:&#8220;Un, was soll i aziege?&#8220;(Alle sch\u00fctteln den Kopf)<\/p>\n\n\n\n<p>Kind 2:&#8220;Sei mir nicht b\u00f6se, aber du solltest erst mal vern\u00fcnftig reden lernen und dann finden wir f\u00fcr Dich auch was zum A-Ziege.<\/p>\n\n\n\n<p>Kind 5:&#8220;Alte B-Ziege!&#8220;<\/p>\n\n\n\n<p>Kind 4:&#8220;Menschenskinder m\u00fcsst ihr heute unbedingt streiten?&#8220;<\/p>\n\n\n\n<p>Kind 5: (Wandert auf der B\u00fchne ziellos herum und entdeckt den Stall)&#8220;Alle mol do her!&#8220;(LICHT AUF STALL)<\/p>\n\n\n\n<p>Kind 1:&#8220;Oh, wau, was geht denn hier ab?&#8220;<\/p>\n\n\n\n<p>Kind 2:&#8220;Ich fass` es nicht das ist ja eine echte &#8230;&#8230;..&#8220;<\/p>\n\n\n\n<p>Kind 3:&#8220;Du sagst es eine Weihnachtskrippe.&#8220;<\/p>\n\n\n\n<p>Kind 4:&#8220;Nix,da ich kenn` mich hier aus des is der Stall von Bethlehem!&#8220;<\/p>\n\n\n\n<p>Kind 5:&#8220;Jo, klar und ich bin der Kaiser Augustus mit Schwert und Lorbeerkranz und treib die Steuern ei.&#8220;<\/p>\n\n\n\n<p>Kind 6:&#8220;Wenn du kein dummes Zeug daher reden kannst geht es dir nicht gut.&#8220;<\/p>\n\n\n\n<p>Kind 7:&#8220;Ich w\u00fcrde mir die verpackten Figuren gerne mal aus der N\u00e4he betrachten.&#8220;<\/p>\n\n\n\n<p>Kind 2:&#8220;K\u00f6nnen wir die auch auspacken?&#8220;<\/p>\n\n\n\n<p>Kind 4:&#8220;Auspacken schon und auch anschauen , aber spielen damit wird wohl nix , sie sind aus Holz <br>(Klopft auf eine Figur ) und sehr schwer.&#8220;<\/p>\n\n\n\n<p>Kind 5:&#8220;Also, was hier so toll sei soll, des m\u00f6chte i wisse? Des Theater seh\u00b4 mer doch jedes Johr im Krippespiel.&#8220;<\/p>\n\n\n\n<p>Kind 3:&#8220;Eins wei\u00df ich, du hast von Weihnachten nicht den geringsten Schimmer. Denkst nur an die Geschenke und die Weihnachtsgans.<\/p>\n\n\n\n<p>Kind 1:&#8220; M\u00e4dels bleibt mal ganz locker heute ist doch Heiligabend.&#8220;<\/p>\n\n\n\n<p>Kind 2( zu Kind 5):&#8220;Und darum machen wir jetzt Anschauungsunterricht.&#8220;(Es wickelt die Figur der Maria aus alle anderen tun das selbe und so sind alle Figuren ausgepackt)<\/p>\n\n\n\n<p>Kind 7: &#8222;Sieh` der Maria ins Gesicht, sie l\u00e4chelt, sie hat gerade ein Kind bekommen, sie ist gl\u00fccklich.&#8220;<\/p>\n\n\n\n<p>Kind 4: (Geht zur Figur hebt etwas den Arm und spricht zu der Josef Figur )&#8220;Ach, Josef bin ich froh, dass wir den alten Stall gefunden haben, wenigstens ein Dach \u00fcber dem Kopf.&#8220; <br>(Der andere Arm von Maria bewegt sich von selbst das Kind springt zu r\u00fcck, alle stehen dicht zusammen und beobachten was da vor ihren Augen geschieht. Maria nimmt das Kind in den Arm)<\/p>\n\n\n\n<p>Maria:&#8220; Schau, Josef wie es l\u00e4chelt unser Kind. Ein Kind ist uns geboren. Ein Sohn ist uns begeben. <br>Jesus soll er hei\u00dfen, so wie der Engel es sagte.&#8220; <br>LIED: Still, still, still (Kind 5 singt ganz and\u00e4chtig)<\/p>\n\n\n\n<p>Kind 3 zu 5:&#8220;Es geschehen wundersame Dinge auf diesem Dachboden, du kannst singen?!&#8220;<\/p>\n\n\n\n<p>Kind 2:&#8220;Sie hat f\u00fcr das Jesuskind gesungen.&#8220;<\/p>\n\n\n\n<p>Kind 5(geht zu Maria)&#8220;Sag emol is des nit zu kalt f\u00fcr so e kleins Butzerle, des is morge bestimmt krank.<\/p>\n\n\n\n<p>Maria: &#8222;Dieses kleine Butzerle ist Gottes Sohn und er wird schon daf\u00fcr sorgen, dass es warm wird sogar in einem Stall.&#8220;<\/p>\n\n\n\n<p>Kind 7:&#8220; Ihr habt wirklich ein gro\u00dfes Gottvertrauen, ich w\u00e4re sicher sehr besorgt mit so einem kleinen Baby.&#8220; <br>Josef:&#8220; Ich konnte auch nicht gleich ein so tiefes Vertrauen haben wie meine Frau, aber wir stehen wirklich unter besonderem Schutz , schaut der Stern wanderte die ganze Zeit voran und leuchtet jetzt \u00fcber dem Stall.&#8220;<\/p>\n\n\n\n<p>3.<\/p>\n\n\n\n<p>Maria:&#8220; Dort kommen die Engel, wenn sie alle im Stall sind wird es mollig warm.<\/p>\n\n\n\n<p>Kind 5:&#8220;Des is wohl dann die H.H. die himmlische Heizung.&#8220; <br>(alle Kinder schauen b\u00f6se zu Kind 5)<\/p>\n\n\n\n<p>Kind 5:&#8220;Ok,i bin jo scho still .&#8220; <br>(Die Engel kommen ganz leise auf die B\u00fchne &#8211; TANZ DER ENGEL) <br>(Engel nach dem Tanz Halbkreis um Maria und Josef bilden )<\/p>\n\n\n\n<p>Engel Sprechen zusammen: <br>&#8222;EHRE SEI GOTT IN DER H\u00d6HE UND FRIEDEN AUF ERDEN BEI DEN MENSCHEN &#8220; <br>(Die Hirten reden aufgeregt miteinander als sie nach vorne zum Stall gehen)<\/p>\n\n\n\n<p>Ephraim:&#8220; Ich muss immer noch an das helle Licht drau\u00dfen bei den Schafen denken.&#8220;<\/p>\n\n\n\n<p>Benjamin:&#8220; Ich h\u00f6r den Engel noch sagen:&#8230;&#8230;.(Verk\u00fcndigungsengel tritt auf)<\/p>\n\n\n\n<p>Verk\u00fcndigungsengel:&#8220; F\u00fcrchtet Euch nicht! Siehe ich verk\u00fcndige Euch eine gro\u00dfe Freude, die allem Volk <br>wiederfahren wird ; denn Euch ist heute der Heiland geboren.&#8220; <br>LIED DER ENGEL &#8222;Vom Himmel hoch oh Englein kommt&#8220;<\/p>\n\n\n\n<p>Kind 2 zu den Hirten:&#8220; Ja und obwohl ihr Angst hattet und auch sicher kein ordentliches Geschenk f\u00fcr das Jesuskind seid ihr einfach losmarschiert?&#8220;<\/p>\n\n\n\n<p>Simeon:&#8220; Der Engel hatte uns doch gesagt heute sei ein K\u00f6nig , der Retter der ganzen Welt geboren. Wer k\u00f6nnte wohl besser den Retter gebrauchen als wir Hirten.&#8220;<\/p>\n\n\n\n<p>Benjamin:&#8220; Ich glaube Maria war ganz sch\u00f6n erschrocken als wir in den Stall kamen.&#8220;<\/p>\n\n\n\n<p>Ephraim:&#8220; Hab` ich nix von gemerkt.&#8220;(Die beiden anderen winken ab)<\/p>\n\n\n\n<p>Simeon:&#8220; Lasst uns nun unsere bescheidenen Geschenke zum Kind bringen. Es ist nicht viel, aber es kommt von Herzen.<\/p>\n\n\n\n<p>Benjamin:&#8220; Schau ein Fell, da kannst du dein Kind drauf legen da ist es ihm sch\u00f6n warm.&#8220;<\/p>\n\n\n\n<p>Simeon:&#8220; Hier ist meine Wolldecke gro\u00df genug f\u00fcr dich und das Kind.&#8220;<\/p>\n\n\n\n<p>Ephraim:&#8220; Ich bringe dir Brot und etwas selbst gemachten K\u00e4se. Er schmeckt gut unser K\u00e4se.<\/p>\n\n\n\n<p>Maria:&#8220; Vielen Dank ihr Hirten setzt euch eine Weile zu mir ins Stroh um euch aufzuw\u00e4rmen bevor ihr zu euren Schafen geht.(Hirten setzen sich und fangen an zu singen) <br>LIED DER HIRTEN &#8222;Kommet ihr Hirten &#8222;<\/p>\n\n\n\n<p>Kind 3:&#8220;Der eine Hirte sagte vorhin du hattest Angst als diese M\u00e4nner, die damals als Diebe und Betr\u00fcger galten das Jesuskind besuchen wollten?&#8220;<\/p>\n\n\n\n<p>Maria:&#8220; Ja, im ersten Moment schon, aber als sie von dem Engel erz\u00e4hlten wusste ich gleich, dass nur Gott sie geschickt haben konnte. Denn erinnert euch auch mir hatte Gott einen Engel geschickt, der mir verk\u00fcndete das ich einen Sohn haben w\u00fcrde.&#8220; <br>(Die Hirten sitzen noch bei der Krippe, w\u00e4hrend unten vor der B\u00fchne sich zwei edle Herren unterhalten. Sie haben sich gerade getroffen.)<\/p>\n\n\n\n<p>Caspar:&#8220; Und ich habe dich richtig verstanden du kommst von Afrika, weil du einen hellen Stern gesehen hast und du glaubst da wo dieser Stern leuchtet ist ein K\u00f6nig geboren?&#8220;<\/p>\n\n\n\n<p>Melchior:&#8220; Genau so ist es. Einen solchen Stern gibt es nur ganz selten und es muss der selbe Stern sein, den du in Asien gesehen hast.&#8220;<\/p>\n\n\n\n<p>Caspar:&#8220; Ich habe viele alte B\u00fccher gelesen und alle sagen das gleiche. Hier muss etwas wunderbares passiert sein und so habe ich mich auf den Weg gemacht.<\/p>\n\n\n\n<p>Melchior:&#8220; Schau dort kommt noch einer. Der scheint auch unser Ziel zu haben. Er hat sogar sein Fernrohr am Auge und schaut nach oben. He, Sterngucker sieh mal hierher!&#8220;<\/p>\n\n\n\n<p>4.<\/p>\n\n\n\n<p>Balthasar:&#8220; Entschuldigt, aber das ist zu merkw\u00fcrdig.&#8220;<\/p>\n\n\n\n<p>Caspar:&#8220; Was ist merkw\u00fcrdig?&#8220;<\/p>\n\n\n\n<p>Balthasar:&#8220; Na dieser Stern. Ich komme aus dem vorderen Orient und folge ihm schon seit Wochen. Er scheint nicht still zu stehen sondern vor mir herzuziehen.&#8220;<\/p>\n\n\n\n<p>Melchior:&#8220; Genau so ging es uns auch, lasst uns zu dritt weiterziehen.&#8220; <br>LIED DER K\u00d6NIGE &#8222;Es ist ein Ros entsprungen&#8220; <br>(Sie erreichen den Dachboden von Oma Ilse)<\/p>\n\n\n\n<p>Caspar:&#8220; Das war ja eine Pleite im Palast. Kein K\u00f6nigskind wurde geboren.&#8220;<\/p>\n\n\n\n<p>Balthasar:&#8220; Zum Gl\u00fcck lie\u00df uns Herodes mit seinen Gelehrten sprechen und so fanden wir den Weg.&#8220;<\/p>\n\n\n\n<p>Melchior:&#8220; Seht nur! &#8211; Da leuchtet ja unser Stern. \u00dcber einem Stall?&#8220;<\/p>\n\n\n\n<p>Caspar:&#8220; Und es scheint, wir sind nicht die ersten die gratulieren kommen.&#8220;<\/p>\n\n\n\n<p>Balthasar:&#8220; Einfache Leute sind vor uns da, die nicht studiert haben und die Sterne beobachten.<\/p>\n\n\n\n<p>Melchior:&#8220; Lasst uns hineingehen und dieses Kind anbeten, das so unterschiedliche Menschen zu sich einl\u00e4dt.&#8220;<\/p>\n\n\n\n<p>Kind 5:&#8220; Sagt ihr K\u00f6nige aus fernen Landen, ist das dass Geheimnis der Heiligen Nacht, dass durch das Jesuskind Frieden zu allen Menschen kommt, ob sie arm oder reich, schwarz, wei\u00df oder gelb sind. Kinder oder Erwachsene?&#8220;<\/p>\n\n\n\n<p>Balthasar:&#8220; Du sagst es: Nur in ihm (deutet auf die Krippe) kann wirklich Friede werden zwischen allen Menschen und zwischen Gott und uns. <br>LIED&#8220; Stern \u00fcber Bethlehem zeig uns den Weg&#8220; <br>( Die Spieler verbeugen sich, der Vorhang geht zu auf der B\u00fchne herrscht Ruhe Frederik &amp; Florian kommen noch einmal vor den Vorhang.)<\/p>\n\n\n\n<p>Florian:&#8220; Hab` ich nicht gesagt wir sehn` uns noch. Kinder` s das war toll, \u00fcberhaupt nicht langweilig. Ich wollte doch noch mal wissen ob ihr es auch mitbekommen habt, was es mit dem Geheimnis der Christnacht auf sich hat?&#8220; (Warten ob von den Kindern aus der Gemeinde eine Antwort kommt.)<\/p>\n\n\n\n<p>Frederik:&#8220; Meinen Freund Flori hat es ja am Anfang nicht so interessiert, aber so im Laufe des Spiels hat er ja eine Menge mitbekommen.&#8220;<\/p>\n\n\n\n<p>Frederik:&#8220; Ja und wenn es dir solchen Spa\u00df gemacht hat k\u00f6nnten wir ja im n\u00e4chsten Jahr zusammen zum KiKiNa gehen.&#8220;<\/p>\n\n\n\n<p>Florian:&#8220; OH, ja gerne, aber meinst du wirklich die nehmen auch M\u00e4use?&#8220;<\/p>\n","protected":false},"excerpt":{"rendered":"<div class=\"mh-excerpt\"><p>Die Weihnachtsrumpelkammer Krippenspiel Wingsbach 2001 Die Weihnachtsm\u00e4use Frederik &amp; Florian erscheinen vor dem Vorhang .Sie schnuppern so ein bisschen herum. Frederik: &#8222;Du Florian, ist es Dir hier oben auch so schrecklich lang&#8211;weilig? Florian: &#8222;Ja, besonders <a class=\"mh-excerpt-more\" href=\"https:\/\/krippenspiele.d-hauser.com\/?page_id=169\" title=\"Wingsbacher Kr.\">[&#8230;]<\/a><\/p>\n<\/div>","protected":false},"author":1,"featured_media":0,"parent":2,"menu_order":0,"comment_status":"closed","ping_status":"closed","template":"","meta":{"footnotes":""},"class_list":["post-169","page","type-page","status-publish"],"_links":{"self":[{"href":"https:\/\/krippenspiele.d-hauser.com\/index.php?rest_route=\/wp\/v2\/pages\/169","targetHints":{"allow":["GET"]}}],"collection":[{"href":"https:\/\/krippenspiele.d-hauser.com\/index.php?rest_route=\/wp\/v2\/pages"}],"about":[{"href":"https:\/\/krippenspiele.d-hauser.com\/index.php?rest_route=\/wp\/v2\/types\/page"}],"author":[{"embeddable":true,"href":"https:\/\/krippenspiele.d-hauser.com\/index.php?rest_route=\/wp\/v2\/users\/1"}],"replies":[{"embeddable":true,"href":"https:\/\/krippenspiele.d-hauser.com\/index.php?rest_route=%2Fwp%2Fv2%2Fcomments&post=169"}],"version-history":[{"count":1,"href":"https:\/\/krippenspiele.d-hauser.com\/index.php?rest_route=\/wp\/v2\/pages\/169\/revisions"}],"predecessor-version":[{"id":170,"href":"https:\/\/krippenspiele.d-hauser.com\/index.php?rest_route=\/wp\/v2\/pages\/169\/revisions\/170"}],"up":[{"embeddable":true,"href":"https:\/\/krippenspiele.d-hauser.com\/index.php?rest_route=\/wp\/v2\/pages\/2"}],"wp:attachment":[{"href":"https:\/\/krippenspiele.d-hauser.com\/index.php?rest_route=%2Fwp%2Fv2%2Fmedia&parent=169"}],"curies":[{"name":"wp","href":"https:\/\/api.w.org\/{rel}","templated":true}]}}