{"id":150,"date":"2020-03-08T16:12:55","date_gmt":"2020-03-08T15:12:55","guid":{"rendered":"http:\/\/krippenspiele.d-hauser.com\/?page_id=150"},"modified":"2020-03-08T18:50:03","modified_gmt":"2020-03-08T17:50:03","slug":"susanne-metzner","status":"publish","type":"page","link":"https:\/\/krippenspiele.d-hauser.com\/?page_id=150","title":{"rendered":"Susanne Metzner"},"content":{"rendered":"\n<h2 class=\"wp-block-heading\">Lustiges Krippenspiel<\/h2>\n\n\n\n<h5 class=\"wp-block-heading\">Krippenspiel geschrieben von Susanne Metzner, 06667 St\u00f6\u00dfen, <a href=\"mailto:susi.metzner@t-online.de\"><\/a><\/h5>\n\n\n\n<p>&#8222;Kurzinhalt: Ein Knecht und eine d\u00fcmmliche Magd unterhalten sich im Stall und kommen auf die Weihnachtsgeschichte zu sprechen. Diese wird dann quasi als bildliche Erz\u00e4hlung dargestellt.&#8220;&nbsp;&nbsp;&nbsp;&nbsp;&nbsp;&nbsp;&nbsp;&nbsp;&nbsp;&nbsp;&nbsp;&nbsp;&nbsp;&nbsp;&nbsp;&nbsp;&nbsp;&nbsp;&nbsp;&nbsp;<\/p>\n\n\n\n<p>Kuni: Du Seppl, sag mal, was ist denn mit den K\u00fchen los?<\/p>\n\n\n\n<p>Seppl Ich wei\u00df nicht&#8230;. Die Viecher waren schon die ganze Zeit so komisch&#8230;.Auch die Schafe und Ochsen sind total nerv\u00f6s&#8230;.<\/p>\n\n\n\n<p>Kuni: Aber warum denn?<\/p>\n\n\n\n<p>Seppl: Na vielleicht weil sie sich auf Weihnachten freuen.<\/p>\n\n\n\n<p>Kuni:&nbsp; Aber warum sollen die sich denn auf&nbsp; Weihnachten freuen?? Weihnachten hat doch gar nix mit Viehzeug oder nem Stall zu tun&#8230;da geht\u2019s doch nur um Geschenke. Oder bekommen die vom Bauern eine extra Portion Hafer sch\u00f6n in Geschenkpapier eingewickelt?<\/p>\n\n\n\n<p>Seppl: Gundl, was redest du denn da. Weihnachten hat mit einem Stall zu tun.<\/p>\n\n\n\n<p>Kuni:&nbsp; Mit einem Stall??? Kriegen wir dieses Jahr die Geschenke im Stall und nicht in der guten Stube? Das finde ich aber nicht gut&#8230;. Da wird doch alles ganz dreckig und stinken tut es hier auch immer so! Das ist aber echt gemein&#8230;. Jetzt d\u00fcrfen wir nicht mal mehr an Weihnachten ins Haus!<\/p>\n\n\n\n<p>Seppl: Aber Gundl, so mein ich das doch nicht&#8230;. Die Weihnachtsgeschichte spielt in einem Stall&#8230;.<\/p>\n\n\n\n<p>Kuni:&nbsp; Welche Weihnachtsgeschichte? Ich kenn keine Weihnachtsgeschichte. Erz\u00e4hl doch mal!<\/p>\n\n\n\n<p>Seppl: Also gut Gundi, dann will ich dir mal erkl\u00e4ren was die Weihnachtsgeschichte mit einem Stall zu tun hat.<\/p>\n\n\n\n<p>Kuni: Oh ja, super&#8230;. Wir m\u00fcssen blo\u00df aufpassen, dass uns der Bauer nicht beim schwatzen erwischt, sonst gibt\u2019s keine Geschenke f\u00fcr uns!<\/p>\n\n\n\n<p>Seppl: Wer, wei\u00df, ob es in diesem Jahr \u00fcberhaupt Geschenke gibt.<\/p>\n\n\n\n<p>Kuni:&nbsp; Wie meinst\u00b4n&nbsp; du das?? Also ich sag dir:&nbsp; Ohne Geschenke ist es nicht wirklich Weihnachten.<\/p>\n\n\n\n<p>Seppl: Also wenn du das so siehst, dann kanns&nbsp; sogar sein, dass wegen der Finanzkrise&nbsp;&nbsp; Weihnachten&nbsp; komplett ausf\u00e4llt, weil sich das&nbsp; Fest keiner mehr&nbsp; leisten kann.<\/p>\n\n\n\n<p>Kuni: Na ausfallen wird es nicht, die Leute lassen sich schon was einfallen. Unser Bauer, der hat immer tolle Ideen, damit Geld reinkommt.<\/p>\n\n\n\n<p>Seppl: Unser Bauer? Was hat der denn f\u00fcr Ideen?<\/p>\n\n\n\n<p>Kuni:&nbsp; Hast du das nicht gesehen? Der hat drau\u00dfen, \u00fcberall vor seinem Grundst\u00fcck, Parkschilder aufgestellt. 2 Stunden kannst du nur noch parken.<\/p>\n\n\n\n<p>Seppl: Und wenn einer l\u00e4nger parkt ?<\/p>\n\n\n\n<p>Kuni:&nbsp; Der kriegt ein Kn\u00f6llchen und muss bezahlen.<\/p>\n\n\n\n<p>Seppl: Wo gibt\u2019s denn sowas?<\/p>\n\n\n\n<p>Kuni:&nbsp; In M\u00fcnchen, sagt der Bauer.<\/p>\n\n\n\n<p>Seppl: Jetzt vergleicht der seine Alm mit M\u00fcnchen, dass ich nicht lache!<\/p>\n\n\n\n<p>Kuni:&nbsp; Lach nur, Hauptsache, wir kriegen unser Geschenk.<\/p>\n\n\n\n<p>Seppl: Du&nbsp; denkst nur an dich, dabei will die Weihnachtsgeschichte ganz was anderes sagen!<\/p>\n\n\n\n<p>Kuni:&nbsp; Weihnachtsgeschichte \u2013 ach ja, erz\u00e4hl doch endlich.<\/p>\n\n\n\n<p>Seppl Es war in einer k\u00fchlen Nacht im Dezember in Bethlehem als Josef und Maria&#8230;<\/p>\n\n\n\n<p>Kuni:&nbsp; Wer sind denn Josef und Maria?<\/p>\n\n\n\n<p>Seppl Das waren ein Zimmermann und seine schwangere Frau die aus Nazareth kamen<\/p>\n\n\n\n<p>Kuni:&nbsp; Wo liegt denn das?<\/p>\n\n\n\n<p>Seppl Mensch Gundl, jetzt lass mich doch mal erz\u00e4hlen und unterbrich mich nicht immer!<\/p>\n\n\n\n<p>Kuni:&nbsp; Ist ja schon gut&#8230;. Erz\u00e4hl weiter!<\/p>\n\n\n\n<p>Seppl Also Josef und Maria waren auf dem Weg von Nazareth nach Bethlehem weil der Kaiser eine Volksz\u00e4hlung angeordnet hatte.<\/p>\n\n\n\n<p>Kuni:&nbsp; Welcher Kaiser? Der Franz? Is scho wieder WM\u2026.? Vierundf\u00fcnfzig, vierundsiebzig, neunzig zweitausendundsechs\u2026<\/p>\n\n\n\n<p>Seppl Ach Gundl, ich rede von Kaiser Augustus. Der lebte vor \u00fcber 2000 Jahren in Rom!<\/p>\n\n\n\n<p>Kuni:&nbsp; Ach so, sag das doch gleich!<\/p>\n\n\n\n<p>Seppl: Kann ich jetzt weitererz\u00e4hlen? Wo war ich&#8230;. Ach ja, bei Kaiser Franz&#8230;. ach ne Augustus, Gundl du machst mich noch ganz durcheinander.&nbsp; Also Kaiser Augustus hatte eine Volksz\u00e4hlung angeordnet und jeder musste in seinen Geburtsort gehen um dort registriert zu werden. Josef u. Maria waren in dieser Nacht auf der Suche nach einer Bleibe. Leider waren alle Herbergen voll.<\/p>\n\n\n\n<p>Josef:&nbsp; Meine liebste Maria, ich glaube wir werden im Freien \u00fcbernachten m\u00fcssen&#8230;. Alle Herbergen sind belegt<\/p>\n\n\n\n<p>Maria: Ach Josef, was sollen wir nur tun&#8230;. Ich glaube mein Kind will bald kommen. Ich kann doch nicht unter freiem Himmel geb\u00e4ren.<\/p>\n\n\n\n<p>Josef:&nbsp; Ich werde noch bei dieser einen Herberge fragen&#8230; Wenn da auch nichts frei ist suchen wir uns eine Br\u00fccke unter der wir unser Lager aufschlagen k\u00f6nnen.<\/p>\n\n\n\n<p>Wirt:&nbsp;&nbsp; Moment, ich komme sofort!<\/p>\n\n\n\n<p>Josef:&nbsp; Werter Herbergsvater, h\u00e4tten Sie f\u00fcr mich und meine schwangere Frau nicht noch ein Lager f\u00fcr die Nacht?<\/p>\n\n\n\n<p>Wirt:&nbsp;&nbsp; Hmmmm&#8230;.. Was ist, wenn Eure Frau das Kind heute nacht zur Welt bringt&#8230;. Dann verderbt ihr meine ganze Bettstatt&#8230;. Und au\u00dferdem habe ich kein Zimmer mehr frei&#8230;.<\/p>\n\n\n\n<p>Josef:&nbsp; Es gibt in ganz Bethlehem kein Bett f\u00fcr uns&#8230;. Der liebe Gott meint es nicht gut mit uns.<\/p>\n\n\n\n<p>Wirt:&nbsp;&nbsp; Guter Mann wartet! Wenn ich&#8217;s mir recht \u00fcberlege k\u00f6nnte ich Euch ein Lager im Stall anbieten. Das ist zwar nicht so komfortabel wie die Zimmer aber es ist dort warm und trocken. Wie w\u00e4r&#8217;s damit? Wollt ihr euch damit zufrieden geben?<\/p>\n\n\n\n<p>Josef:&nbsp; Danke Herr&#8230;. Wir brauchen nur ein Dach \u00fcber dem Kopf. Vielen Dank f\u00fcr eure G\u00fcte!<\/p>\n\n\n\n<p>Josef:&nbsp; Maria, der gute Wirt l\u00e4\u00dft uns in seinem Stall \u00fcbernachten&#8230;. Wir brauchen nicht unter einer Br\u00fccke zu schlafen!<\/p>\n\n\n\n<p>Maria: Welch gute Kunde du mir bringst&#8230;. Lass uns gleich unser Lager aufschlagen&#8230; Ich bin sehr m\u00fcde vom weiten Weg.<\/p>\n\n\n\n<p>Kuni:&nbsp; Und hat die Maria ihr Kind in dieser Nacht bekommen?<\/p>\n\n\n\n<p>Seppl: Ja das hat sie&#8230;. Und Maria u. Josef haben den Knaben Jesus genannt&#8230;. So wie es ein Engel Josef im Traum befohlen hatte.<\/p>\n\n\n\n<p>Kuni:&nbsp; Jesus? Meinst du &#8222;unseren&#8220; Jesus&#8230;. Den am Kreuz??<\/p>\n\n\n\n<p>Seppl: Ja genau den mein ich&#8230;. Das ist seine Geschichte!<\/p>\n\n\n\n<p>Kuni:&nbsp; Ich wusste gar nicht, dass Weihnachten was mit ihm zu tun hat! Aber erz\u00e4hl weiter was dann passiert ist.<\/p>\n\n\n\n<p>Seppl: Also Maria hat das Kind geboren, in Windeln gewickelt und in eine Futterkrippe gelegt. Zur selben Zeit bewachten einige Hirten ihre Herden drau\u00dfen auf den Feldern als ein Engel zu ihnen kam<\/p>\n\n\n\n<p>LIED:&nbsp;&nbsp; Vom Himmel hoch da komm ich her\u2026.<\/p>\n\n\n\n<p>Hirte 1: Sieh nur, was ist das denn???<\/p>\n\n\n\n<p>Hirte 2: Herr erbarme dich unser!!!<\/p>\n\n\n\n<p>Engel:&nbsp; F\u00fcrchtet euch nicht! Ich verk\u00fcnde euch eine Botschaft, die das ganze Volk mit gro\u00dfer Freude erf\u00fcllt!<\/p>\n\n\n\n<p>Hirte 1: Welche Botschaft denn?<\/p>\n\n\n\n<p>Engel&nbsp; Heute ist f\u00fcr euch in der Stadt, in der schon David geboren wurde, der lang ersehnte Retter der Welt geboren!.<\/p>\n\n\n\n<p>Hirte 2: Welcher Retter?<\/p>\n\n\n\n<p>Engel&nbsp; Es ist Christus, der Sohn Gottes!<\/p>\n\n\n\n<p>Hirte 1: Und er ist in unserer Stadt geboren?<\/p>\n\n\n\n<p>Hirte 2: Aber wo? Wie k\u00f6nnen wir das Kind erkennen?<\/p>\n\n\n\n<p>Hirte 1: Es gibt sicher viele neugeborene Kinder in der Stadt!<\/p>\n\n\n\n<p>Engel&nbsp; Das Kind liegt nur in Windeln gewickelt in einer Futterkrippe!<\/p>\n\n\n\n<p>Hirte 1: Es gibt viele Krippen in Bethlehem.<\/p>\n\n\n\n<p>Hirte 2: Ja, woher sollen wir wissen welche Krippe es ist?<\/p>\n\n\n\n<p>Engel&nbsp; Gehet hin und suchet nach dem Kind. Ihr werdet es erkennen.<\/p>\n\n\n\n<p>Engel 2: Ehre sei Gott in der H\u00f6he<\/p>\n\n\n\n<p>Engel 3: Er macht den Menschen ein Angebot:<\/p>\n\n\n\n<p>Engel 4: Frieden soll sein, Frieden f\u00fcr alle Menschen!<\/p>\n\n\n\n<p>Engel 5: Sucht den Frieden! Sucht Gottes Sohn! Sucht den Retter der Welt!<\/p>\n\n\n\n<p>Hirte 1: Komm lass uns in die Stadt gehen und tun wie uns der Engel befohlen hat<\/p>\n\n\n\n<p>Hirte 2: Ja, lass uns das Kind suchen<\/p>\n\n\n\n<p>LIED:&nbsp;&nbsp; Kommet Ihr Hirten<\/p>\n\n\n\n<p>Seppl: Zur gleichen Zeit hatte K\u00f6nig Herodes Sterndeuter nach Bethlehem gesandt um den neugeborenen &#8222;K\u00f6nig der Juden&#8220; zu finden und zu ihm zu bringen. Er hatte Angst vor einer Prophezeiung die das Ende seiner Herrschaft bedeuten sollte und wollte daher das Neugeborene Kind aus der Welt schaffen.<\/p>\n\n\n\n<p>Kuni:&nbsp; Was und die Sterndeuter sollten es verraten? Das haben die doch nicht gemacht oder?<\/p>\n\n\n\n<p>Seppl: Nein, als sie nach Bethlethem kamen erkannten sie die Wahrheit<\/p>\n\n\n\n<p>Sterndeuter 1: Der Stern hat uns direkt hierher zu diesem Stall gef\u00fchrt&#8230; Was hat das zu bedeuten<\/p>\n\n\n\n<p>Sterndeuter 2: Seht nur, da liegt ein neugeborenes Kind.<\/p>\n\n\n\n<p>Sterndeuter 3: Ob das der neugeborene K\u00f6nig ist?<\/p>\n\n\n\n<p>Sterndeuter 1:&nbsp; Wie hei\u00dft der Knabe?<\/p>\n\n\n\n<p>Maria: Wir nennen ihn Jesus so wie es uns der Engel aufgetragen hat.<\/p>\n\n\n\n<p>Hirte 1: Was??? Ihr habt auch einen Engel gesehen?<\/p>\n\n\n\n<p>Hirte 2: Uns hat ein Engel gesagt, dass wir hier den Retter der Welt finden werden.<\/p>\n\n\n\n<p>Hirte 1: Genau, ein Neugeborenes in Windeln gewickelt in einer Futterkrippe liegend!<\/p>\n\n\n\n<p>Hirte 2: Ob das der Retter ist von dem der Engel gesprochen hat?<\/p>\n\n\n\n<p>Sterndeuter 1: Meint ihr, das ist der langerwartete Retter, dessen Stern wir im Orient aufgehen sahen?<\/p>\n\n\n\n<p>Sterndeuter 2: Kann dieses Baby wirklich der neue K\u00f6nig der Juden sein&#8230;. der vor dem Herodes solche Angst hat?<\/p>\n\n\n\n<p>Sterndeuter 3: Ich glaube schon, warum h\u00e4tte der Stern uns sonst hierher gef\u00fchrt&#8230;.<\/p>\n\n\n\n<p>Sterndeuter 1: Welch Freude! Also lasst uns das Kind wie einen K\u00f6nig ehren!<\/p>\n\n\n\n<p>Sterndeuter 2: Ja, lasst uns niederknien<\/p>\n\n\n\n<p>Sterndeuter 1,2,3: Gepriesen seist du Jesus, K\u00f6nig der Juden!<\/p>\n\n\n\n<p>Sterndeuter 1: Als Zeichen meiner Hochachtung nimm dieses Gold von mir an<\/p>\n\n\n\n<p>Sterndeuter 2: und von mir diese kostbare Myhrre<\/p>\n\n\n\n<p>Sterndeuter 3: und von mir dieses Gef\u00e4\u00df mit Weihrauch<\/p>\n\n\n\n<p>Kuni:&nbsp; Weihrauch und Myhrre \u2013 ich wei\u00df nicht, ob ich das brauche. Aber Gold \u2013 ich sag dir, die wussten&nbsp; damals schon, was Wert hat.<\/p>\n\n\n\n<p>Seppl:&nbsp;&nbsp;&nbsp;&nbsp;&nbsp;&nbsp;&nbsp;&nbsp;&nbsp;&nbsp;&nbsp; Weihrauch und Myhrre waren&nbsp; ganz wertvoll. Das konnte sich nicht jeder leisten. K\u00f6niglicher Duft ! &#8211;&nbsp;&nbsp; und gesund war das Zeug au\u00dferdem.<\/p>\n\n\n\n<p>Kuni: Gesund?&nbsp; Siehste, die hatten damals genauso so gute Ideen wie ich. Ich schenk meiner Oma immer Franzbranntwein.&nbsp; Und du sagst, Weihnachten geht ohne Geschenke.<\/p>\n\n\n\n<p>Seppl:&nbsp;&nbsp;&nbsp;&nbsp;&nbsp;&nbsp;&nbsp;&nbsp;&nbsp;&nbsp;&nbsp; Sag ich ja nicht. Ich sag nur: die Geschenke sind nicht das Wichtigste. Ich glaub, du h\u00f6rst gar nicht richtig zu.<\/p>\n\n\n\n<p>Kuni: Doch, doch \u2013 ich kann dir auch sagen, wo wir stehen geblieben sind: Also die Sterndeuter haben die Krippe mit dem Kind gefunden und ihre tollen Geschenke abgegeben weil das zu Weihnachten geh\u00f6rt&#8230; und wie geht\u2019s weiter? Erz\u00e4hl doch!<\/p>\n\n\n\n<p>Seppl: Vor allem waren sie richtig froh, weil der Stern sie so deutlich gef\u00fchrt hatte und weil sie wussten, sie haben ein ganz besonderes Kind gefunden. Das hatten auch die Hirten verstanden und sie wurden ganz gl\u00fccklich&#8230;<\/p>\n\n\n\n<p>Hirte 1: Herr wir danken dir und wollen all unseren Familien und Freunden die frohe Kunde von der Geburt des Retters bringen!<\/p>\n\n\n\n<p>Hirte 2: Ja, lass uns zur\u00fcck zu unseren Herden gehen und Gott loben und danken!<\/p>\n\n\n\n<p>Maria: Ich danke euch f\u00fcr euer Kommen und eure Gaben!<\/p>\n\n\n\n<p>Sterndeuter 1: Lasst uns nicht zur\u00fcck zu Herodes gehen<\/p>\n\n\n\n<p>Sterndeuter 2: Du hast recht, wir k\u00f6nnen nicht zu ihm zur\u00fcck<\/p>\n\n\n\n<p>Sterndeuter 3: Er darf das Kind nicht finden!<\/p>\n\n\n\n<p>Sterndeuter 1: Ja, lasst uns einen anderen Weg nach Hause nehmen&#8230;.<\/p>\n\n\n\n<p>Sterndeuter 2: Seid vorsichtig, K\u00f6nig Herodes will dem Kind nichts Gutes.<\/p>\n\n\n\n<p>Sterndeuter 3: Wir m\u00fcssen los&#8230; Unser Weg ist weit. Gottes Segen sei mit Euch und eurem Kind!<\/p>\n\n\n\n<p>LIED:&nbsp;&nbsp; Stille Nacht, heilige Nacht<\/p>\n\n\n\n<p>Kuni:&nbsp; Das ist ja nochmal gut gegangen.<\/p>\n\n\n\n<p>Seppl: Ja und in der selben Nacht tr\u00e4umte Josef wieder von einem Engel der ihm sagte, dass er mit Maria und Jesus nach \u00c4gypten fliehen soll<\/p>\n\n\n\n<p>Kuni:&nbsp; Und sind sie rechtzeitig geflohen?<\/p>\n\n\n\n<p>Seppl: Ja, sie haben es geschafft und Jesus wurde der Retter von uns allen als er 30 Jahre sp\u00e4ter f\u00fcr uns am Kreuz gestorben ist. Aber das ist eine andere Geschichte.<\/p>\n\n\n\n<p>Kuni:&nbsp; Seppl, was du alles wei\u00dft&#8230;. Jetzt lass uns aber weiter den Stall ausmisten sonst bekommen wir wirklich keine Geschenke zu Weihnachten.<\/p>\n\n\n\n<p>Seppl: Gundl, grad hab ich dir erz\u00e4hlt um was es bei Weihnachten geht und du denkst schon wieder nur an dich\u2026..<\/p>\n\n\n\n<p>Kuni: Ist ja schon gut&#8230;.&nbsp; Ich hab&#8217;s kapiert&#8230;.. Freuen tu ich mich aber trotzdem auf die Geschenke<\/p>\n","protected":false},"excerpt":{"rendered":"<div class=\"mh-excerpt\"><p>Lustiges Krippenspiel Krippenspiel geschrieben von Susanne Metzner, 06667 St\u00f6\u00dfen, &#8222;Kurzinhalt: Ein Knecht und eine d\u00fcmmliche Magd unterhalten sich im Stall und kommen auf die Weihnachtsgeschichte zu sprechen. Diese wird dann quasi als bildliche Erz\u00e4hlung dargestellt.&#8220;&nbsp;&nbsp;&nbsp;&nbsp;&nbsp;&nbsp;&nbsp;&nbsp;&nbsp;&nbsp;&nbsp;&nbsp;&nbsp;&nbsp;&nbsp;&nbsp;&nbsp;&nbsp;&nbsp;&nbsp; <a class=\"mh-excerpt-more\" href=\"https:\/\/krippenspiele.d-hauser.com\/?page_id=150\" title=\"Susanne Metzner\">[&#8230;]<\/a><\/p>\n<\/div>","protected":false},"author":1,"featured_media":0,"parent":2,"menu_order":0,"comment_status":"closed","ping_status":"closed","template":"","meta":{"footnotes":""},"class_list":["post-150","page","type-page","status-publish"],"_links":{"self":[{"href":"https:\/\/krippenspiele.d-hauser.com\/index.php?rest_route=\/wp\/v2\/pages\/150","targetHints":{"allow":["GET"]}}],"collection":[{"href":"https:\/\/krippenspiele.d-hauser.com\/index.php?rest_route=\/wp\/v2\/pages"}],"about":[{"href":"https:\/\/krippenspiele.d-hauser.com\/index.php?rest_route=\/wp\/v2\/types\/page"}],"author":[{"embeddable":true,"href":"https:\/\/krippenspiele.d-hauser.com\/index.php?rest_route=\/wp\/v2\/users\/1"}],"replies":[{"embeddable":true,"href":"https:\/\/krippenspiele.d-hauser.com\/index.php?rest_route=%2Fwp%2Fv2%2Fcomments&post=150"}],"version-history":[{"count":1,"href":"https:\/\/krippenspiele.d-hauser.com\/index.php?rest_route=\/wp\/v2\/pages\/150\/revisions"}],"predecessor-version":[{"id":151,"href":"https:\/\/krippenspiele.d-hauser.com\/index.php?rest_route=\/wp\/v2\/pages\/150\/revisions\/151"}],"up":[{"embeddable":true,"href":"https:\/\/krippenspiele.d-hauser.com\/index.php?rest_route=\/wp\/v2\/pages\/2"}],"wp:attachment":[{"href":"https:\/\/krippenspiele.d-hauser.com\/index.php?rest_route=%2Fwp%2Fv2%2Fmedia&parent=150"}],"curies":[{"name":"wp","href":"https:\/\/api.w.org\/{rel}","templated":true}]}}