{"id":15,"date":"2020-03-08T14:31:05","date_gmt":"2020-03-08T13:31:05","guid":{"rendered":"http:\/\/krippenspiele.d-hauser.com\/?page_id=15"},"modified":"2020-03-08T18:40:39","modified_gmt":"2020-03-08T17:40:39","slug":"andy-marek","status":"publish","type":"page","link":"https:\/\/krippenspiele.d-hauser.com\/?page_id=15","title":{"rendered":"Andy Marek"},"content":{"rendered":"\n<p><em><strong>Hallo! <br>Mein Name ist Andy Marek, bin 16 Jahre alt und komme aus Cunersdorf bei <br>Zwickau (in Sachsen). Da unsere Kirchgemeinde auch gerade nach einem <br>Krippenspiel sucht und ich dieses notgedrungen abschreiben musste, habe ich mich an eure Seite im Internet erinnert und gelesen, dass ihr Krippenspiele <br>&#8222;sammelt&#8220;. Ein etwas exzentrisches Krippenspiel h\u00e4ngt an dieser Mail mit dran. Es ist auf jeden Fall mal was anderes. <br>Man k\u00f6nnte evtl. vor diesem Krippenspiel die ganz &#8222;normale&#8220; Geschichte von Maria und Joseph spielen (nat\u00fcrlich nicht all zu lang) und die Spieler des eigentlichen Krippenspiels, das mitgeschickte, aus der Gemeinde aufstehen lassen und dann anfangen zu spielen. <br>Viel Spa\u00df mit dem Spiel! <br><\/strong><\/em><\/p>\n\n\n\n<h3 class=\"wp-block-heading\"><strong>VERK\u00dcNDIGUNGSSPIEL<\/strong> <br><\/h3>\n\n\n\n<p>Personen: Vater, Mutter, Gro\u00dfvater, Jugendlicher, Kind, drei Sprecher, Engelschar<\/p>\n\n\n\n<p>1. Sprecher: Es ist Weihnachten! Weihnachten? Welche Bedeutung hat dieses Fest f\u00fcr uns? Fest des Lichtes? Fest der W\u00e4rme? Fest der Freude? Fest des Friedens? Fest der Liebe? Fest des Schenkens? Jeder hat seine eigenen Vorstellungen von diesem Fest. Die einen freuen sich schon lange darauf, die anderen wissen, dass es so abl\u00e4uft wie jedes Jahr.<\/p>\n\n\n\n<p>2. Sprecher: Lassen sie uns einmal in eine Familie hineinschauen, die den Heilig Abend gerade erlebt. Die Christversper wurde besucht. Das delikate Abendessen hat geschmeckt, aber irgendetwas scheint allen schwer im Magen zu liegen. Oder waren die Geschenke nicht zufriedenstellend? Aber sehen sie selbst! <br>Es ert\u00f6nt eine oft gesungene Weihnachtsmelodie. Vater sitzt Zeitung lesend da; Mutter, Gro\u00dfvater und Jugendlicher sitzen da, sehen eventuell gelangweilt fern<\/p>\n\n\n\n<p>Jugendlicher: (st\u00f6hnt) Oh Mann, es ist immer wieder das gleiche, sogar die Weihnachtslieder im Fernseher.<\/p>\n\n\n\n<p>Mutter: Das ist Kunst, mein Junge. Das verstehst du nicht!<\/p>\n\n\n\n<p>Jugendlicher: Diese Kunst gef\u00e4llt mir aber nicht. Ich will was flottes, was modernes.<\/p>\n\n\n\n<p>Vater: Dann gebe ich dir den guten Rat &#8230; schalte den Fernseher aus, wenn es dir nicht passt. Schlie\u00dflich kann man sich an so einem Abend ja auch mal unterhalten!<\/p>\n\n\n\n<p>Jugendlicher: Wenn du deine Zeitung noch stundenlang liest, wird es sicher eine sehr interessante Unterhaltung werden.<\/p>\n\n\n\n<p>Mutter: Junge, sei nicht so aufs\u00e4ssig!<\/p>\n\n\n\n<p>Vater: (faltet die Zeitung zusammen) Mein lieber Sohn, auch am Heilig Abend ist es gestattet, einen Blick in die Zeitung zu werfen, oder?! Und sollte es dir nicht passen, vielleicht willst du lieber in dein Zimmer gehen und dich deiner reichen Geschenkesammlung erfreuen! (zornig) Vor einer halben Stunde waren wir noch die besten Eltern der Welt, aber doch nur weil der gew\u00fcnschte Hifi &#8211; Turm im Zimmer steht. Ganz zu schweigen von der Lederjacke und der Jeans!<\/p>\n\n\n\n<p>Jugendlicher: Ich bin euch zu h\u00f6chstem Dank verpflichtet! (ironische Geste)<\/p>\n\n\n\n<p>Gro\u00dfvater: M\u00fcsst ihr euch denn immer streiten? Kinder, Kinder, sogar am Heilig Abend?!<\/p>\n\n\n\n<p>Jugendlicher: Aber Opa, das ist doch ein Tag wie jeder andere auch.<\/p>\n\n\n\n<p>Mutter: Nein, es ist ein Fest- und Feiertag, den man w\u00fcrdig begehen sollte.<\/p>\n\n\n\n<p>Vater: Ja, ich denke auch, er sollte harmonisch zugehen. Mutter, hol` doch mal was H\u00fcbsches zu knabbern, oder sollen die Leckereien in der K\u00fcche Wurzeln schlagen? <br>(Mutter geht)<\/p>\n\n\n\n<p>Gro\u00dfvater: (kopfsch\u00fcttelnd) Ihr habt nur das Essen im Kopf!<\/p>\n\n\n\n<p>Jugendlicher: Was soll man denn auch weiter machen, Opa?<\/p>\n\n\n\n<p>Gro\u00dfvater: Zu meiner Zeit war das ganz anders!<\/p>\n\n\n\n<p>Vater: Ja, ja. Aber die Zeiten haben sich nun mal ge\u00e4ndert und ich bin ganz dankbar da f\u00fcr. Uns fehlt doch nichts, wir haben alles und haben den Karren aus dem Dreck gezogen, allein, ohne jegliche Hilfe.<\/p>\n\n\n\n<p>Jugendlicher: Oh Mann, hier stinkt `s nach Eigenlob.<\/p>\n\n\n\n<p>Vater: Leiste du erst mal das, was wir geleistet haben, damit es uns besser ging. Dann rede weiter.<\/p>\n\n\n\n<p>Mutter: (kommt mit Sch\u00fcsseln voll Knabberei wieder) Jetzt h\u00f6rt aber auf mit streiten, das schickt sich nicht zum Heilig Abend!<\/p>\n\n\n\n<p>Jugendlicher: Mutti, im Anblick dieser s\u00fc\u00dfen Sachen sollten wir wirklich die Friedenspfeife rauchen.<\/p>\n\n\n\n<p>Mutter: In meiner Wohnung wird kein Glimmstengel angez\u00fcndet, merk dir das!<\/p>\n\n\n\n<p>Jugendlicher: Beruhige dich, ich mein es doch nur symbolisch. Frohes Fest! (er langt t\u00fcchtig zu, Kind kommt herein gest\u00fcrmt)<\/p>\n\n\n\n<p>Kind: Mutti, Mutti &#8230;<\/p>\n\n\n\n<p>Mutter: Hallo, mein Kind. Komm her, es gibt etwas Leckeres zu naschen! (Kind nimmt sich schnell etwas)<\/p>\n\n\n\n<p>Kind: Mutti, ich suche etwas &#8230;<\/p>\n\n\n\n<p>Mutter: Das ist bei deiner Unordnung auch nichts besonderes.<\/p>\n\n\n\n<p>Kind: Ich habe aufger\u00e4umt, alles, weil Weihnachten ist.<\/p>\n\n\n\n<p>Mutter: Ist ja gut, was suchst du denn?<\/p>\n\n\n\n<p>Kind: Ich suche dein Zimmerpflanzenbuch. Ich will doch nachschauen, wie ich die h\u00fcbsche Gr\u00fcnpflanze pflegen muss, die ihr mir geschenkt habt.<\/p>\n\n\n\n<p>Mutter: Ach lass uns morgen nachsehen, ja?! Ich wei\u00df gar nicht, wo ich das Buch habe. Bleib ein bisschen hier, wir feiern doch heute Weihnachten!<\/p>\n\n\n\n<p>Kind: Komische Feier! Keine G\u00e4ste, keiner lacht und au\u00dferdem will ich heute schon gern im Pflanzenbuch lesen. Wo k\u00f6nnte es denn sein?<\/p>\n\n\n\n<p>Mutter: Ach Kind, ich habe es so lange nicht benutzt. Da musst du mal in das gro\u00dfe B\u00fccherregal schauen, ganz oben. Da stehen alle B\u00fccher, die wir selten brauchen. Dort muss es mit stehen. Wisch aber erst mal mit dem Staubtuch dr\u00fcber, ja?!<\/p>\n\n\n\n<p>Kind: (rennt schon weg) Mach ich, Mutti!<\/p>\n\n\n\n<p>Jugendlicher: Der Kleinen gehen vielleicht Sachen im Kopf herum.<\/p>\n\n\n\n<p>Vater: Jedenfalls sucht sie sich eine Besch\u00e4ftigung.<\/p>\n\n\n\n<p>Mutter: Ich hole mir jetzt mein Strickzeug. Da habe ich etwas zu tun und sitze nicht nur dumm rum. (geht)<\/p>\n\n\n\n<p>Vater: Na, Opa. Nun ist alles wieder in bester Ordnung, was?!<\/p>\n\n\n\n<p>Gro\u00dfvater: Trotzdem war es zu meiner Zeit anders.<\/p>\n\n\n\n<p>Jugendlicher: Was war denn nun anders?<\/p>\n\n\n\n<p>Gro\u00dfvater: Alles, wahrscheinlich war ich selber anders!<\/p>\n\n\n\n<p>Vater: Auf alle F\u00e4lle warst du j\u00fcnger!<\/p>\n\n\n\n<p>Gro\u00dfvater: Das wohl auch und mein liebes Frauchen war noch da. Sie hat sich immer viel M\u00fche gegeben, den Heilig Abend besonders sch\u00f6n zu machen!<\/p>\n\n\n\n<p>Mutter: (schon zur\u00fcck) Willst du etwa damit sagen, dass ich mir keine M\u00fche gebe? Du bist undankbar. Du hast doch alles, was du brauchst. Wir versorgen dich immer und reichlich. Was willst du denn mehr?<\/p>\n\n\n\n<p>Gro\u00dfvater: Nun rege dich mal wieder ab. Das war doch nichts Schlechtes gegen dich. Ich wollte nur sagen, dass es fr\u00fcher irgendwie anders war.<\/p>\n\n\n\n<p>Vater: Es ist schon komisch. Wir sind heute alle irgendwie mit Sprengstoff geladen, der all paar Minuten bei jedem explodiert.<\/p>\n\n\n\n<p>Mutter: Ob die Kleine das Buch gefunden hat? (zum Jugendlichen) Kannst du nicht mal nach ihr sehen, Klaus, nicht das sie runtergest\u00fcrzt ist!<\/p>\n\n\n\n<p>Jugendlicher: (widerwillig) Immer ich!<\/p>\n\n\n\n<p>Kind: (kommt angerannt) Mutti, schau mal, was ich gefunden habe!<\/p>\n\n\n\n<p>Mutter: Na sicherlich das Pflanzenbuch. Ich wei\u00df eben, wo ich mein Zeug habe.<\/p>\n\n\n\n<p>Kind: Nein, dein Pflanzenbuch stand nicht dort, aber ein anderes Buch habe ich gefunden. Das steht mindestens schon 25 Jahre dort!<\/p>\n\n\n\n<p>Vater: Wie kommst du denn darauf? So lange wohnen wir doch noch dar nicht hier!<\/p>\n\n\n\n<p>Kind: Weil es so staubig ist.<\/p>\n\n\n\n<p>Mutter: Na nun zeig mal das Buch her, damit wir wissen, was es f\u00fcr eins ist. Wir sind ja schon ganz neugierig.<\/p>\n\n\n\n<p>Kind: Hier! (legt eine gro\u00dfe Bibel auf den Tisch) Ich habe sogar schon was drin gelesen, nur verstanden habe ich das nicht!<\/p>\n\n\n\n<p>Vater: Die Familienbibel!<\/p>\n\n\n\n<p>Mutter: Das gute Erbst\u00fcck!<\/p>\n\n\n\n<p>Gro\u00dfvater: &#8230; da\u00df du gerade die gefunden hast.<\/p>\n\n\n\n<p>Jugendlicher: Schaff sie weg! Das glaubt doch eh keiner, was dort steht.<\/p>\n\n\n\n<p>Kind: Hast du denn schon gelesen?<\/p>\n\n\n\n<p>Jugendlicher: Nein, aber w\u00fcrde sie sonst im Regal verstauben, wenn sie jemand lesen w\u00fcrde?<\/p>\n\n\n\n<p>Kind: Da magst du schon recht haben, aber warum haben wir sie denn dann im Regal stehen?<\/p>\n\n\n\n<p>Mutter: (z\u00f6gernd) Nun ja. Fr\u00fcher, als wir jung waren, haben wir sie manchmal benutzt, aber jetzt &#8230;<\/p>\n\n\n\n<p>Vater: Ich f\u00fcr meinen Teil kann versichern, dass ich sogar Verse auswendig konnte.<\/p>\n\n\n\n<p>Kind: Wirklich?<\/p>\n\n\n\n<p>Vater: Nat\u00fcrlich!<\/p>\n\n\n\n<p>Jugendlicher: Wei\u00dft du heute noch einen?<\/p>\n\n\n\n<p>Vater: Hm, ehm, na ja, also, so spontan &#8230;<\/p>\n\n\n\n<p>Kind: Na sag schon einen! Ich denke, du hast sie gelernt, da muss doch irgendwas h\u00e4ngen geblieben sein!<\/p>\n\n\n\n<p>Mutter: Das ist schon lange her und au\u00dferdem war es damals eine Art Pflicht zu lernen, verstehst du? Das hat gar keinen rechten Spa\u00df gemacht.<\/p>\n\n\n\n<p>Vater: Was einem halt nicht gef\u00e4llt oder was man nicht begreift, das vergisst man wieder.<\/p>\n\n\n\n<p>Kind: Gro\u00dfvater, hast du die Bibel gelesen?<\/p>\n\n\n\n<p>Gro\u00dfvater: nickt) Ja, ja. Fast t\u00e4glich, am Abend. Aber jetzt sind die Augen tr\u00fcb, da kann ich nichts mehr erkennen.<\/p>\n\n\n\n<p>Jugendlicher: Wei\u00dft du noch einen Vers auswendig?<\/p>\n\n\n\n<p>Gro\u00dfvater: \u201cDer Herr ist mein Hirte, mir wird nichts mangeln.\u201d<\/p>\n\n\n\n<p>Kind: Das ist ja komisch. Ich suche mir jetzt mal selber was. Vielleicht finde ich sogar etwas von Weihnachten. <br>Engelschar bildet einen Vorhang vor den Spielern. Lied: \u201cDas wichtigste Buch der Erde!\u201d<\/p>\n\n\n\n<p>3. Sprecher: Die Bibel ist Gottes Wort an uns Menschen. Wie gehen wir mit diesem kostbaren Schatz um? Lassen wir ihn im B\u00fccherregal einstauben? Ist er f\u00fcr uns zu altmodisch, unakzeptabel, \u00fcberspritzt, schwer verst\u00e4ndlich? Mark Twain schrieb einmal: \u201cManche Leute sind beunruhigt \u00fcber die Dinge in der Bibel, die sie nicht verstehen, mich dagegen beunruhigen die Dinge, die ich verstehe!\u201d<\/p>\n\n\n\n<p>1. Sprecher: So lasst uns doch die Dinge lesen, die wir verstehen und danach handeln. Es wir jeder irgendetwas finden, das f\u00fcr ihn zutrifft. Denn die Bibel ist &#8230;<\/p>\n\n\n\n<p>2. Sprecher: &#8230; wie ein R\u00f6ntgenstrahl, der durchdringt. Sie leuchtet in die tiefsten Winkel unseres Lebens. Die Bibel ist &#8230;<\/p>\n\n\n\n<p>3. Sprecher: &#8230; wie die Anwesenheit eines guten Freundes. Sie kennt auch unsere geheimen Sorgen und \u00c4ngste. Die Bibel ist &#8230;<\/p>\n\n\n\n<p>1. Sprecher: &#8230; wie wir die Leitplanke an der Autobahn. Sie verhindert, dass wir aus der Kurve getragen werden. Die Bibel ist &#8230;<\/p>\n\n\n\n<p>2. Sprecher: &#8230; wie ein Skalpell eines Arztes. Sie verwundet zuweilen, aber sie tut es, um uns zu helfen. Die Bibel ist &#8230;<\/p>\n\n\n\n<p>3. Sprecher: &#8230; wie der Regen auf trockenes Land. Sie sorgt daf\u00fcr, da\u00df neues in unserem Leben wachsen kann. Die Bibel ist &#8230;<\/p>\n\n\n\n<p>1. Sprecher: &#8230; wie ein Spiegel, in dem man sich sieht. Sie zeigt uns die Stellen, die wir gerne verbergen m\u00f6chten. Die Bibel ist &#8230;<\/p>\n\n\n\n<p>2. Sprecher: &#8230; wie ein Scheinwerfer in tiefer Nacht. Sie gibt neue Hoffnung, wo alles sinnlos erscheint. (Sprecher und Engelschar ab)<\/p>\n\n\n\n<p>Kind: Also, es mu\u00df doch schon jemand hier gelesen haben.<\/p>\n\n\n\n<p>Mutter: Wie kommst du denn darauf?<\/p>\n\n\n\n<p>Kind: Hier ist etwas dick unterstrichen.<\/p>\n\n\n\n<p>Jugendlicher: Na so was, ich unterstreiche nur das in B\u00fcchern, was mir wichtig ist.<\/p>\n\n\n\n<p>Gro\u00dfvater: Vielleicht war es jemandem wichtig!<\/p>\n\n\n\n<p>Vater: Lies doch mal die Stelle vor!<\/p>\n\n\n\n<p>Kind: \u201cDenn also hat Gott die Welt geliebt, dass er seinen eingeborenen Sohn gab, damit alle, die an ihn glauben nicht verloren werden, sondern das ewige Leben haben.\u201d<\/p>\n\n\n\n<p>Jugendlicher: Das passt aber \u00fcberhaupt nicht zu Weihnachten.<\/p>\n\n\n\n<p>Gro\u00dfvater: Weihnachten steht bei Lukas.<\/p>\n\n\n\n<p>Kind: Bei wem?<\/p>\n\n\n\n<p>Vater: Ach gib mal her. Gro\u00dfvater meint das Evangelium nach Lukas.<\/p>\n\n\n\n<p>Mutter: &#8230; dass wir uns heute Abend mit der Bibel besch\u00e4ftigen ist auch das erste Mal. (Kind und Vater lesen in der Bibel)<\/p>\n\n\n\n<p>Kind: Hier, hier steht dass, was wir heute in der Christversper geh\u00f6rt haben.<\/p>\n\n\n\n<p>Jugendlicher: Was denn? Wir haben ja ziemlich viel geh\u00f6rt.<\/p>\n\n\n\n<p>Kind: Na, der gro\u00dfe Engel sagte zu den Hirten: \u201cF\u00fcrchtet euch nicht, euch ist heute der Heiland geboren!\u201d<\/p>\n\n\n\n<p>Vater: Da hast du aber gut aufgepasst.<\/p>\n\n\n\n<p>Kind: Ja, und wie sie sich gefreut haben.<\/p>\n\n\n\n<p>Mutter: Eigentlich sollten wir uns dar\u00fcber auch freuen!<\/p>\n\n\n\n<p>Jugendlicher: Was haben wir denn davon?<\/p>\n\n\n\n<p>Gro\u00dfvater: Jesus, der Heiland, kommt doch auch zu uns.<\/p>\n\n\n\n<p>Vater: Ich wei\u00df nicht, ob ich das glauben kann?!<\/p>\n\n\n\n<p>Kind: Aber wenn es nicht so w\u00e4re, w\u00fcrde es doch nicht da stehen!<\/p>\n\n\n\n<p>Jugendlicher: Also ich denke, dass es schon wahr ist, dass Jesus geboren wurde, aber das ist damals passiert.<\/p>\n\n\n\n<p>Mutter: Warum feiern wir dann eigentlich noch Weihnachten?<\/p>\n\n\n\n<p>Jugendlicher: Will feiern Spa\u00df macht. Die Leute damals waren doch auch froh!<\/p>\n\n\n\n<p>Vater: Ja, aber mit dem Unterschied, dass sie sich \u00fcber die Geburt Jesu freuten und nicht \u00fcber gutes Essen und \u00fcber Geschenke.<\/p>\n\n\n\n<p>Kind: Jesus war aber auch sozusagen ein Geschenk, nicht wahr? Aber warum?<\/p>\n\n\n\n<p>Mutter: Mir ist noch etwas vom Krippenspiel eingefallen. Da hie\u00df es, dass es finster auf der Welt war, die Menschen hassten und zankten sich. Jesus brachte Licht, Frieden und Liebe in die Welt.<\/p>\n\n\n\n<p>Vater: Da muss ich daran denken, dass wir uns heute Abend auch gezankt haben.<\/p>\n\n\n\n<p>Jugendlicher: Schlag doch bitte noch mal den Vers auf, den wir vorhin gelesen haben! Vielleicht passt er doch zu Weihnachten.<\/p>\n\n\n\n<p>Kind: (schl\u00e4gt Johannes 3,16 auf) \u201cDenn also hat Gott die Welt geliebt, da\u00df er seinen eingeborenen Sohn gab &#8230;<\/p>\n\n\n\n<p>Mutter: Ja, Jesus ist Gottes Sohn und er kam in diese Welt.<\/p>\n\n\n\n<p>Kind: (liest weiter) &#8230; damit alle, die an ihn glauben nicht verloren werden, sondern das ewige Leben haben.\u201d<\/p>\n\n\n\n<p>Mutter: Verstehst du das, Vater?<\/p>\n\n\n\n<p>Gro\u00dfvater: Das ist doch schon auf Ostern bezogen.<\/p>\n\n\n\n<p>Vater: Du meinst Jesu Auferstehung von den Toten?!<\/p>\n\n\n\n<p>Jugendlicher: Stimmt den das mit der Auferstehung? Steht das auch hier?<\/p>\n\n\n\n<p>Mutter: Vielleicht finden wir die Stelle!<\/p>\n\n\n\n<p>Gro\u00dfvater: Da braucht ihr nicht zu suchen, das steht mehrmals drin. Nur glauben m\u00fcsst ihr das.<\/p>\n\n\n\n<p>Kind: Warum glauben wir es nicht? (alle zucken mit den Schultern)<\/p>\n\n\n\n<p>Vater: Vielleicht sollten wir heute anfangen zu glauben, weil ja Weihnachten sozusagen der Anfang war.<\/p>\n\n\n\n<p>Kind: Das ist eine gute Idee, Vati. Ich m\u00f6chte n\u00e4mlich nicht verloren werden, wie es hier steht. Da bin ich mir zu schade daf\u00fcr. (Engel z\u00fcnden ihr Licht an)<\/p>\n\n\n\n<p>Mutter: Habt ihr gemerkt, wie hell es geworden ist? Wie sch\u00f6n und harmonisch doch jetzt der Abend ist? Und welch eine gro\u00dfe Entdeckung haben wir gemacht!<\/p>\n\n\n\n<p>Kind: Nun stellen wir aber die Bibel nicht mehr so weit weg. Sie ist `s wert, da\u00df man \u00f6fter mal hinein schaut.<\/p>\n\n\n\n<p>Vater: Ja, mein Kind. Sie ist wie ein gro\u00dfes Licht, da\u00df in uns und um uns alles hell macht.<\/p>\n\n\n\n<p>Engel bilden mit brennenden Kerzen einen Rahmen und singen \u201cTragt in die Welt nun ein Licht\u201d. Die Engel geben ihre Kerze w\u00e4hrend der passenden Strophe an die einzelnen Familienmitglieder ab.<\/p>\n","protected":false},"excerpt":{"rendered":"<div class=\"mh-excerpt\"><p>Hallo! Mein Name ist Andy Marek, bin 16 Jahre alt und komme aus Cunersdorf bei Zwickau (in Sachsen). Da unsere Kirchgemeinde auch gerade nach einem Krippenspiel sucht und ich dieses notgedrungen abschreiben musste, habe ich <a class=\"mh-excerpt-more\" href=\"https:\/\/krippenspiele.d-hauser.com\/?page_id=15\" title=\"Andy Marek\">[&#8230;]<\/a><\/p>\n<\/div>","protected":false},"author":1,"featured_media":0,"parent":2,"menu_order":0,"comment_status":"closed","ping_status":"closed","template":"","meta":{"footnotes":""},"class_list":["post-15","page","type-page","status-publish"],"_links":{"self":[{"href":"https:\/\/krippenspiele.d-hauser.com\/index.php?rest_route=\/wp\/v2\/pages\/15","targetHints":{"allow":["GET"]}}],"collection":[{"href":"https:\/\/krippenspiele.d-hauser.com\/index.php?rest_route=\/wp\/v2\/pages"}],"about":[{"href":"https:\/\/krippenspiele.d-hauser.com\/index.php?rest_route=\/wp\/v2\/types\/page"}],"author":[{"embeddable":true,"href":"https:\/\/krippenspiele.d-hauser.com\/index.php?rest_route=\/wp\/v2\/users\/1"}],"replies":[{"embeddable":true,"href":"https:\/\/krippenspiele.d-hauser.com\/index.php?rest_route=%2Fwp%2Fv2%2Fcomments&post=15"}],"version-history":[{"count":1,"href":"https:\/\/krippenspiele.d-hauser.com\/index.php?rest_route=\/wp\/v2\/pages\/15\/revisions"}],"predecessor-version":[{"id":16,"href":"https:\/\/krippenspiele.d-hauser.com\/index.php?rest_route=\/wp\/v2\/pages\/15\/revisions\/16"}],"up":[{"embeddable":true,"href":"https:\/\/krippenspiele.d-hauser.com\/index.php?rest_route=\/wp\/v2\/pages\/2"}],"wp:attachment":[{"href":"https:\/\/krippenspiele.d-hauser.com\/index.php?rest_route=%2Fwp%2Fv2%2Fmedia&parent=15"}],"curies":[{"name":"wp","href":"https:\/\/api.w.org\/{rel}","templated":true}]}}