{"id":106,"date":"2020-03-08T15:59:10","date_gmt":"2020-03-08T14:59:10","guid":{"rendered":"http:\/\/krippenspiele.d-hauser.com\/?page_id=106"},"modified":"2020-03-08T18:46:37","modified_gmt":"2020-03-08T17:46:37","slug":"rudelzhausener-kr-5","status":"publish","type":"page","link":"https:\/\/krippenspiele.d-hauser.com\/?page_id=106","title":{"rendered":"Rudelzhausener Kr.5"},"content":{"rendered":"\n<p>Claudia Gr\u00fcner<\/p>\n\n\n\n<h2 class=\"wp-block-heading\">Krippenspiel f\u00fcr Weihnachten 2007<\/h2>\n\n\n\n<p>(wir alle sind sorgenbeladene Hirten und suchende Weise)<\/p>\n\n\n\n<p>Miriam: <em>Liebe Kinder, <\/em>liebe Erwachsene, heute ist Weihnacht \u2013 wir feiern die Geburt Jesu Christi &#8211; Ich bin Miriam &#8211; ein M\u00e4dchen aus Bethlehem \u2013 ich lade Euch alle jetzt ein: Ich will Euch von der wunderbaren Nacht in Bethlehem erz\u00e4hlen \u2013 damals als Jesus Christus geboren wurde:<\/p>\n\n\n\n<p>Regieanweisung: B e t h l e h e m <em>Viele Menschen laufen hin und her. <\/em><\/p>\n\n\n\n<p>Chor: Eine freudige Nachricht<\/p>\n\n\n\n<p>Sprecher 1: Wie Ihr alle wisst, m\u00fcssen aufgrund des Erlasses von Kaiser Augustus vor zwei Wochen sich morgen alle Menschen dieses Landes sch\u00e4tzen lassen. Dies ist die erste Volksz\u00e4hlung seit es unser Land gibt. Aufgrund dieses Befehls m\u00fcssen sich nun alle Bewohner in ihre Heimatstadt begeben. F\u00fcr alle, die es damals verpasst haben, hier noch einmal die Rede unseres Herrschers:<\/p>\n\n\n\n<p>instrumental<\/p>\n\n\n\n<p>R\u00f6mer: <em>An alle B\u00fcrger dieses Landes: Am 25. Tag dieses Monats rufe ich alle Menschen auf sich sch\u00e4tzen zu lassen. Dazu muss sich jeder in seine Heimatstadt begeben und sich dort eintragen lassen. Dies ist ein Gebot und muss beachtet werden. <\/em><\/p>\n\n\n\n<p>instrumental<\/p>\n\n\n\n<p>Miriam: <em>Dies f\u00fchrt zu erheblichen Komplikationen in unserer Stadt.<\/em><\/p>\n\n\n\n<p>Miriam: <em>Ich befinde mich jetzt mitten auf dem Marktplatz unserer kleinen Stadt. Hier ist ziemlich was los! Von verschlafen keine Spur. Viele Leute suchen f\u00fcr heute Nacht noch eine Unterkunft, doch ich habe geh\u00f6rt, dass die Schlafpl\u00e4tze langsam knapp werden. Dazu befragen wir mal den Wirt dieses Hauses.<\/em><\/p>\n\n\n\n<p>Miriam: Wie schaut die Lage aus: Haben sie noch Betten f\u00fcr Neuank\u00f6mmlinge?<\/p>\n\n\n\n<p>Wirt 1: Naja, ich nehme niemanden mehr auf. Mein Haus ist bis oben hin voll. Ich habe sogar die Dachkammer und den Keller belegt. Wer jetzt noch nicht da ist, hat selber schuld. Schlie\u00dflich hatten die Leute ja lange genug Zeit.<\/p>\n\n\n\n<p>Miriam: Vielen Dank f\u00fcr diese Auskunft. Ich frage im n\u00e4chsten Gasthaus.<\/p>\n\n\n\n<p>Miriam: Ich habe geh\u00f6rt, viele Gasth\u00e4user sind schon voll. Haben sie denn noch Platz f\u00fcr Neuank\u00f6mmlinge?<\/p>\n\n\n\n<p>Wirt 2: Ich? Auf keinen Fall. All diese fremden Leute in dieser Stadt. Das ist mir sowieso zu viel. Ich habe nur Bekannte von mir einquartiert. Andere lasse ich nicht in mein Haus. In dieser Situation ist mir meine Familie am wichtigsten. Jeder hat ein eigens sch\u00f6nes Zimmer bekommen. Mein Gasthaus steht ab n\u00e4chster Woche wieder f\u00fcr zahlende G\u00e4ste offen.<\/p>\n\n\n\n<p>Miriam: Danke sch\u00f6n.<\/p>\n\n\n\n<p>instrumental<\/p>\n\n\n\n<p>Miriam: Die Lage sieht schlecht aus, doch dort hinten sehe ich noch ein junges Ehepaar. Die sind wohl gerade erst angekommen und suchen nach einer Unterkunft. Die werde ich mal befragen. (Zu Josef) Wo kommen Sie denn her?<\/p>\n\n\n\n<p>Josef: Wir kommen aus Nazareth und als wir von dem Erlass geh\u00f6rt haben, sind wir sofort losgezogen. Das ist jetzt schon einige Tage her.<\/p>\n\n\n\n<p>Maria: Der Weg war weit und staubig. Zum Gl\u00fcck hatten wir unsere Esel und ich konnte einige Kilometer reiten. Jetzt freuen wir uns auf ein weiches Bett und etwas zu essen.<\/p>\n\n\n\n<p>Josef: Sie sehen ja, meine Frau ist schwanger. Ich bin ja froh, dass wir es bis hierher geschafft haben. Wir haben zwar das N\u00f6tigste dabei, auch Sachen f\u00fcr das Baby, aber \u00fcbernachtet haben wir immer in Herbergen, weil wir nicht soviel tragen konnten. Jetzt brauchen wir auch noch eine Unterkunft.<\/p>\n\n\n\n<p>Maria: Komm Josef, dort dr\u00fcben in dieser Herberge fragen wir einmal nach.<\/p>\n\n\n\n<p>Josef: Guten Abend, haben Sie noch ein Zimmer f\u00fcr uns frei? Wir kommen aus Nazareth und unsere F\u00fc\u00dfe tun uns weh.<\/p>\n\n\n\n<p>Wirtin 3: In meinem Haus ist kein Platz mehr. Da findet keine Maus mehr ein freies Bett. Tut mir sehr leid, sie m\u00fcssen es woanders probieren.<\/p>\n\n\n\n<p>Josef: Komm, wir gehen zum n\u00e4chsten Gasthaus.<\/p>\n\n\n\n<p>Maria: Guten Abend, wir haben einen weiten Weg hinter uns und sind sehr m\u00fcde. Haben Sie noch eine Kammer f\u00fcr uns frei?<\/p>\n\n\n\n<p>Wirt 4:F\u00fcr sie auf gar keinen Fall. ich habe nur Familie und Freunde im Haus. Noch dazu wo sie schwanger sind. Nicht dass das Kind noch in meinem Haus geboren wird. Das w\u00fcrde mir gerade noch fehlen. Ich glaube, sie h\u00e4tten fr\u00fcher kommen m\u00fcssen, denn alle Gasth\u00e4user der Stadt sind schon voll.<\/p>\n\n\n\n<p>instrumental \u2013 traurig<\/p>\n\n\n\n<p>Miriam: <em>Die zwei haben kein Gl\u00fcck. Alle Gasth\u00e4user sind voll. Niemand hat Mitleid mit ihnen. <\/em><\/p>\n\n\n\n<p>Regieanweisung Maria und Josef gehen zum Wirt 5<\/p>\n\n\n\n<p>Josef: Guten Abend, bitte, k\u00f6nnen Sie uns ein Zimmer geben. Wir sind m\u00fcde und k\u00f6nnen nicht mehr weiter. Wir waren schon in allen anderen Gasth\u00e4usern der Stadt. Alle sind voll.<\/p>\n\n\n\n<p>Wirtin 5: Nein, meine Zimmer sind auch alle belegt. Manche sogar doppelt und dreifach.<\/p>\n\n\n\n<p>Maria: Sie sind unsere letzte Hoffnung. Sehen sie doch, ich bin schwanger. Ich brauche einen Platz zum Ausruhen.<\/p>\n\n\n\n<p>Wirtin 5: Naja gut, ich sehe, ich kann sie in ihrer Situation ja nicht einfach wieder wegschicken. Aber viel kann ich ihnen nicht bieten. Ich habe dr\u00fcben noch einen warmen, trockenen Stall, sauberes Stroh, und meine Tiere werden Sie hoffentlich nicht st\u00f6ren. Dann eine gute Nacht.<\/p>\n\n\n\n<p>Maria: Vielen herzlichen Dank.<\/p>\n\n\n\n<p>Josef: Sie haben uns sehr geholfen.<\/p>\n\n\n\n<p>Miriam: <em>Gott sei Dank hat sich doch noch jemand ein Herz genommen und ihnen eine Unterkunft zu Verf\u00fcgung gestellt.<\/em><\/p>\n\n\n\n<p>Regieanweisung <strong>alle gehen zur Sakristei- zuerst Maria und Josef und Wirtin 5 dann alle<\/strong><\/p>\n\n\n\n<p>Chor \u2013 Wiese vor Bethlehem<\/p>\n\n\n\n<p>Hirten ziehen von hinten ein<\/p>\n\n\n\n<p>Engel ziehen aus den B\u00e4nken nach vorne<\/p>\n\n\n\n<p>Stille \u2013 Klingel<\/p>\n\n\n\n<p>Engel: F\u00fcrchtet Euch nicht! Siehe ich verk\u00fcndige euch gro\u00dfe Freude, die allem Volk widerfahren wird. Denn Euch ist heute der Heiland geboren, welcher ist Christus, der Herr, in der Stadt Davids. Und das habt zum Zeichen: ihr werdet das Kindlein finden, in Windeln gewickelt in einer Krippe liegend. Ehre sei Gott in der H\u00f6he und Frieden auf Erden.<\/p>\n\n\n\n<p>Stille \u2013 Klingel<\/p>\n\n\n\n<p>Lied &#8211; Auszug der Engel<\/p>\n\n\n\n<p>Hirt 1:Das ist ja unglaublich! Der Heiland und Erl\u00f6ser soll ausgerechnet heute geboren sein, in einem Stall in einer so kalten Nacht?<\/p>\n\n\n\n<p>Hirt 2: In Bethlehem? Unserer kleinen Stadt? Und wir sollen die ersten sein die davon erfahren?<\/p>\n\n\n\n<p>Hirt 3: Schnell, wir wollen auch die ersten sein, die ihn und seine Eltern begr\u00fc\u00dfen.<\/p>\n\n\n\n<p>Hirt 1: Meint ihr wirklich , wir k\u00f6nnen da so hingehen, wir sind doch nur Hirten und kommen direkt von der Arbeit.<\/p>\n\n\n\n<p>Hirt 2: Du hast es doch geh\u00f6rt, der Engel kam doch extra zu uns.<\/p>\n\n\n\n<p>Hirt 3: Wenn wir zu ihm gehen m\u00fcssen wir aber Geschenke mitnehmen. Ich habe noch ein sch\u00f6nes weiches Fell, das werde ich ihm schenken.<\/p>\n\n\n\n<p>Hirt 1: Na dann k\u00f6nnen wir ja jetzt los!<\/p>\n\n\n\n<p>Miriam: <em>Gro\u00dfartig, wir sind dabei und erleben die Geschichte von der Geburt des Sohnes Gottes.<\/em><\/p>\n\n\n\n<p>Regieanweisung: Hirten ziehen wieder nach hinten aus<\/p>\n\n\n\n<p>Lied z.B. Kommet Ihr Hirten<\/p>\n\n\n\n<p>Stall zu Bethlehem<\/p>\n\n\n\n<p>Josef, Maria, das Jesus Kind kommen aus der Sakristei, dann ziehen die Hirten ein \u2013 dann kommen die Weisen ebenfalls langsam heran und stellen sich auch neben dem Stall (begleitet von einem Stern auf dem \u201eEvangelium&#8220; steht)<\/p>\n\n\n\n<p>Miriam: <em>Wie ich sehe, sind mittlerweile noch weiter G\u00e4ste im Stall eingetroffen: Sie sehen auch als k\u00e4men sie von weit her.<\/em><\/p>\n\n\n\n<p>Miriam zu den Waisen: Entschuldigung darf ich fragen, woher sie kommen und warum sie hier sind?<\/p>\n\n\n\n<p>Weiser 1: Wir kommen aus dem Morgenland und warten seit Jahren auf die Geburt einen gro\u00dfen K\u00f6nigs.<\/p>\n\n\n\n<p>Weiser 2: Unsere Sterndeuter haben gesagt, in dieser Nacht w\u00fcrde ein besonders gro\u00dfer und heller Stern am westlichen Himmel stehen.<\/p>\n\n\n\n<p>Weiser 3: Seit Tagen reisen wir einem hellen Stern hinterher. Jetzt leuchtet er dort \u00fcber diesem Stall. Hierher hat uns der Stern gef\u00fchrt.<\/p>\n\n\n\n<p>Weiser 1: Diese Kind ist der neue K\u00f6nig. Und wir sind nun hier um ihm unsere Geschenke zu bringen.<\/p>\n\n\n\n<p>Weiser 2: Wir haben Gold, Weihrauch und Myrrhe mitgebracht.<\/p>\n\n\n\n<p>Weise 3: Wenn wir nach Hause reisen, werden wir alle von der Geburt des K\u00f6nigs erz\u00e4hlen.<\/p>\n\n\n\n<p>instrumental<\/p>\n\n\n\n<p>Miriam: Wer h\u00e4tte gedacht, dass dieser Tag f\u00fcr Maria und Josef noch so gut endet. Erst waren sie unerw\u00fcnschte Fremde und nun werden sie begr\u00fc\u00dft und reich beschenkt, weil ihr Kind Gottes Sohn ist.<\/p>\n\n\n\n<p><strong>Sprecher 1: Gott hat die armen verachteten Hirten und die suchenden Weisen, die ihn nicht kannten zur Krippe gef\u00fchrt. <\/strong><\/p>\n\n\n\n<p>Sprecher 2: Weil der Heiland f\u00fcr alle geboren ist.<\/p>\n\n\n\n<p>Sprecher 1: Die Hirten und die Weisen, die gibt es auch heute noch.<\/p>\n\n\n\n<p>Sprecher 2: Wir alle sind die sorgenbeladene Hirten und die suchenden Weisen, die den Heiland brauchen und f\u00fcr die er gekommen ist.<\/p>\n\n\n\n<p>Kind: Und der Stern?<\/p>\n\n\n\n<p>Sprecher 1: Der Stern, der uns zur Krippe f\u00fchrt, ist das Evangelium, das Wort Gottes von der Gnade und der Liebe Gottes. Dieses Wort zeigt uns den Weg zum Heiland. Wir alle k\u00f6nnen dieses Wort Gottes in der Bibel lesen und im h\u00f6ren es immer wieder im Gottesdienst : Weihnachten ist morgen nicht vorbei:<\/p>\n\n\n\n<p><strong>Regieanweisung<\/strong><\/p>\n\n\n\n<p><strong>Lied &#8211; Zu Bethlehem geboren&#8230; <\/strong><\/p>\n\n\n\n<p><strong>alle Engel und das Volk kommen zur Krippe<\/strong><\/p>\n\n\n\n<p>Sprecher: Jedesmal, wenn zwei Menschen einander verzeihen, ist Weihnachten<\/p>\n\n\n\n<p>Sprecher: Jedesmal, wenn ihr Verst\u00e4ndnis zeigt f\u00fcr eure Kinder, ist Weihnachten<\/p>\n\n\n\n<p>Sprecher: Jedesmal, wenn ihr einem Menschen helft, ist Weihnachten<\/p>\n\n\n\n<p>Sprecher: Jedesmal, wenn jemand beschlie\u00dft, ehrlich zu leben, ist Weihnachten<\/p>\n\n\n\n<p>Sprecher: Jedesmal, wenn ein Kind geboren wird, ist Weihnachten<\/p>\n\n\n\n<p>Sprecher: Jedesmal, wenn du versuchst, deinem Leben einen neuen Inhalt zu geben, ist Weihnachten<\/p>\n\n\n\n<p>Sprecher: Jedesmal, wenn zwei Menschen sich lieben in einer tiefen und ehrlichen Liebe, ist Weihnachten<\/p>\n\n\n\n<p>Sprecher: Jedesmal, wenn ihr einander anseht mit den Augen des Herzens, mit einem L\u00e4cheln auf den Lippen, ist Weihnachten<\/p>\n\n\n\n<p>instrumental<\/p>\n\n\n\n<p>Volk: Denn es ist geboren die Liebe. <br>Denn es ist geboren der Friede<\/p>\n\n\n\n<p>Hirten:&nbsp;&nbsp;&nbsp;&nbsp;&nbsp;&nbsp;&nbsp;&nbsp;&nbsp;&nbsp;&nbsp;&nbsp; Denn es ist geboren die Gerechtigkeit. <br>Denn es ist geboren die Hoffnung<\/p>\n\n\n\n<p><strong>Engel:&nbsp;&nbsp;&nbsp;&nbsp;&nbsp;&nbsp;&nbsp;&nbsp;&nbsp;&nbsp;&nbsp;&nbsp; Denn es ist geboren die Freude. <br>Denn es ist geboren Christus, der Herr! <\/strong><\/p>\n","protected":false},"excerpt":{"rendered":"<div class=\"mh-excerpt\"><p>Claudia Gr\u00fcner Krippenspiel f\u00fcr Weihnachten 2007 (wir alle sind sorgenbeladene Hirten und suchende Weise) Miriam: Liebe Kinder, liebe Erwachsene, heute ist Weihnacht \u2013 wir feiern die Geburt Jesu Christi &#8211; Ich bin Miriam &#8211; ein <a class=\"mh-excerpt-more\" href=\"https:\/\/krippenspiele.d-hauser.com\/?page_id=106\" title=\"Rudelzhausener Kr.5\">[&#8230;]<\/a><\/p>\n<\/div>","protected":false},"author":1,"featured_media":0,"parent":2,"menu_order":0,"comment_status":"closed","ping_status":"closed","template":"","meta":{"footnotes":""},"class_list":["post-106","page","type-page","status-publish"],"_links":{"self":[{"href":"https:\/\/krippenspiele.d-hauser.com\/index.php?rest_route=\/wp\/v2\/pages\/106","targetHints":{"allow":["GET"]}}],"collection":[{"href":"https:\/\/krippenspiele.d-hauser.com\/index.php?rest_route=\/wp\/v2\/pages"}],"about":[{"href":"https:\/\/krippenspiele.d-hauser.com\/index.php?rest_route=\/wp\/v2\/types\/page"}],"author":[{"embeddable":true,"href":"https:\/\/krippenspiele.d-hauser.com\/index.php?rest_route=\/wp\/v2\/users\/1"}],"replies":[{"embeddable":true,"href":"https:\/\/krippenspiele.d-hauser.com\/index.php?rest_route=%2Fwp%2Fv2%2Fcomments&post=106"}],"version-history":[{"count":1,"href":"https:\/\/krippenspiele.d-hauser.com\/index.php?rest_route=\/wp\/v2\/pages\/106\/revisions"}],"predecessor-version":[{"id":107,"href":"https:\/\/krippenspiele.d-hauser.com\/index.php?rest_route=\/wp\/v2\/pages\/106\/revisions\/107"}],"up":[{"embeddable":true,"href":"https:\/\/krippenspiele.d-hauser.com\/index.php?rest_route=\/wp\/v2\/pages\/2"}],"wp:attachment":[{"href":"https:\/\/krippenspiele.d-hauser.com\/index.php?rest_route=%2Fwp%2Fv2%2Fmedia&parent=106"}],"curies":[{"name":"wp","href":"https:\/\/api.w.org\/{rel}","templated":true}]}}