{"id":104,"date":"2020-03-08T15:58:24","date_gmt":"2020-03-08T14:58:24","guid":{"rendered":"http:\/\/krippenspiele.d-hauser.com\/?page_id=104"},"modified":"2020-03-08T18:46:19","modified_gmt":"2020-03-08T17:46:19","slug":"rudelzhausener-kr-4","status":"publish","type":"page","link":"https:\/\/krippenspiele.d-hauser.com\/?page_id=104","title":{"rendered":"Rudelzhausener Kr. 4"},"content":{"rendered":"\n<h2 class=\"wp-block-heading\"><strong>Rudelzhausener Weihnachtsspiel <\/strong><strong>2004<\/strong><\/h2>\n\n\n\n<p>Maria Seidel: <em>Ein Wunder ist geschehen: Gott kam in unsere Welt: einfach, arm und menschlich, hilflos, schwach und klein. Sucht ihn! Macht euch auf den Weg! Sucht ihn nicht \u00fcber den Sternen, nicht hinter Schaufenstern, nicht unter Bergen von Geschenken. Sucht ihn in Bethlehem und \u00fcberall dort, wo ihr selbst arm und traurig seid, wo ihr Angst habt und leidet, wo ihr in Not und Schuld seid. Da hat er sich verborgen, da werdet ihr ihn finden wie ein Licht in dunkler Nacht, wie eine bl\u00fchende Rose im kalten Winter, wie eine w\u00e4rmende Hand, die euch h\u00e4lt, wie eine tr\u00f6stende Stimme, die leise sagt: <br><\/em>F\u00fcrchtet euch nicht! In Bethlehem ist f\u00fcr euch heute der Heiland geboren, Jesus Christus, der Retter der Welt.<\/p>\n\n\n\n<p>Antonia: <em>Sage, wo ist Bethlehem?<\/em><\/p>\n\n\n\n<p>Maria Seidel: <em>Betlehem ist dort, wo Menschen arm und verloren sind, wo sie leben mit Verschlossenen Herzen und Ohren.<\/em><\/p>\n\n\n\n<p>Antonia: <em>Bethlehem, ist es auch bei uns?<\/em><\/p>\n\n\n\n<p>Maria Seidel: <em>Bethlehem ist dort, wo Menschen traurig sind, in Dunkelheit und Schuld Leben.<\/em><\/p>\n\n\n\n<p>Musikvorschlag: Es ist ein Ros entsprungen &#8211; oder instrumental<\/p>\n\n\n\n<p>Lukas der Erz\u00e4hler: <em>Ich bin der Evangelist Lukas. Vor vielen hundert Jahren wurde mir die folgende Geschichte erz\u00e4hlt. Es ist die Geschichte von der Geburt eines Kindes, das dann sp\u00e4ter noch f\u00fcr gro\u00dfes Aufsehen gesorgt hat. Es ist die Geschichte von der Geburt Jesu. Ich habe sie aufgeschrieben, damit die Menschen viele Jahre sp\u00e4ter immer wieder h\u00f6ren, wie das damals in Bethlehem gewesen ist. So m\u00f6chte ich Euch jetzt diese Geschichte erz\u00e4hlen, wie sie auch mir erz\u00e4hlt wurde:<\/em><\/p>\n\n\n\n<p><em>Aus Rom kam der Befehl vom Kaiser Augustus: Jeder in seinem Reich soll aufgeschrieben werden. Dazu soll jeder dorthin gehen, wo er geboren ist. Josef geht nach Bethlehem . Dort stammt er her. Er stammt vom K\u00f6nig David ab. Maria geht mit Josef. Maria soll bald ihr Kind: zur Welt bringen.<\/em><\/p>\n\n\n\n<p>Josef: <em>Maria, kannst du noch, mein Schatz? Wir sind gleich da. Ich besorg uns nur noch ein Quartier f\u00fcr die Nacht. Du musst dich unbedingt ausruhen und hinlegen. Denkst du, du h\u00e4ltst noch durch bis wir wieder in Nazareth sind?<\/em><\/p>\n\n\n\n<p>Maria: <em>Mach dir keine Sorgen lieber Josef &#8211; ich bin zwar recht m\u00fcde \u2013 aber Gott sorgt f\u00fcr uns &#8211; und es wird uns an nichts fehlen. Vertraue nur.<\/em><\/p>\n\n\n\n<p>Josef: <em>Da hinten ist ein Gasthof! Da frage ich mal nach einem Quartier!<\/em><\/p>\n\n\n\n<p>1. Wirt: <em>Wow, diese Volksz\u00e4hlung ist echt der Preisknaller. Die \u00dcbernachtungskosten habe ich verf\u00fcnffacht und trotzdem ist die Bude noch voll. Was kommen denn da f\u00fcr zwei Gestalten rein? Hey, hier ist aber kein Platz mehr f\u00fcr euch. Meine Herberge ist randvoll bis obenhin.<\/em><\/p>\n\n\n\n<p>Josef: <em>Bitte, mein Herr, nur f\u00fcr eine Nacht. Meine Frau ist hochschwanger und kann nicht mehr. Nur ein kleines Zimmer. Ich flehe euch an.<\/em><\/p>\n\n\n\n<p>1. Wirt: <em>Ich sagte doch, die Herberge ist voll. Schert euch weg, sonst rufe ich die Polizei.<\/em><\/p>\n\n\n\n<p>Josef: <em>Da schau Maria \u2013 Da ist noch eine andere Herberge in der noch Licht brennt. Herr Wirt, haben sie noch ein kleines Zimmer frei, f\u00fcr meine schwangere Frau und mich?<\/em><\/p>\n\n\n\n<p>2. Wirt: <em>Tut mir leid, ich bin voll ausgebucht. Wenn noch mehr Leute ankommen, muss ich die vermutlich im Stall unterbringen, so \u00fcberf\u00fcllt bin ich. Versuchen Sie es am besten noch mal in anderen Herbergen.<\/em><\/p>\n\n\n\n<p>Josef: <em>Sie haben gesagt, der Stall w\u00e4re noch frei? Bitte, dann lassen sie uns da \u00fcbernachten. Das macht uns doch nichts aus. Hauptsache, wir haben endlich ein Dach \u00fcber dem Kopf. Gott wird euch segnen.<\/em><\/p>\n\n\n\n<p>2. Wirt: <em>Da habe ich viel davon. Aber, na gut, wenn es ihnen nichts ausmacht . Aber der Preis bleibt der gleiche! Folgen Sie mir!<\/em><\/p>\n\n\n\n<p>Lukas der Erz\u00e4hler: <em>Auf dem Feld bei Bethlehem sind Hirten. Sie sind bei ihren Schafen. Sie sollen auf die Schafe Acht geben, damit kein wildes Tier kommt und sie auffrisst. Aber sie sind eingeschlafen. Doch pl\u00f6tzlich werden sie von einem wunderbaren Licht geweckt.<\/em><\/p>\n\n\n\n<p>Instrumental: <em>Engel ziehen ein. <\/em><\/p>\n\n\n\n<p><em>Vom Himmel Hoch da komm ich her.<\/em><\/p>\n\n\n\n<p>Engel: <em>Vom Himmel hoch \u2013 da komm ich her. Ich bring euch gute, neue M\u00e4r: <br>Euch ist ein Kindlein heut geboren- von einer Jungfrau auserkoren. <br>Ein Kindelein so zart und fein, das soll eur Freud und Wonne sein. <br>Es ist der Herr, Christ, unser Gott. Der will euch f\u00fchrn aus aller Not. <br>Das Kind: liegt in der Kripp im Stall. In Windeln liegt der Herr des All.<\/em><\/p>\n\n\n\n<p>Instrumental:<\/p>\n\n\n\n<p>1. Hirte: <em>Das muss ein Engel gewesen sein. Habt ihr geh\u00f6rt, was er gesagt hat. Uns ist der Heiland geboren.<\/em><\/p>\n\n\n\n<p>2. Hirte: <em>Und er ist der Friedensf\u00fcrst, er wird uns alle erl\u00f6sen.<\/em><\/p>\n\n\n\n<p>3. Hirte: <em>Kommt, wir wollen uns auf den Weg machen und ihn suchen. <\/em><\/p>\n\n\n\n<p>4. Hirte: In einem Stall hat der Engel gesagt. In Bethlehem dr\u00fcben. Kommt lass uns ihn suchen.<\/p>\n\n\n\n<p><em>Hirten ziehen zur Sakristei aus.<\/em><\/p>\n\n\n\n<p>LIED: Kommet ihr Hirten, ihr M\u00e4nner und Fraun.<\/p>\n\n\n\n<p><em>Maria und Josef legen Jesus in die Krippe<\/em>.<\/p>\n\n\n\n<p>Lukas der Erz\u00e4hler: H i e r ist Bethlehem &#8211; der Stall &#8211; Jesus ist geboren &#8211;<\/p>\n\n\n\n<p>LIED: Zu Bethlehem geboren: 1. Strophe<\/p>\n\n\n\n<p>Hirte 1: Zu Bethlehem geboren: 2. Strophe<\/p>\n\n\n\n<p>LIED: Zu Bethlehem geboren: 3. Strophe<\/p>\n\n\n\n<p>Antonia: <em>Kommt vom Kirchenschiff mit einer Schale Erde zur Krippe: Ich bringe eine Schale mit Erde. Gott hat uns diese Erde geschenkt, damit wir sie h\u00fcten und pflegen. Ich bitte f\u00fcr alle Menschen, die auf dieser Erde leben. Jesus, du bist auch diese Erde gekommen, damit sie f\u00fcr uns zum Himmel wird.<\/em><\/p>\n\n\n\n<p>Veronika Seidel: <em>Kommt vom Kirchenschiff mit einem Krug Wasser zur Krippe: Ich bringe einen Krug, der aus Erde geformt ist. Ich bringe darin klares, sauberes Wasser. Wasser schenkt Leben. Ich bitte f\u00fcr alle Menschen, die Durst haben nach Liebe und Leben und f\u00fcr alle, die verdursten m\u00fcssen, weil ihnen frisches Wasser fehlt. Jesus, du bist das lebendige Wasser. Du willst unseren Durst nach Liebe und Leben stillen.<\/em><\/p>\n\n\n\n<p>LIED: Oh du fr\u00f6hliche ..<\/p>\n","protected":false},"excerpt":{"rendered":"<div class=\"mh-excerpt\"><p>Rudelzhausener Weihnachtsspiel 2004 Maria Seidel: Ein Wunder ist geschehen: Gott kam in unsere Welt: einfach, arm und menschlich, hilflos, schwach und klein. Sucht ihn! Macht euch auf den Weg! Sucht ihn nicht \u00fcber den Sternen, <a class=\"mh-excerpt-more\" href=\"https:\/\/krippenspiele.d-hauser.com\/?page_id=104\" title=\"Rudelzhausener Kr. 4\">[&#8230;]<\/a><\/p>\n<\/div>","protected":false},"author":1,"featured_media":0,"parent":2,"menu_order":0,"comment_status":"closed","ping_status":"closed","template":"","meta":{"footnotes":""},"class_list":["post-104","page","type-page","status-publish"],"_links":{"self":[{"href":"https:\/\/krippenspiele.d-hauser.com\/index.php?rest_route=\/wp\/v2\/pages\/104","targetHints":{"allow":["GET"]}}],"collection":[{"href":"https:\/\/krippenspiele.d-hauser.com\/index.php?rest_route=\/wp\/v2\/pages"}],"about":[{"href":"https:\/\/krippenspiele.d-hauser.com\/index.php?rest_route=\/wp\/v2\/types\/page"}],"author":[{"embeddable":true,"href":"https:\/\/krippenspiele.d-hauser.com\/index.php?rest_route=\/wp\/v2\/users\/1"}],"replies":[{"embeddable":true,"href":"https:\/\/krippenspiele.d-hauser.com\/index.php?rest_route=%2Fwp%2Fv2%2Fcomments&post=104"}],"version-history":[{"count":1,"href":"https:\/\/krippenspiele.d-hauser.com\/index.php?rest_route=\/wp\/v2\/pages\/104\/revisions"}],"predecessor-version":[{"id":105,"href":"https:\/\/krippenspiele.d-hauser.com\/index.php?rest_route=\/wp\/v2\/pages\/104\/revisions\/105"}],"up":[{"embeddable":true,"href":"https:\/\/krippenspiele.d-hauser.com\/index.php?rest_route=\/wp\/v2\/pages\/2"}],"wp:attachment":[{"href":"https:\/\/krippenspiele.d-hauser.com\/index.php?rest_route=%2Fwp%2Fv2%2Fmedia&parent=104"}],"curies":[{"name":"wp","href":"https:\/\/api.w.org\/{rel}","templated":true}]}}